{"id":8397,"date":"2024-06-02T11:48:34","date_gmt":"2024-06-02T11:48:34","guid":{"rendered":"https:\/\/new.decomarcgifts.com\/?post_type=product&#038;p=8397"},"modified":"2026-02-12T09:34:07","modified_gmt":"2026-02-12T09:34:07","slug":"heart-of-acrylic-flowers","status":"publish","type":"product","link":"https:\/\/decomarcgifts.com\/en\/product\/heart-of-acrylic-flowers\/","title":{"rendered":"ACRYLIC flower heart"},"content":{"rendered":"<p>ACRYLIC flower heart shaped box with natural flowers<\/p>\n<p>available colors pink, black, red, pink<\/p>\n<p>You can, of course, personalize your Box when we call to confirm your order.<\/p>\n<p>0674971315<\/p>","protected":false},"excerpt":{"rendered":"<p>Boite se forme C\u0153ur de fleurs ACRYLIQUE avec des fleurs naturelles les couleurs disponible rose , noir, rouge,rose Vous pouvez \u00e9videment personnalis\u00e9 votre Box lors de notre appel t\u00e9l\u00e9phonique de confirmation de la commande. 0674971315<\/p>","protected":false},"featured_media":8398,"template":"","meta":{"_monsterinsights_skip_tracking":false,"_monsterinsights_sitenote_active":false,"_monsterinsights_sitenote_note":"","_monsterinsights_sitenote_category":0,"_joinchat":[]},"product_brand":[],"product_cat":[16,27,20,21,22,33],"product_tag":[],"class_list":{"0":"post-8397","1":"product","2":"type-product","3":"status-publish","4":"has-post-thumbnail","6":"product_cat-boites-fleurs","7":"product_cat-cadeau-pour-maman","8":"product_cat-cadeaux-pour-femme","9":"product_cat-cadeaux-pour-homme","10":"product_cat-cadeaux-saint-valentin","11":"product_cat-top-de-vente","14":"instock","15":"shipping-taxable","16":"purchasable","17":"product-type-simple"},"yoast_head":"<!-- This site is optimized with the Yoast SEO plugin v27.1.1 - https:\/\/yoast.com\/product\/yoast-seo-wordpress\/ -->\n<title>C\u0153ur de fleurs ACRYLIQUE Casablanca Rabat Tanger Marakkech Maroc<\/title>\n<meta name=\"description\" content=\"C\u0153ur de fleurs ACRYLIQUE Casablanca Rabat Tanger Marakkech Maroc\" \/>\n<meta name=\"robots\" content=\"index, follow, max-snippet:-1, max-image-preview:large, max-video-preview:-1\" \/>\n<link rel=\"canonical\" href=\"https:\/\/decomarcgifts.com\/en\/product\/heart-of-acrylic-flowers\/\" \/>\n<meta property=\"og:locale\" content=\"en_US\" \/>\n<meta property=\"og:type\" content=\"article\" \/>\n<meta property=\"og:title\" content=\"C\u0153ur de fleurs ACRYLIQUE Casablanca Rabat Tanger Marakkech Maroc\" \/>\n<meta property=\"og:description\" content=\"C\u0153ur de fleurs ACRYLIQUE Casablanca Rabat Tanger Marakkech Maroc\" \/>\n<meta property=\"og:url\" content=\"https:\/\/decomarcgifts.com\/en\/product\/heart-of-acrylic-flowers\/\" \/>\n<meta property=\"og:site_name\" content=\"Deco &amp; Marc\" \/>\n<meta property=\"article:modified_time\" content=\"2026-02-12T09:34:07+00:00\" \/>\n<meta property=\"og:image\" content=\"https:\/\/decomarcgifts.com\/wp-content\/uploads\/2025\/09\/RosesinaBox-Heart-Burgundy_2400x.webp\" \/>\n\t<meta property=\"og:image:width\" content=\"2250\" \/>\n\t<meta property=\"og:image:height\" content=\"2250\" \/>\n\t<meta property=\"og:image:type\" content=\"image\/webp\" \/>\n<meta name=\"twitter:card\" content=\"summary_large_image\" \/>\n<meta name=\"twitter:label1\" content=\"Est. reading time\" \/>\n\t<meta name=\"twitter:data1\" content=\"1 minute\" \/>\n<script type=\"application\/ld+json\" class=\"yoast-schema-graph\">{\"@context\":\"https:\/\/schema.org\",\"@graph\":[{\"@type\":\"WebPage\",\"@id\":\"https:\/\/decomarcgifts.com\/produit\/coeur-de-fleurs-acrylique\/\",\"url\":\"https:\/\/decomarcgifts.com\/produit\/coeur-de-fleurs-acrylique\/\",\"name\":\"C\u0153ur de fleurs ACRYLIQUE Casablanca Rabat Tanger Marakkech Maroc\",\"isPartOf\":{\"@id\":\"https:\/\/decomarcgifts.com\/#website\"},\"primaryImageOfPage\":{\"@id\":\"https:\/\/decomarcgifts.com\/produit\/coeur-de-fleurs-acrylique\/#primaryimage\"},\"image\":{\"@id\":\"https:\/\/decomarcgifts.com\/produit\/coeur-de-fleurs-acrylique\/#primaryimage\"},\"thumbnailUrl\":\"https:\/\/decomarcgifts.com\/wp-content\/uploads\/2025\/09\/RosesinaBox-Heart-Burgundy_2400x.webp\",\"datePublished\":\"2024-06-02T11:48:34+00:00\",\"dateModified\":\"2026-02-12T09:34:07+00:00\",\"description\":\"C\u0153ur de fleurs ACRYLIQUE Casablanca Rabat Tanger Marakkech Maroc\",\"breadcrumb\":{\"@id\":\"https:\/\/decomarcgifts.com\/produit\/coeur-de-fleurs-acrylique\/#breadcrumb\"},\"inLanguage\":\"en-US\",\"potentialAction\":[{\"@type\":\"ReadAction\",\"target\":[\"https:\/\/decomarcgifts.com\/produit\/coeur-de-fleurs-acrylique\/\"]}]},{\"@type\":\"ImageObject\",\"inLanguage\":\"en-US\",\"@id\":\"https:\/\/decomarcgifts.com\/produit\/coeur-de-fleurs-acrylique\/#primaryimage\",\"url\":\"https:\/\/decomarcgifts.com\/wp-content\/uploads\/2025\/09\/RosesinaBox-Heart-Burgundy_2400x.webp\",\"contentUrl\":\"https:\/\/decomarcgifts.com\/wp-content\/uploads\/2025\/09\/RosesinaBox-Heart-Burgundy_2400x.webp\",\"width\":2250,\"height\":2250},{\"@type\":\"BreadcrumbList\",\"@id\":\"https:\/\/decomarcgifts.com\/produit\/coeur-de-fleurs-acrylique\/#breadcrumb\",\"itemListElement\":[{\"@type\":\"ListItem\",\"position\":1,\"name\":\"Accueil\",\"item\":\"https:\/\/decomarcgifts.com\/\"},{\"@type\":\"ListItem\",\"position\":2,\"name\":\"Catalogue\",\"item\":\"https:\/\/decomarcgifts.com\/catalogue\/\"},{\"@type\":\"ListItem\",\"position\":3,\"name\":\"C\u0153ur de fleurs ACRYLIQUE\"}]},{\"@type\":\"WebSite\",\"@id\":\"https:\/\/decomarcgifts.com\/#website\",\"url\":\"https:\/\/decomarcgifts.com\/\",\"name\":\"Deco &amp; Marc\",\"description\":\"L&#039;\u00e9l\u00e9gance au plus que parfait\",\"potentialAction\":[{\"@type\":\"SearchAction\",\"target\":{\"@type\":\"EntryPoint\",\"urlTemplate\":\"https:\/\/decomarcgifts.com\/?s={search_term_string}\"},\"query-input\":{\"@type\":\"PropertyValueSpecification\",\"valueRequired\":true,\"valueName\":\"search_term_string\"}}],\"inLanguage\":\"en-US\"}]}<\/script>\n<!-- \/ Yoast SEO plugin. -->","yoast_head_json":{"title":"Heart of flowers ACRYLIC Casablanca Rabat Tangier Marakkech Morocco","description":"Heart of flowers ACRYLIC Casablanca Rabat Tangier Marakkech Morocco","robots":{"index":"index","follow":"follow","max-snippet":"max-snippet:-1","max-image-preview":"max-image-preview:large","max-video-preview":"max-video-preview:-1"},"canonical":"https:\/\/decomarcgifts.com\/en\/product\/heart-of-acrylic-flowers\/","og_locale":"en_US","og_type":"article","og_title":"C\u0153ur de fleurs ACRYLIQUE Casablanca Rabat Tanger Marakkech Maroc","og_description":"C\u0153ur de fleurs ACRYLIQUE Casablanca Rabat Tanger Marakkech Maroc","og_url":"https:\/\/decomarcgifts.com\/en\/product\/heart-of-acrylic-flowers\/","og_site_name":"Deco &amp; Marc","article_modified_time":"2026-02-12T09:34:07+00:00","og_image":[{"width":2250,"height":2250,"url":"https:\/\/decomarcgifts.com\/wp-content\/uploads\/2025\/09\/RosesinaBox-Heart-Burgundy_2400x.webp","type":"image\/webp"}],"twitter_card":"summary_large_image","twitter_misc":{"Est. reading time":"1 minute"},"schema":{"@context":"https:\/\/schema.org","@graph":[{"@type":"WebPage","@id":"https:\/\/decomarcgifts.com\/produit\/coeur-de-fleurs-acrylique\/","url":"https:\/\/decomarcgifts.com\/produit\/coeur-de-fleurs-acrylique\/","name":"Heart of flowers ACRYLIC Casablanca Rabat Tangier Marakkech Morocco","isPartOf":{"@id":"https:\/\/decomarcgifts.com\/#website"},"primaryImageOfPage":{"@id":"https:\/\/decomarcgifts.com\/produit\/coeur-de-fleurs-acrylique\/#primaryimage"},"image":{"@id":"https:\/\/decomarcgifts.com\/produit\/coeur-de-fleurs-acrylique\/#primaryimage"},"thumbnailUrl":"https:\/\/decomarcgifts.com\/wp-content\/uploads\/2025\/09\/RosesinaBox-Heart-Burgundy_2400x.webp","datePublished":"2024-06-02T11:48:34+00:00","dateModified":"2026-02-12T09:34:07+00:00","description":"Heart of flowers ACRYLIC Casablanca Rabat Tangier Marakkech Morocco","breadcrumb":{"@id":"https:\/\/decomarcgifts.com\/produit\/coeur-de-fleurs-acrylique\/#breadcrumb"},"inLanguage":"en-US","potentialAction":[{"@type":"ReadAction","target":["https:\/\/decomarcgifts.com\/produit\/coeur-de-fleurs-acrylique\/"]}]},{"@type":"ImageObject","inLanguage":"en-US","@id":"https:\/\/decomarcgifts.com\/produit\/coeur-de-fleurs-acrylique\/#primaryimage","url":"https:\/\/decomarcgifts.com\/wp-content\/uploads\/2025\/09\/RosesinaBox-Heart-Burgundy_2400x.webp","contentUrl":"https:\/\/decomarcgifts.com\/wp-content\/uploads\/2025\/09\/RosesinaBox-Heart-Burgundy_2400x.webp","width":2250,"height":2250},{"@type":"BreadcrumbList","@id":"https:\/\/decomarcgifts.com\/produit\/coeur-de-fleurs-acrylique\/#breadcrumb","itemListElement":[{"@type":"ListItem","position":1,"name":"Accueil","item":"https:\/\/decomarcgifts.com\/"},{"@type":"ListItem","position":2,"name":"Catalogue","item":"https:\/\/decomarcgifts.com\/catalogue\/"},{"@type":"ListItem","position":3,"name":"C\u0153ur de fleurs ACRYLIQUE"}]},{"@type":"WebSite","@id":"https:\/\/decomarcgifts.com\/#website","url":"https:\/\/decomarcgifts.com\/","name":"Deco &amp; Marc","description":"More than perfect elegance","potentialAction":[{"@type":"SearchAction","target":{"@type":"EntryPoint","urlTemplate":"https:\/\/decomarcgifts.com\/?s={search_term_string}"},"query-input":{"@type":"PropertyValueSpecification","valueRequired":true,"valueName":"search_term_string"}}],"inLanguage":"en-US"}]}},"_links":{"self":[{"href":"https:\/\/decomarcgifts.com\/en\/wp-json\/wp\/v2\/product\/8397","targetHints":{"allow":["GET"]}}],"collection":[{"href":"https:\/\/decomarcgifts.com\/en\/wp-json\/wp\/v2\/product"}],"about":[{"href":"https:\/\/decomarcgifts.com\/en\/wp-json\/wp\/v2\/types\/product"}],"wp:featuredmedia":[{"embeddable":true,"href":"https:\/\/decomarcgifts.com\/en\/wp-json\/wp\/v2\/media\/8398"}],"wp:attachment":[{"href":"https:\/\/decomarcgifts.com\/en\/wp-json\/wp\/v2\/media?parent=8397"}],"wp:term":[{"taxonomy":"product_brand","embeddable":true,"href":"https:\/\/decomarcgifts.com\/en\/wp-json\/wp\/v2\/product_brand?post=8397"},{"taxonomy":"product_cat","embeddable":true,"href":"https:\/\/decomarcgifts.com\/en\/wp-json\/wp\/v2\/product_cat?post=8397"},{"taxonomy":"product_tag","embeddable":true,"href":"https:\/\/decomarcgifts.com\/en\/wp-json\/wp\/v2\/product_tag?post=8397"}],"curies":[{"name":"wp","href":"https:\/\/api.w.org\/{rel}","templated":true}]}}