{"id":7267,"date":"2022-06-09T10:52:44","date_gmt":"2022-06-09T10:52:44","guid":{"rendered":"https:\/\/new.decomarcgifts.com\/?post_type=product&#038;p=7267"},"modified":"2025-09-28T11:15:06","modified_gmt":"2025-09-28T11:15:06","slug":"led-bedside-lamp-with-personalized-name-letters","status":"publish","type":"product","link":"https:\/\/decomarcgifts.com\/en\/product\/led-bedside-lamp-with-personalized-name-letters\/","title":{"rendered":"LED bedside lamp with personalized first name letters"},"content":{"rendered":"","protected":false},"excerpt":{"rendered":"","protected":false},"featured_media":7268,"template":"","meta":{"_monsterinsights_skip_tracking":false,"_monsterinsights_sitenote_active":false,"_monsterinsights_sitenote_note":"","_monsterinsights_sitenote_category":0,"_joinchat":[]},"product_brand":[],"product_cat":[27,19,20],"product_tag":[],"class_list":{"0":"post-7267","1":"product","2":"type-product","3":"status-publish","4":"has-post-thumbnail","6":"product_cat-cadeau-pour-maman","7":"product_cat-cadeaux_personnalises","8":"product_cat-cadeaux-pour-femme","11":"instock","12":"shipping-taxable","13":"purchasable","14":"product-type-simple"},"yoast_head":"<!-- This site is optimized with the Yoast SEO plugin v27.1.1 - https:\/\/yoast.com\/product\/yoast-seo-wordpress\/ -->\n<title>Lampe de chevet LED lettres pr\u00e9nom personnalis\u00e9 Casablanca Rabat Tanger Marakkech Maroc<\/title>\n<meta name=\"description\" content=\"Lampe de chevet LED lettres pr\u00e9nom personnalis\u00e9 Casablanca Rabat Tanger Marakkech Maroc\" \/>\n<meta name=\"robots\" content=\"index, follow, max-snippet:-1, max-image-preview:large, max-video-preview:-1\" \/>\n<link rel=\"canonical\" href=\"https:\/\/decomarcgifts.com\/en\/product\/led-bedside-lamp-with-personalized-name-letters\/\" \/>\n<meta property=\"og:locale\" content=\"en_US\" \/>\n<meta property=\"og:type\" content=\"article\" \/>\n<meta property=\"og:title\" content=\"Lampe de chevet LED lettres pr\u00e9nom personnalis\u00e9 Casablanca Rabat Tanger Marakkech Maroc\" \/>\n<meta property=\"og:description\" content=\"Lampe de chevet LED lettres pr\u00e9nom personnalis\u00e9 Casablanca Rabat Tanger Marakkech Maroc\" \/>\n<meta property=\"og:url\" content=\"https:\/\/decomarcgifts.com\/en\/product\/led-bedside-lamp-with-personalized-name-letters\/\" \/>\n<meta property=\"og:site_name\" content=\"Deco &amp; Marc\" \/>\n<meta property=\"article:modified_time\" content=\"2025-09-28T11:15:06+00:00\" \/>\n<meta property=\"og:image\" content=\"https:\/\/decomarcgifts.com\/wp-content\/uploads\/2025\/09\/4d874dd421830a335dd86a617385eb5b.jpg\" \/>\n\t<meta property=\"og:image:width\" content=\"1080\" \/>\n\t<meta property=\"og:image:height\" content=\"1080\" \/>\n\t<meta property=\"og:image:type\" content=\"image\/jpeg\" \/>\n<meta name=\"twitter:card\" content=\"summary_large_image\" \/>\n<script type=\"application\/ld+json\" class=\"yoast-schema-graph\">{\"@context\":\"https:\/\/schema.org\",\"@graph\":[{\"@type\":\"WebPage\",\"@id\":\"https:\/\/decomarcgifts.com\/produit\/lampe-de-chevet-led-lettres-prenom-personnalise\/\",\"url\":\"https:\/\/decomarcgifts.com\/produit\/lampe-de-chevet-led-lettres-prenom-personnalise\/\",\"name\":\"Lampe de chevet LED lettres pr\u00e9nom personnalis\u00e9 Casablanca Rabat Tanger Marakkech Maroc\",\"isPartOf\":{\"@id\":\"https:\/\/decomarcgifts.com\/#website\"},\"primaryImageOfPage\":{\"@id\":\"https:\/\/decomarcgifts.com\/produit\/lampe-de-chevet-led-lettres-prenom-personnalise\/#primaryimage\"},\"image\":{\"@id\":\"https:\/\/decomarcgifts.com\/produit\/lampe-de-chevet-led-lettres-prenom-personnalise\/#primaryimage\"},\"thumbnailUrl\":\"https:\/\/decomarcgifts.com\/wp-content\/uploads\/2025\/09\/4d874dd421830a335dd86a617385eb5b.jpg\",\"datePublished\":\"2022-06-09T10:52:44+00:00\",\"dateModified\":\"2025-09-28T11:15:06+00:00\",\"description\":\"Lampe de chevet LED lettres pr\u00e9nom personnalis\u00e9 Casablanca Rabat Tanger Marakkech Maroc\",\"breadcrumb\":{\"@id\":\"https:\/\/decomarcgifts.com\/produit\/lampe-de-chevet-led-lettres-prenom-personnalise\/#breadcrumb\"},\"inLanguage\":\"en-US\",\"potentialAction\":[{\"@type\":\"ReadAction\",\"target\":[\"https:\/\/decomarcgifts.com\/produit\/lampe-de-chevet-led-lettres-prenom-personnalise\/\"]}]},{\"@type\":\"ImageObject\",\"inLanguage\":\"en-US\",\"@id\":\"https:\/\/decomarcgifts.com\/produit\/lampe-de-chevet-led-lettres-prenom-personnalise\/#primaryimage\",\"url\":\"https:\/\/decomarcgifts.com\/wp-content\/uploads\/2025\/09\/4d874dd421830a335dd86a617385eb5b.jpg\",\"contentUrl\":\"https:\/\/decomarcgifts.com\/wp-content\/uploads\/2025\/09\/4d874dd421830a335dd86a617385eb5b.jpg\",\"width\":1080,\"height\":1080},{\"@type\":\"BreadcrumbList\",\"@id\":\"https:\/\/decomarcgifts.com\/produit\/lampe-de-chevet-led-lettres-prenom-personnalise\/#breadcrumb\",\"itemListElement\":[{\"@type\":\"ListItem\",\"position\":1,\"name\":\"Accueil\",\"item\":\"https:\/\/decomarcgifts.com\/\"},{\"@type\":\"ListItem\",\"position\":2,\"name\":\"Catalogue\",\"item\":\"https:\/\/decomarcgifts.com\/catalogue\/\"},{\"@type\":\"ListItem\",\"position\":3,\"name\":\"Lampe de chevet LED lettres pr\u00e9nom personnalis\u00e9\"}]},{\"@type\":\"WebSite\",\"@id\":\"https:\/\/decomarcgifts.com\/#website\",\"url\":\"https:\/\/decomarcgifts.com\/\",\"name\":\"Deco &amp; Marc\",\"description\":\"L&#039;\u00e9l\u00e9gance au plus que parfait\",\"potentialAction\":[{\"@type\":\"SearchAction\",\"target\":{\"@type\":\"EntryPoint\",\"urlTemplate\":\"https:\/\/decomarcgifts.com\/?s={search_term_string}\"},\"query-input\":{\"@type\":\"PropertyValueSpecification\",\"valueRequired\":true,\"valueName\":\"search_term_string\"}}],\"inLanguage\":\"en-US\"}]}<\/script>\n<!-- \/ Yoast SEO plugin. -->","yoast_head_json":{"title":"LED bedside lamp personalized letters Casablanca Rabat Tangier Marakkech Morocco","description":"LED bedside lamp personalized letters Casablanca Rabat Tangier Marakkech Morocco","robots":{"index":"index","follow":"follow","max-snippet":"max-snippet:-1","max-image-preview":"max-image-preview:large","max-video-preview":"max-video-preview:-1"},"canonical":"https:\/\/decomarcgifts.com\/en\/product\/led-bedside-lamp-with-personalized-name-letters\/","og_locale":"en_US","og_type":"article","og_title":"Lampe de chevet LED lettres pr\u00e9nom personnalis\u00e9 Casablanca Rabat Tanger Marakkech Maroc","og_description":"Lampe de chevet LED lettres pr\u00e9nom personnalis\u00e9 Casablanca Rabat Tanger Marakkech Maroc","og_url":"https:\/\/decomarcgifts.com\/en\/product\/led-bedside-lamp-with-personalized-name-letters\/","og_site_name":"Deco &amp; Marc","article_modified_time":"2025-09-28T11:15:06+00:00","og_image":[{"width":1080,"height":1080,"url":"https:\/\/decomarcgifts.com\/wp-content\/uploads\/2025\/09\/4d874dd421830a335dd86a617385eb5b.jpg","type":"image\/jpeg"}],"twitter_card":"summary_large_image","schema":{"@context":"https:\/\/schema.org","@graph":[{"@type":"WebPage","@id":"https:\/\/decomarcgifts.com\/produit\/lampe-de-chevet-led-lettres-prenom-personnalise\/","url":"https:\/\/decomarcgifts.com\/produit\/lampe-de-chevet-led-lettres-prenom-personnalise\/","name":"LED bedside lamp personalized letters Casablanca Rabat Tangier Marakkech Morocco","isPartOf":{"@id":"https:\/\/decomarcgifts.com\/#website"},"primaryImageOfPage":{"@id":"https:\/\/decomarcgifts.com\/produit\/lampe-de-chevet-led-lettres-prenom-personnalise\/#primaryimage"},"image":{"@id":"https:\/\/decomarcgifts.com\/produit\/lampe-de-chevet-led-lettres-prenom-personnalise\/#primaryimage"},"thumbnailUrl":"https:\/\/decomarcgifts.com\/wp-content\/uploads\/2025\/09\/4d874dd421830a335dd86a617385eb5b.jpg","datePublished":"2022-06-09T10:52:44+00:00","dateModified":"2025-09-28T11:15:06+00:00","description":"LED bedside lamp personalized letters Casablanca Rabat Tangier Marakkech Morocco","breadcrumb":{"@id":"https:\/\/decomarcgifts.com\/produit\/lampe-de-chevet-led-lettres-prenom-personnalise\/#breadcrumb"},"inLanguage":"en-US","potentialAction":[{"@type":"ReadAction","target":["https:\/\/decomarcgifts.com\/produit\/lampe-de-chevet-led-lettres-prenom-personnalise\/"]}]},{"@type":"ImageObject","inLanguage":"en-US","@id":"https:\/\/decomarcgifts.com\/produit\/lampe-de-chevet-led-lettres-prenom-personnalise\/#primaryimage","url":"https:\/\/decomarcgifts.com\/wp-content\/uploads\/2025\/09\/4d874dd421830a335dd86a617385eb5b.jpg","contentUrl":"https:\/\/decomarcgifts.com\/wp-content\/uploads\/2025\/09\/4d874dd421830a335dd86a617385eb5b.jpg","width":1080,"height":1080},{"@type":"BreadcrumbList","@id":"https:\/\/decomarcgifts.com\/produit\/lampe-de-chevet-led-lettres-prenom-personnalise\/#breadcrumb","itemListElement":[{"@type":"ListItem","position":1,"name":"Accueil","item":"https:\/\/decomarcgifts.com\/"},{"@type":"ListItem","position":2,"name":"Catalogue","item":"https:\/\/decomarcgifts.com\/catalogue\/"},{"@type":"ListItem","position":3,"name":"Lampe de chevet LED lettres pr\u00e9nom personnalis\u00e9"}]},{"@type":"WebSite","@id":"https:\/\/decomarcgifts.com\/#website","url":"https:\/\/decomarcgifts.com\/","name":"Deco &amp; Marc","description":"More than perfect elegance","potentialAction":[{"@type":"SearchAction","target":{"@type":"EntryPoint","urlTemplate":"https:\/\/decomarcgifts.com\/?s={search_term_string}"},"query-input":{"@type":"PropertyValueSpecification","valueRequired":true,"valueName":"search_term_string"}}],"inLanguage":"en-US"}]}},"_links":{"self":[{"href":"https:\/\/decomarcgifts.com\/en\/wp-json\/wp\/v2\/product\/7267","targetHints":{"allow":["GET"]}}],"collection":[{"href":"https:\/\/decomarcgifts.com\/en\/wp-json\/wp\/v2\/product"}],"about":[{"href":"https:\/\/decomarcgifts.com\/en\/wp-json\/wp\/v2\/types\/product"}],"wp:featuredmedia":[{"embeddable":true,"href":"https:\/\/decomarcgifts.com\/en\/wp-json\/wp\/v2\/media\/7268"}],"wp:attachment":[{"href":"https:\/\/decomarcgifts.com\/en\/wp-json\/wp\/v2\/media?parent=7267"}],"wp:term":[{"taxonomy":"product_brand","embeddable":true,"href":"https:\/\/decomarcgifts.com\/en\/wp-json\/wp\/v2\/product_brand?post=7267"},{"taxonomy":"product_cat","embeddable":true,"href":"https:\/\/decomarcgifts.com\/en\/wp-json\/wp\/v2\/product_cat?post=7267"},{"taxonomy":"product_tag","embeddable":true,"href":"https:\/\/decomarcgifts.com\/en\/wp-json\/wp\/v2\/product_tag?post=7267"}],"curies":[{"name":"wp","href":"https:\/\/api.w.org\/{rel}","templated":true}]}}