{"id":6165,"date":"2022-05-12T11:12:56","date_gmt":"2022-05-12T11:12:56","guid":{"rendered":"https:\/\/new.decomarcgifts.com\/?post_type=product&#038;p=6165"},"modified":"2025-09-28T11:14:57","modified_gmt":"2025-09-28T11:14:57","slug":"personalized-led-nightlight","status":"publish","type":"product","link":"https:\/\/decomarcgifts.com\/en\/product\/personalized-led-nightlight\/","title":{"rendered":"Customized LED nightlight"},"content":{"rendered":"","protected":false},"excerpt":{"rendered":"<div><strong>If you can dream it, we can make it come true!<br \/>\n<\/strong><\/div>\n<div>Our personalized LED nightlight is an incredible gift for lovers.<br \/>\nA personalized acrylic nightlight that can be given as a gift for men and women.<br \/>\nYour sweetheart can be charmed with a romantic gift.<br \/>\nThis personalized LED photo lamp will be a lovely surprise and a sign of your love.<\/div>","protected":false},"featured_media":6166,"template":"","meta":{"_monsterinsights_skip_tracking":false,"_monsterinsights_sitenote_active":false,"_monsterinsights_sitenote_note":"","_monsterinsights_sitenote_category":0,"_joinchat":[]},"product_brand":[],"product_cat":[19,22],"product_tag":[],"class_list":{"0":"post-6165","1":"product","2":"type-product","3":"status-publish","4":"has-post-thumbnail","6":"product_cat-cadeaux_personnalises","7":"product_cat-cadeaux-saint-valentin","10":"instock","11":"shipping-taxable","12":"purchasable","13":"product-type-simple"},"yoast_head":"<!-- This site is optimized with the Yoast SEO plugin v27.1.1 - https:\/\/yoast.com\/product\/yoast-seo-wordpress\/ -->\n<title>Veilleuse \u00e0 LED personnalis\u00e9 Casablanca Rabat Tanger Marakkech Maroc<\/title>\n<meta name=\"description\" content=\"Veilleuse \u00e0 LED personnalis\u00e9 Casablanca Rabat Tanger Marakkech Maroc\" \/>\n<meta name=\"robots\" content=\"index, follow, max-snippet:-1, max-image-preview:large, max-video-preview:-1\" \/>\n<link rel=\"canonical\" href=\"https:\/\/decomarcgifts.com\/en\/product\/personalized-led-nightlight\/\" \/>\n<meta property=\"og:locale\" content=\"en_US\" \/>\n<meta property=\"og:type\" content=\"article\" \/>\n<meta property=\"og:title\" content=\"Veilleuse \u00e0 LED personnalis\u00e9 Casablanca Rabat Tanger Marakkech Maroc\" \/>\n<meta property=\"og:description\" content=\"Veilleuse \u00e0 LED personnalis\u00e9 Casablanca Rabat Tanger Marakkech Maroc\" \/>\n<meta property=\"og:url\" content=\"https:\/\/decomarcgifts.com\/en\/product\/personalized-led-nightlight\/\" \/>\n<meta property=\"og:site_name\" content=\"Deco &amp; Marc\" \/>\n<meta property=\"article:modified_time\" content=\"2025-09-28T11:14:57+00:00\" \/>\n<meta property=\"og:image\" content=\"https:\/\/decomarcgifts.com\/wp-content\/uploads\/2025\/09\/photo1_1024x1024@2x.jpg\" \/>\n\t<meta property=\"og:image:width\" content=\"1270\" \/>\n\t<meta property=\"og:image:height\" content=\"1270\" \/>\n\t<meta property=\"og:image:type\" content=\"image\/jpeg\" \/>\n<meta name=\"twitter:card\" content=\"summary_large_image\" \/>\n<script type=\"application\/ld+json\" class=\"yoast-schema-graph\">{\"@context\":\"https:\/\/schema.org\",\"@graph\":[{\"@type\":\"WebPage\",\"@id\":\"https:\/\/decomarcgifts.com\/produit\/veilleuse-a-led-personnalise\/\",\"url\":\"https:\/\/decomarcgifts.com\/produit\/veilleuse-a-led-personnalise\/\",\"name\":\"Veilleuse \u00e0 LED personnalis\u00e9 Casablanca Rabat Tanger Marakkech Maroc\",\"isPartOf\":{\"@id\":\"https:\/\/decomarcgifts.com\/#website\"},\"primaryImageOfPage\":{\"@id\":\"https:\/\/decomarcgifts.com\/produit\/veilleuse-a-led-personnalise\/#primaryimage\"},\"image\":{\"@id\":\"https:\/\/decomarcgifts.com\/produit\/veilleuse-a-led-personnalise\/#primaryimage\"},\"thumbnailUrl\":\"https:\/\/decomarcgifts.com\/wp-content\/uploads\/2025\/09\/photo1_1024x1024@2x.jpg\",\"datePublished\":\"2022-05-12T11:12:56+00:00\",\"dateModified\":\"2025-09-28T11:14:57+00:00\",\"description\":\"Veilleuse \u00e0 LED personnalis\u00e9 Casablanca Rabat Tanger Marakkech Maroc\",\"breadcrumb\":{\"@id\":\"https:\/\/decomarcgifts.com\/produit\/veilleuse-a-led-personnalise\/#breadcrumb\"},\"inLanguage\":\"en-US\",\"potentialAction\":[{\"@type\":\"ReadAction\",\"target\":[\"https:\/\/decomarcgifts.com\/produit\/veilleuse-a-led-personnalise\/\"]}]},{\"@type\":\"ImageObject\",\"inLanguage\":\"en-US\",\"@id\":\"https:\/\/decomarcgifts.com\/produit\/veilleuse-a-led-personnalise\/#primaryimage\",\"url\":\"https:\/\/decomarcgifts.com\/wp-content\/uploads\/2025\/09\/photo1_1024x1024@2x.jpg\",\"contentUrl\":\"https:\/\/decomarcgifts.com\/wp-content\/uploads\/2025\/09\/photo1_1024x1024@2x.jpg\",\"width\":1270,\"height\":1270},{\"@type\":\"BreadcrumbList\",\"@id\":\"https:\/\/decomarcgifts.com\/produit\/veilleuse-a-led-personnalise\/#breadcrumb\",\"itemListElement\":[{\"@type\":\"ListItem\",\"position\":1,\"name\":\"Accueil\",\"item\":\"https:\/\/decomarcgifts.com\/\"},{\"@type\":\"ListItem\",\"position\":2,\"name\":\"Catalogue\",\"item\":\"https:\/\/decomarcgifts.com\/catalogue\/\"},{\"@type\":\"ListItem\",\"position\":3,\"name\":\"Veilleuse \u00e0 LED personnalis\u00e9\"}]},{\"@type\":\"WebSite\",\"@id\":\"https:\/\/decomarcgifts.com\/#website\",\"url\":\"https:\/\/decomarcgifts.com\/\",\"name\":\"Deco &amp; Marc\",\"description\":\"L&#039;\u00e9l\u00e9gance au plus que parfait\",\"potentialAction\":[{\"@type\":\"SearchAction\",\"target\":{\"@type\":\"EntryPoint\",\"urlTemplate\":\"https:\/\/decomarcgifts.com\/?s={search_term_string}\"},\"query-input\":{\"@type\":\"PropertyValueSpecification\",\"valueRequired\":true,\"valueName\":\"search_term_string\"}}],\"inLanguage\":\"en-US\"}]}<\/script>\n<!-- \/ Yoast SEO plugin. -->","yoast_head_json":{"title":"Customized LED nightlight Casablanca Rabat Tangier Marakkech Morocco","description":"Customized LED nightlight Casablanca Rabat Tangier Marakkech Morocco","robots":{"index":"index","follow":"follow","max-snippet":"max-snippet:-1","max-image-preview":"max-image-preview:large","max-video-preview":"max-video-preview:-1"},"canonical":"https:\/\/decomarcgifts.com\/en\/product\/personalized-led-nightlight\/","og_locale":"en_US","og_type":"article","og_title":"Veilleuse \u00e0 LED personnalis\u00e9 Casablanca Rabat Tanger Marakkech Maroc","og_description":"Veilleuse \u00e0 LED personnalis\u00e9 Casablanca Rabat Tanger Marakkech Maroc","og_url":"https:\/\/decomarcgifts.com\/en\/product\/personalized-led-nightlight\/","og_site_name":"Deco &amp; Marc","article_modified_time":"2025-09-28T11:14:57+00:00","og_image":[{"width":1270,"height":1270,"url":"https:\/\/decomarcgifts.com\/wp-content\/uploads\/2025\/09\/photo1_1024x1024@2x.jpg","type":"image\/jpeg"}],"twitter_card":"summary_large_image","schema":{"@context":"https:\/\/schema.org","@graph":[{"@type":"WebPage","@id":"https:\/\/decomarcgifts.com\/produit\/veilleuse-a-led-personnalise\/","url":"https:\/\/decomarcgifts.com\/produit\/veilleuse-a-led-personnalise\/","name":"Customized LED nightlight Casablanca Rabat Tangier Marakkech Morocco","isPartOf":{"@id":"https:\/\/decomarcgifts.com\/#website"},"primaryImageOfPage":{"@id":"https:\/\/decomarcgifts.com\/produit\/veilleuse-a-led-personnalise\/#primaryimage"},"image":{"@id":"https:\/\/decomarcgifts.com\/produit\/veilleuse-a-led-personnalise\/#primaryimage"},"thumbnailUrl":"https:\/\/decomarcgifts.com\/wp-content\/uploads\/2025\/09\/photo1_1024x1024@2x.jpg","datePublished":"2022-05-12T11:12:56+00:00","dateModified":"2025-09-28T11:14:57+00:00","description":"Customized LED nightlight Casablanca Rabat Tangier Marakkech Morocco","breadcrumb":{"@id":"https:\/\/decomarcgifts.com\/produit\/veilleuse-a-led-personnalise\/#breadcrumb"},"inLanguage":"en-US","potentialAction":[{"@type":"ReadAction","target":["https:\/\/decomarcgifts.com\/produit\/veilleuse-a-led-personnalise\/"]}]},{"@type":"ImageObject","inLanguage":"en-US","@id":"https:\/\/decomarcgifts.com\/produit\/veilleuse-a-led-personnalise\/#primaryimage","url":"https:\/\/decomarcgifts.com\/wp-content\/uploads\/2025\/09\/photo1_1024x1024@2x.jpg","contentUrl":"https:\/\/decomarcgifts.com\/wp-content\/uploads\/2025\/09\/photo1_1024x1024@2x.jpg","width":1270,"height":1270},{"@type":"BreadcrumbList","@id":"https:\/\/decomarcgifts.com\/produit\/veilleuse-a-led-personnalise\/#breadcrumb","itemListElement":[{"@type":"ListItem","position":1,"name":"Accueil","item":"https:\/\/decomarcgifts.com\/"},{"@type":"ListItem","position":2,"name":"Catalogue","item":"https:\/\/decomarcgifts.com\/catalogue\/"},{"@type":"ListItem","position":3,"name":"Veilleuse \u00e0 LED personnalis\u00e9"}]},{"@type":"WebSite","@id":"https:\/\/decomarcgifts.com\/#website","url":"https:\/\/decomarcgifts.com\/","name":"Deco &amp; Marc","description":"More than perfect elegance","potentialAction":[{"@type":"SearchAction","target":{"@type":"EntryPoint","urlTemplate":"https:\/\/decomarcgifts.com\/?s={search_term_string}"},"query-input":{"@type":"PropertyValueSpecification","valueRequired":true,"valueName":"search_term_string"}}],"inLanguage":"en-US"}]}},"_links":{"self":[{"href":"https:\/\/decomarcgifts.com\/en\/wp-json\/wp\/v2\/product\/6165","targetHints":{"allow":["GET"]}}],"collection":[{"href":"https:\/\/decomarcgifts.com\/en\/wp-json\/wp\/v2\/product"}],"about":[{"href":"https:\/\/decomarcgifts.com\/en\/wp-json\/wp\/v2\/types\/product"}],"wp:featuredmedia":[{"embeddable":true,"href":"https:\/\/decomarcgifts.com\/en\/wp-json\/wp\/v2\/media\/6166"}],"wp:attachment":[{"href":"https:\/\/decomarcgifts.com\/en\/wp-json\/wp\/v2\/media?parent=6165"}],"wp:term":[{"taxonomy":"product_brand","embeddable":true,"href":"https:\/\/decomarcgifts.com\/en\/wp-json\/wp\/v2\/product_brand?post=6165"},{"taxonomy":"product_cat","embeddable":true,"href":"https:\/\/decomarcgifts.com\/en\/wp-json\/wp\/v2\/product_cat?post=6165"},{"taxonomy":"product_tag","embeddable":true,"href":"https:\/\/decomarcgifts.com\/en\/wp-json\/wp\/v2\/product_tag?post=6165"}],"curies":[{"name":"wp","href":"https:\/\/api.w.org\/{rel}","templated":true}]}}