{"id":12046,"date":"2026-05-09T00:09:06","date_gmt":"2026-05-09T00:09:06","guid":{"rendered":"https:\/\/decomarcgifts.com\/"},"modified":"2026-05-09T00:09:06","modified_gmt":"2026-05-09T00:09:06","slug":"pack-fiancailles-vert-royal-coffrets-prestige-personnalises","status":"publish","type":"product","link":"https:\/\/decomarcgifts.com\/en\/product\/pack-fiancailles-vert-royal-coffrets-prestige-personnalises\/","title":{"rendered":"Pack Fian\u00e7ailles Vert Royal \u2013 Coffrets Prestige Personnalis\u00e9s"},"content":{"rendered":"","protected":false},"excerpt":{"rendered":"<p>Magnifique pack fian\u00e7ailles au th\u00e8me Vert Royal, con\u00e7u avec \u00e9l\u00e9gance et raffinement pour sublimer vos c\u00e9r\u00e9monies et occasions sp\u00e9ciales. Une composition luxueuse alliant tradition et modernit\u00e9 avec des coffrets personnalis\u00e9s et une d\u00e9coration florale raffin\u00e9e.<\/p>\n<p>Le pack comprend :<\/p>\n<p>\u2022 Coffret Hanna<br \/>\n\u2022 Coffret Hlib<br \/>\n\u2022 Coffret Ward<br \/>\n\u2022 Coffret chocolat belge 1 kg<br \/>\n\u2022 Dattes Majhoul fourr\u00e9es 1 kg<br \/>\n\u2022 Pack enti\u00e8rement personnalis\u00e9 selon vos envies<\/p>","protected":false},"featured_media":12047,"template":"","meta":{"_monsterinsights_skip_tracking":false,"_monsterinsights_sitenote_active":false,"_monsterinsights_sitenote_note":"","_monsterinsights_sitenote_category":0,"_joinchat":[]},"product_brand":[],"product_cat":[201],"product_tag":[],"class_list":{"0":"post-12046","1":"product","2":"type-product","3":"status-publish","4":"has-post-thumbnail","6":"product_cat-cadeau-coffret-fiancailles-mariage","9":"instock","10":"shipping-taxable","11":"purchasable","12":"product-type-simple"},"yoast_head":"<!-- This site is optimized with the Yoast SEO plugin v27.1.1 - https:\/\/yoast.com\/product\/yoast-seo-wordpress\/ -->\n<title>Pack Fian\u00e7ailles Vert Royal \u2013 Coffrets Prestige Personnalis\u00e9s Casablanca Rabat Tanger Marakkech Maroc<\/title>\n<meta name=\"description\" content=\"Pack Fian\u00e7ailles Vert Royal \u2013 Coffrets Prestige Personnalis\u00e9s Casablanca Rabat Tanger Marakkech Maroc\" \/>\n<meta name=\"robots\" content=\"index, follow, max-snippet:-1, max-image-preview:large, max-video-preview:-1\" \/>\n<link rel=\"canonical\" href=\"https:\/\/decomarcgifts.com\/en\/product\/pack-fiancailles-vert-royal-coffrets-prestige-personnalises\/\" \/>\n<meta property=\"og:locale\" content=\"en_US\" \/>\n<meta property=\"og:type\" content=\"article\" \/>\n<meta property=\"og:title\" content=\"Pack Fian\u00e7ailles Vert Royal \u2013 Coffrets Prestige Personnalis\u00e9s Casablanca Rabat Tanger Marakkech Maroc\" \/>\n<meta property=\"og:description\" content=\"Pack Fian\u00e7ailles Vert Royal \u2013 Coffrets Prestige Personnalis\u00e9s Casablanca Rabat Tanger Marakkech Maroc\" \/>\n<meta property=\"og:url\" content=\"https:\/\/decomarcgifts.com\/en\/product\/pack-fiancailles-vert-royal-coffrets-prestige-personnalises\/\" \/>\n<meta property=\"og:site_name\" content=\"Deco &amp; Marc\" \/>\n<meta property=\"og:image\" content=\"https:\/\/decomarcgifts.com\/wp-content\/uploads\/2026\/05\/WhatsApp-Image-2026-05-08-at-12.48.49-PM.jpeg\" \/>\n\t<meta property=\"og:image:width\" content=\"1200\" \/>\n\t<meta property=\"og:image:height\" content=\"1600\" \/>\n\t<meta property=\"og:image:type\" content=\"image\/jpeg\" \/>\n<meta name=\"twitter:card\" content=\"summary_large_image\" \/>\n<meta name=\"twitter:label1\" content=\"Est. reading time\" \/>\n\t<meta name=\"twitter:data1\" content=\"1 minute\" \/>\n<script type=\"application\/ld+json\" class=\"yoast-schema-graph\">{\"@context\":\"https:\/\/schema.org\",\"@graph\":[{\"@type\":\"WebPage\",\"@id\":\"https:\/\/decomarcgifts.com\/produit\/pack-fiancailles-vert-royal-coffrets-prestige-personnalises\/\",\"url\":\"https:\/\/decomarcgifts.com\/produit\/pack-fiancailles-vert-royal-coffrets-prestige-personnalises\/\",\"name\":\"Pack Fian\u00e7ailles Vert Royal \u2013 Coffrets Prestige Personnalis\u00e9s Casablanca Rabat Tanger Marakkech Maroc\",\"isPartOf\":{\"@id\":\"https:\/\/decomarcgifts.com\/#website\"},\"primaryImageOfPage\":{\"@id\":\"https:\/\/decomarcgifts.com\/produit\/pack-fiancailles-vert-royal-coffrets-prestige-personnalises\/#primaryimage\"},\"image\":{\"@id\":\"https:\/\/decomarcgifts.com\/produit\/pack-fiancailles-vert-royal-coffrets-prestige-personnalises\/#primaryimage\"},\"thumbnailUrl\":\"https:\/\/decomarcgifts.com\/wp-content\/uploads\/2026\/05\/WhatsApp-Image-2026-05-08-at-12.48.49-PM.jpeg\",\"datePublished\":\"2026-05-09T00:09:06+00:00\",\"description\":\"Pack Fian\u00e7ailles Vert Royal \u2013 Coffrets Prestige Personnalis\u00e9s Casablanca Rabat Tanger Marakkech Maroc\",\"breadcrumb\":{\"@id\":\"https:\/\/decomarcgifts.com\/produit\/pack-fiancailles-vert-royal-coffrets-prestige-personnalises\/#breadcrumb\"},\"inLanguage\":\"en-US\",\"potentialAction\":[{\"@type\":\"ReadAction\",\"target\":[\"https:\/\/decomarcgifts.com\/produit\/pack-fiancailles-vert-royal-coffrets-prestige-personnalises\/\"]}]},{\"@type\":\"ImageObject\",\"inLanguage\":\"en-US\",\"@id\":\"https:\/\/decomarcgifts.com\/produit\/pack-fiancailles-vert-royal-coffrets-prestige-personnalises\/#primaryimage\",\"url\":\"https:\/\/decomarcgifts.com\/wp-content\/uploads\/2026\/05\/WhatsApp-Image-2026-05-08-at-12.48.49-PM.jpeg\",\"contentUrl\":\"https:\/\/decomarcgifts.com\/wp-content\/uploads\/2026\/05\/WhatsApp-Image-2026-05-08-at-12.48.49-PM.jpeg\",\"width\":1200,\"height\":1600},{\"@type\":\"BreadcrumbList\",\"@id\":\"https:\/\/decomarcgifts.com\/produit\/pack-fiancailles-vert-royal-coffrets-prestige-personnalises\/#breadcrumb\",\"itemListElement\":[{\"@type\":\"ListItem\",\"position\":1,\"name\":\"Accueil\",\"item\":\"https:\/\/decomarcgifts.com\/\"},{\"@type\":\"ListItem\",\"position\":2,\"name\":\"Catalogue\",\"item\":\"https:\/\/decomarcgifts.com\/catalogue\/\"},{\"@type\":\"ListItem\",\"position\":3,\"name\":\"Pack Fian\u00e7ailles Vert Royal \u2013 Coffrets Prestige Personnalis\u00e9s\"}]},{\"@type\":\"WebSite\",\"@id\":\"https:\/\/decomarcgifts.com\/#website\",\"url\":\"https:\/\/decomarcgifts.com\/\",\"name\":\"Deco &amp; Marc\",\"description\":\"L&#039;\u00e9l\u00e9gance au plus que parfait\",\"potentialAction\":[{\"@type\":\"SearchAction\",\"target\":{\"@type\":\"EntryPoint\",\"urlTemplate\":\"https:\/\/decomarcgifts.com\/?s={search_term_string}\"},\"query-input\":{\"@type\":\"PropertyValueSpecification\",\"valueRequired\":true,\"valueName\":\"search_term_string\"}}],\"inLanguage\":\"en-US\"}]}<\/script>\n<!-- \/ Yoast SEO plugin. -->","yoast_head_json":{"title":"Pack Fian\u00e7ailles Vert Royal \u2013 Coffrets Prestige Personnalis\u00e9s Casablanca Rabat Tanger Marakkech Maroc","description":"Pack Fian\u00e7ailles Vert Royal \u2013 Coffrets Prestige Personnalis\u00e9s Casablanca Rabat Tanger Marakkech Maroc","robots":{"index":"index","follow":"follow","max-snippet":"max-snippet:-1","max-image-preview":"max-image-preview:large","max-video-preview":"max-video-preview:-1"},"canonical":"https:\/\/decomarcgifts.com\/en\/product\/pack-fiancailles-vert-royal-coffrets-prestige-personnalises\/","og_locale":"en_US","og_type":"article","og_title":"Pack Fian\u00e7ailles Vert Royal \u2013 Coffrets Prestige Personnalis\u00e9s Casablanca Rabat Tanger Marakkech Maroc","og_description":"Pack Fian\u00e7ailles Vert Royal \u2013 Coffrets Prestige Personnalis\u00e9s Casablanca Rabat Tanger Marakkech Maroc","og_url":"https:\/\/decomarcgifts.com\/en\/product\/pack-fiancailles-vert-royal-coffrets-prestige-personnalises\/","og_site_name":"Deco &amp; Marc","og_image":[{"width":1200,"height":1600,"url":"https:\/\/decomarcgifts.com\/wp-content\/uploads\/2026\/05\/WhatsApp-Image-2026-05-08-at-12.48.49-PM.jpeg","type":"image\/jpeg"}],"twitter_card":"summary_large_image","twitter_misc":{"Est. reading time":"1 minute"},"schema":{"@context":"https:\/\/schema.org","@graph":[{"@type":"WebPage","@id":"https:\/\/decomarcgifts.com\/produit\/pack-fiancailles-vert-royal-coffrets-prestige-personnalises\/","url":"https:\/\/decomarcgifts.com\/produit\/pack-fiancailles-vert-royal-coffrets-prestige-personnalises\/","name":"Pack Fian\u00e7ailles Vert Royal \u2013 Coffrets Prestige Personnalis\u00e9s Casablanca Rabat Tanger Marakkech Maroc","isPartOf":{"@id":"https:\/\/decomarcgifts.com\/#website"},"primaryImageOfPage":{"@id":"https:\/\/decomarcgifts.com\/produit\/pack-fiancailles-vert-royal-coffrets-prestige-personnalises\/#primaryimage"},"image":{"@id":"https:\/\/decomarcgifts.com\/produit\/pack-fiancailles-vert-royal-coffrets-prestige-personnalises\/#primaryimage"},"thumbnailUrl":"https:\/\/decomarcgifts.com\/wp-content\/uploads\/2026\/05\/WhatsApp-Image-2026-05-08-at-12.48.49-PM.jpeg","datePublished":"2026-05-09T00:09:06+00:00","description":"Pack Fian\u00e7ailles Vert Royal \u2013 Coffrets Prestige Personnalis\u00e9s Casablanca Rabat Tanger Marakkech Maroc","breadcrumb":{"@id":"https:\/\/decomarcgifts.com\/produit\/pack-fiancailles-vert-royal-coffrets-prestige-personnalises\/#breadcrumb"},"inLanguage":"en-US","potentialAction":[{"@type":"ReadAction","target":["https:\/\/decomarcgifts.com\/produit\/pack-fiancailles-vert-royal-coffrets-prestige-personnalises\/"]}]},{"@type":"ImageObject","inLanguage":"en-US","@id":"https:\/\/decomarcgifts.com\/produit\/pack-fiancailles-vert-royal-coffrets-prestige-personnalises\/#primaryimage","url":"https:\/\/decomarcgifts.com\/wp-content\/uploads\/2026\/05\/WhatsApp-Image-2026-05-08-at-12.48.49-PM.jpeg","contentUrl":"https:\/\/decomarcgifts.com\/wp-content\/uploads\/2026\/05\/WhatsApp-Image-2026-05-08-at-12.48.49-PM.jpeg","width":1200,"height":1600},{"@type":"BreadcrumbList","@id":"https:\/\/decomarcgifts.com\/produit\/pack-fiancailles-vert-royal-coffrets-prestige-personnalises\/#breadcrumb","itemListElement":[{"@type":"ListItem","position":1,"name":"Accueil","item":"https:\/\/decomarcgifts.com\/"},{"@type":"ListItem","position":2,"name":"Catalogue","item":"https:\/\/decomarcgifts.com\/catalogue\/"},{"@type":"ListItem","position":3,"name":"Pack Fian\u00e7ailles Vert Royal \u2013 Coffrets Prestige Personnalis\u00e9s"}]},{"@type":"WebSite","@id":"https:\/\/decomarcgifts.com\/#website","url":"https:\/\/decomarcgifts.com\/","name":"Deco &amp; Marc","description":"More than perfect elegance","potentialAction":[{"@type":"SearchAction","target":{"@type":"EntryPoint","urlTemplate":"https:\/\/decomarcgifts.com\/?s={search_term_string}"},"query-input":{"@type":"PropertyValueSpecification","valueRequired":true,"valueName":"search_term_string"}}],"inLanguage":"en-US"}]}},"_links":{"self":[{"href":"https:\/\/decomarcgifts.com\/en\/wp-json\/wp\/v2\/product\/12046","targetHints":{"allow":["GET"]}}],"collection":[{"href":"https:\/\/decomarcgifts.com\/en\/wp-json\/wp\/v2\/product"}],"about":[{"href":"https:\/\/decomarcgifts.com\/en\/wp-json\/wp\/v2\/types\/product"}],"wp:featuredmedia":[{"embeddable":true,"href":"https:\/\/decomarcgifts.com\/en\/wp-json\/wp\/v2\/media\/12047"}],"wp:attachment":[{"href":"https:\/\/decomarcgifts.com\/en\/wp-json\/wp\/v2\/media?parent=12046"}],"wp:term":[{"taxonomy":"product_brand","embeddable":true,"href":"https:\/\/decomarcgifts.com\/en\/wp-json\/wp\/v2\/product_brand?post=12046"},{"taxonomy":"product_cat","embeddable":true,"href":"https:\/\/decomarcgifts.com\/en\/wp-json\/wp\/v2\/product_cat?post=12046"},{"taxonomy":"product_tag","embeddable":true,"href":"https:\/\/decomarcgifts.com\/en\/wp-json\/wp\/v2\/product_tag?post=12046"}],"curies":[{"name":"wp","href":"https:\/\/api.w.org\/{rel}","templated":true}]}}