{"id":12037,"date":"2026-05-09T00:05:57","date_gmt":"2026-05-09T00:05:57","guid":{"rendered":"https:\/\/decomarcgifts.com\/"},"modified":"2026-05-09T00:05:57","modified_gmt":"2026-05-09T00:05:57","slug":"pack-ta3arof-prestige-chocolat-dattes-composition-florale-luxe","status":"publish","type":"product","link":"https:\/\/decomarcgifts.com\/en\/product\/pack-ta3arof-prestige-chocolat-dattes-composition-florale-luxe\/","title":{"rendered":"Pack Ta3arof Prestige \u2013 Chocolat, Dattes &#038; Composition Florale Luxe"},"content":{"rendered":"","protected":false},"excerpt":{"rendered":"<p>\u00c9l\u00e9gant pack Ta3arof con\u00e7u avec raffinement pour sublimer vos occasions sp\u00e9ciales et vos pr\u00e9sentations familiales. Une composition harmonieuse m\u00ealant fleurs fra\u00eeches, douceurs premium et d\u00e9coration \u00e9l\u00e9gante dans un style chic et prestigieux.<\/p>\n<p>Le pack comprend :<\/p>\n<p>\u2022 1,200 kg de chocolat Patchi<br \/>\n\u2022 1,200 kg de dattes prestige<br \/>\n\u2022 Une magnifique composition florale raffin\u00e9e<br \/>\n\u2022 Une bo\u00eete cadeau pour Rchim avec d\u00e9coration florale \u00e9l\u00e9gante<\/p>","protected":false},"featured_media":12039,"template":"","meta":{"_monsterinsights_skip_tracking":false,"_monsterinsights_sitenote_active":false,"_monsterinsights_sitenote_note":"","_monsterinsights_sitenote_category":0,"_joinchat":[]},"product_brand":[],"product_cat":[201],"product_tag":[],"class_list":{"0":"post-12037","1":"product","2":"type-product","3":"status-publish","4":"has-post-thumbnail","6":"product_cat-cadeau-coffret-fiancailles-mariage","9":"instock","10":"shipping-taxable","11":"purchasable","12":"product-type-simple"},"yoast_head":"<!-- This site is optimized with the Yoast SEO plugin v27.1.1 - https:\/\/yoast.com\/product\/yoast-seo-wordpress\/ -->\n<title>Pack Ta3arof Prestige \u2013 Chocolat, Dattes &amp; Composition Florale Luxe Casablanca Rabat Tanger Marakkech Maroc<\/title>\n<meta name=\"description\" content=\"Pack Ta3arof Prestige \u2013 Chocolat, Dattes &amp; Composition Florale Luxe Casablanca Rabat Tanger Marakkech Maroc\" \/>\n<meta name=\"robots\" content=\"index, follow, max-snippet:-1, max-image-preview:large, max-video-preview:-1\" \/>\n<link rel=\"canonical\" href=\"https:\/\/decomarcgifts.com\/en\/product\/pack-ta3arof-prestige-chocolat-dattes-composition-florale-luxe\/\" \/>\n<meta property=\"og:locale\" content=\"en_US\" \/>\n<meta property=\"og:type\" content=\"article\" \/>\n<meta property=\"og:title\" content=\"Pack Ta3arof Prestige \u2013 Chocolat, Dattes &amp; Composition Florale Luxe Casablanca Rabat Tanger Marakkech Maroc\" \/>\n<meta property=\"og:description\" content=\"Pack Ta3arof Prestige \u2013 Chocolat, Dattes &amp; Composition Florale Luxe Casablanca Rabat Tanger Marakkech Maroc\" \/>\n<meta property=\"og:url\" content=\"https:\/\/decomarcgifts.com\/en\/product\/pack-ta3arof-prestige-chocolat-dattes-composition-florale-luxe\/\" \/>\n<meta property=\"og:site_name\" content=\"Deco &amp; Marc\" \/>\n<meta property=\"og:image\" content=\"https:\/\/decomarcgifts.com\/wp-content\/uploads\/2026\/05\/WhatsApp-Image-2026-05-08-at-12.42.58-PM.jpeg\" \/>\n\t<meta property=\"og:image:width\" content=\"1200\" \/>\n\t<meta property=\"og:image:height\" content=\"1600\" \/>\n\t<meta property=\"og:image:type\" content=\"image\/jpeg\" \/>\n<meta name=\"twitter:card\" content=\"summary_large_image\" \/>\n<meta name=\"twitter:label1\" content=\"Est. reading time\" \/>\n\t<meta name=\"twitter:data1\" content=\"1 minute\" \/>\n<script type=\"application\/ld+json\" class=\"yoast-schema-graph\">{\"@context\":\"https:\/\/schema.org\",\"@graph\":[{\"@type\":\"WebPage\",\"@id\":\"https:\/\/decomarcgifts.com\/produit\/pack-ta3arof-prestige-chocolat-dattes-composition-florale-luxe\/\",\"url\":\"https:\/\/decomarcgifts.com\/produit\/pack-ta3arof-prestige-chocolat-dattes-composition-florale-luxe\/\",\"name\":\"Pack Ta3arof Prestige \u2013 Chocolat, Dattes & Composition Florale Luxe Casablanca Rabat Tanger Marakkech Maroc\",\"isPartOf\":{\"@id\":\"https:\/\/decomarcgifts.com\/#website\"},\"primaryImageOfPage\":{\"@id\":\"https:\/\/decomarcgifts.com\/produit\/pack-ta3arof-prestige-chocolat-dattes-composition-florale-luxe\/#primaryimage\"},\"image\":{\"@id\":\"https:\/\/decomarcgifts.com\/produit\/pack-ta3arof-prestige-chocolat-dattes-composition-florale-luxe\/#primaryimage\"},\"thumbnailUrl\":\"https:\/\/decomarcgifts.com\/wp-content\/uploads\/2026\/05\/WhatsApp-Image-2026-05-08-at-12.42.58-PM.jpeg\",\"datePublished\":\"2026-05-09T00:05:57+00:00\",\"description\":\"Pack Ta3arof Prestige \u2013 Chocolat, Dattes & Composition Florale Luxe Casablanca Rabat Tanger Marakkech Maroc\",\"breadcrumb\":{\"@id\":\"https:\/\/decomarcgifts.com\/produit\/pack-ta3arof-prestige-chocolat-dattes-composition-florale-luxe\/#breadcrumb\"},\"inLanguage\":\"en-US\",\"potentialAction\":[{\"@type\":\"ReadAction\",\"target\":[\"https:\/\/decomarcgifts.com\/produit\/pack-ta3arof-prestige-chocolat-dattes-composition-florale-luxe\/\"]}]},{\"@type\":\"ImageObject\",\"inLanguage\":\"en-US\",\"@id\":\"https:\/\/decomarcgifts.com\/produit\/pack-ta3arof-prestige-chocolat-dattes-composition-florale-luxe\/#primaryimage\",\"url\":\"https:\/\/decomarcgifts.com\/wp-content\/uploads\/2026\/05\/WhatsApp-Image-2026-05-08-at-12.42.58-PM.jpeg\",\"contentUrl\":\"https:\/\/decomarcgifts.com\/wp-content\/uploads\/2026\/05\/WhatsApp-Image-2026-05-08-at-12.42.58-PM.jpeg\",\"width\":1200,\"height\":1600},{\"@type\":\"BreadcrumbList\",\"@id\":\"https:\/\/decomarcgifts.com\/produit\/pack-ta3arof-prestige-chocolat-dattes-composition-florale-luxe\/#breadcrumb\",\"itemListElement\":[{\"@type\":\"ListItem\",\"position\":1,\"name\":\"Accueil\",\"item\":\"https:\/\/decomarcgifts.com\/\"},{\"@type\":\"ListItem\",\"position\":2,\"name\":\"Catalogue\",\"item\":\"https:\/\/decomarcgifts.com\/catalogue\/\"},{\"@type\":\"ListItem\",\"position\":3,\"name\":\"Pack Ta3arof Prestige \u2013 Chocolat, Dattes &#038; Composition Florale Luxe\"}]},{\"@type\":\"WebSite\",\"@id\":\"https:\/\/decomarcgifts.com\/#website\",\"url\":\"https:\/\/decomarcgifts.com\/\",\"name\":\"Deco &amp; Marc\",\"description\":\"L&#039;\u00e9l\u00e9gance au plus que parfait\",\"potentialAction\":[{\"@type\":\"SearchAction\",\"target\":{\"@type\":\"EntryPoint\",\"urlTemplate\":\"https:\/\/decomarcgifts.com\/?s={search_term_string}\"},\"query-input\":{\"@type\":\"PropertyValueSpecification\",\"valueRequired\":true,\"valueName\":\"search_term_string\"}}],\"inLanguage\":\"en-US\"}]}<\/script>\n<!-- \/ Yoast SEO plugin. -->","yoast_head_json":{"title":"Pack Ta3arof Prestige \u2013 Chocolat, Dattes & Composition Florale Luxe Casablanca Rabat Tanger Marakkech Maroc","description":"Pack Ta3arof Prestige \u2013 Chocolat, Dattes & Composition Florale Luxe Casablanca Rabat Tanger Marakkech Maroc","robots":{"index":"index","follow":"follow","max-snippet":"max-snippet:-1","max-image-preview":"max-image-preview:large","max-video-preview":"max-video-preview:-1"},"canonical":"https:\/\/decomarcgifts.com\/en\/product\/pack-ta3arof-prestige-chocolat-dattes-composition-florale-luxe\/","og_locale":"en_US","og_type":"article","og_title":"Pack Ta3arof Prestige \u2013 Chocolat, Dattes & Composition Florale Luxe Casablanca Rabat Tanger Marakkech Maroc","og_description":"Pack Ta3arof Prestige \u2013 Chocolat, Dattes & Composition Florale Luxe Casablanca Rabat Tanger Marakkech Maroc","og_url":"https:\/\/decomarcgifts.com\/en\/product\/pack-ta3arof-prestige-chocolat-dattes-composition-florale-luxe\/","og_site_name":"Deco &amp; Marc","og_image":[{"width":1200,"height":1600,"url":"https:\/\/decomarcgifts.com\/wp-content\/uploads\/2026\/05\/WhatsApp-Image-2026-05-08-at-12.42.58-PM.jpeg","type":"image\/jpeg"}],"twitter_card":"summary_large_image","twitter_misc":{"Est. reading time":"1 minute"},"schema":{"@context":"https:\/\/schema.org","@graph":[{"@type":"WebPage","@id":"https:\/\/decomarcgifts.com\/produit\/pack-ta3arof-prestige-chocolat-dattes-composition-florale-luxe\/","url":"https:\/\/decomarcgifts.com\/produit\/pack-ta3arof-prestige-chocolat-dattes-composition-florale-luxe\/","name":"Pack Ta3arof Prestige \u2013 Chocolat, Dattes & Composition Florale Luxe Casablanca Rabat Tanger Marakkech Maroc","isPartOf":{"@id":"https:\/\/decomarcgifts.com\/#website"},"primaryImageOfPage":{"@id":"https:\/\/decomarcgifts.com\/produit\/pack-ta3arof-prestige-chocolat-dattes-composition-florale-luxe\/#primaryimage"},"image":{"@id":"https:\/\/decomarcgifts.com\/produit\/pack-ta3arof-prestige-chocolat-dattes-composition-florale-luxe\/#primaryimage"},"thumbnailUrl":"https:\/\/decomarcgifts.com\/wp-content\/uploads\/2026\/05\/WhatsApp-Image-2026-05-08-at-12.42.58-PM.jpeg","datePublished":"2026-05-09T00:05:57+00:00","description":"Pack Ta3arof Prestige \u2013 Chocolat, Dattes & Composition Florale Luxe Casablanca Rabat Tanger Marakkech Maroc","breadcrumb":{"@id":"https:\/\/decomarcgifts.com\/produit\/pack-ta3arof-prestige-chocolat-dattes-composition-florale-luxe\/#breadcrumb"},"inLanguage":"en-US","potentialAction":[{"@type":"ReadAction","target":["https:\/\/decomarcgifts.com\/produit\/pack-ta3arof-prestige-chocolat-dattes-composition-florale-luxe\/"]}]},{"@type":"ImageObject","inLanguage":"en-US","@id":"https:\/\/decomarcgifts.com\/produit\/pack-ta3arof-prestige-chocolat-dattes-composition-florale-luxe\/#primaryimage","url":"https:\/\/decomarcgifts.com\/wp-content\/uploads\/2026\/05\/WhatsApp-Image-2026-05-08-at-12.42.58-PM.jpeg","contentUrl":"https:\/\/decomarcgifts.com\/wp-content\/uploads\/2026\/05\/WhatsApp-Image-2026-05-08-at-12.42.58-PM.jpeg","width":1200,"height":1600},{"@type":"BreadcrumbList","@id":"https:\/\/decomarcgifts.com\/produit\/pack-ta3arof-prestige-chocolat-dattes-composition-florale-luxe\/#breadcrumb","itemListElement":[{"@type":"ListItem","position":1,"name":"Accueil","item":"https:\/\/decomarcgifts.com\/"},{"@type":"ListItem","position":2,"name":"Catalogue","item":"https:\/\/decomarcgifts.com\/catalogue\/"},{"@type":"ListItem","position":3,"name":"Pack Ta3arof Prestige \u2013 Chocolat, Dattes &#038; Composition Florale Luxe"}]},{"@type":"WebSite","@id":"https:\/\/decomarcgifts.com\/#website","url":"https:\/\/decomarcgifts.com\/","name":"Deco &amp; Marc","description":"More than perfect elegance","potentialAction":[{"@type":"SearchAction","target":{"@type":"EntryPoint","urlTemplate":"https:\/\/decomarcgifts.com\/?s={search_term_string}"},"query-input":{"@type":"PropertyValueSpecification","valueRequired":true,"valueName":"search_term_string"}}],"inLanguage":"en-US"}]}},"_links":{"self":[{"href":"https:\/\/decomarcgifts.com\/en\/wp-json\/wp\/v2\/product\/12037","targetHints":{"allow":["GET"]}}],"collection":[{"href":"https:\/\/decomarcgifts.com\/en\/wp-json\/wp\/v2\/product"}],"about":[{"href":"https:\/\/decomarcgifts.com\/en\/wp-json\/wp\/v2\/types\/product"}],"wp:featuredmedia":[{"embeddable":true,"href":"https:\/\/decomarcgifts.com\/en\/wp-json\/wp\/v2\/media\/12039"}],"wp:attachment":[{"href":"https:\/\/decomarcgifts.com\/en\/wp-json\/wp\/v2\/media?parent=12037"}],"wp:term":[{"taxonomy":"product_brand","embeddable":true,"href":"https:\/\/decomarcgifts.com\/en\/wp-json\/wp\/v2\/product_brand?post=12037"},{"taxonomy":"product_cat","embeddable":true,"href":"https:\/\/decomarcgifts.com\/en\/wp-json\/wp\/v2\/product_cat?post=12037"},{"taxonomy":"product_tag","embeddable":true,"href":"https:\/\/decomarcgifts.com\/en\/wp-json\/wp\/v2\/product_tag?post=12037"}],"curies":[{"name":"wp","href":"https:\/\/api.w.org\/{rel}","templated":true}]}}