{"id":12028,"date":"2026-05-08T23:55:26","date_gmt":"2026-05-08T23:55:26","guid":{"rendered":"https:\/\/decomarcgifts.com\/"},"modified":"2026-05-08T23:55:26","modified_gmt":"2026-05-08T23:55:26","slug":"coffret-mariage-islamique-personnalise-luxe-coran-stylo-boites-sda9-livre-de-basma","status":"publish","type":"product","link":"https:\/\/decomarcgifts.com\/en\/product\/coffret-mariage-islamique-personnalise-luxe-coran-stylo-boites-sda9-livre-de-basma\/","title":{"rendered":"Coffret Mariage Islamique Personnalis\u00e9 Luxe \u2013 Coran, Stylo, Bo\u00eetes Sda9 &#038; Livre de Basma"},"content":{"rendered":"","protected":false},"excerpt":{"rendered":"<p>Offrez un souvenir \u00e9l\u00e9gant et unique avec ce magnifique coffret mariage islamique personnalis\u00e9, con\u00e7u sp\u00e9cialement pour les fian\u00e7ailles et le jour du mariage. R\u00e9alis\u00e9 avec une finition blanche et dor\u00e9e raffin\u00e9e, ce coffret contient tout le n\u00e9cessaire pour une pr\u00e9sentation chic et symbolique.<\/p>\n<p>\u2728 Le coffret comprend :<br \/>\n\u2022 \ud83d\udcd6 Un Coran personnalis\u00e9 avec pr\u00e9nom ou initiales<br \/>\n\u2022 \ud83d\udd8a\ufe0f Un stylo \u00e9l\u00e9gant assorti<br \/>\n\u2022 \ud83d\udc8d Une bo\u00eete pour mettre l\u2019argent du Sda9<br \/>\n\u2022 \ud83d\udcd8 Le livre de Basma personnalis\u00e9<br \/>\n\u2022 \ud83c\udf81 Un coffret complet personnalis\u00e9 selon vos envies (noms, initiales, couleurs\u2026)<\/p>","protected":false},"featured_media":12029,"template":"","meta":{"_monsterinsights_skip_tracking":false,"_monsterinsights_sitenote_active":false,"_monsterinsights_sitenote_note":"","_monsterinsights_sitenote_category":0,"_joinchat":[]},"product_brand":[],"product_cat":[201],"product_tag":[],"class_list":{"0":"post-12028","1":"product","2":"type-product","3":"status-publish","4":"has-post-thumbnail","6":"product_cat-cadeau-coffret-fiancailles-mariage","9":"instock","10":"shipping-taxable","11":"purchasable","12":"product-type-simple"},"yoast_head":"<!-- This site is optimized with the Yoast SEO plugin v27.1.1 - https:\/\/yoast.com\/product\/yoast-seo-wordpress\/ -->\n<title>Coffret Mariage Islamique Personnalis\u00e9 Luxe \u2013 Coran, Stylo, Bo\u00eetes Sda9 &amp; Livre de Basma Casablanca Rabat Tanger Marakkech Maroc<\/title>\n<meta name=\"description\" content=\"Coffret Mariage Islamique Personnalis\u00e9 Luxe \u2013 Coran, Stylo, Bo\u00eetes Sda9 &amp; Livre de Basma Casablanca Rabat Tanger Marakkech Maroc\" \/>\n<meta name=\"robots\" content=\"index, follow, max-snippet:-1, max-image-preview:large, max-video-preview:-1\" \/>\n<link rel=\"canonical\" href=\"https:\/\/decomarcgifts.com\/en\/product\/coffret-mariage-islamique-personnalise-luxe-coran-stylo-boites-sda9-livre-de-basma\/\" \/>\n<meta property=\"og:locale\" content=\"en_US\" \/>\n<meta property=\"og:type\" content=\"article\" \/>\n<meta property=\"og:title\" content=\"Coffret Mariage Islamique Personnalis\u00e9 Luxe \u2013 Coran, Stylo, Bo\u00eetes Sda9 &amp; Livre de Basma Casablanca Rabat Tanger Marakkech Maroc\" \/>\n<meta property=\"og:description\" content=\"Coffret Mariage Islamique Personnalis\u00e9 Luxe \u2013 Coran, Stylo, Bo\u00eetes Sda9 &amp; Livre de Basma Casablanca Rabat Tanger Marakkech Maroc\" \/>\n<meta property=\"og:url\" content=\"https:\/\/decomarcgifts.com\/en\/product\/coffret-mariage-islamique-personnalise-luxe-coran-stylo-boites-sda9-livre-de-basma\/\" \/>\n<meta property=\"og:site_name\" content=\"Deco &amp; Marc\" \/>\n<meta property=\"og:image\" content=\"https:\/\/decomarcgifts.com\/wp-content\/uploads\/2026\/05\/WhatsApp-Image-2026-04-07-at-2.28.03-PM.jpeg\" \/>\n\t<meta property=\"og:image:width\" content=\"904\" \/>\n\t<meta property=\"og:image:height\" content=\"1600\" \/>\n\t<meta property=\"og:image:type\" content=\"image\/jpeg\" \/>\n<meta name=\"twitter:card\" content=\"summary_large_image\" \/>\n<meta name=\"twitter:label1\" content=\"Est. reading time\" \/>\n\t<meta name=\"twitter:data1\" content=\"1 minute\" \/>\n<script type=\"application\/ld+json\" class=\"yoast-schema-graph\">{\"@context\":\"https:\/\/schema.org\",\"@graph\":[{\"@type\":\"WebPage\",\"@id\":\"https:\/\/decomarcgifts.com\/produit\/coffret-mariage-islamique-personnalise-luxe-coran-stylo-boites-sda9-livre-de-basma\/\",\"url\":\"https:\/\/decomarcgifts.com\/produit\/coffret-mariage-islamique-personnalise-luxe-coran-stylo-boites-sda9-livre-de-basma\/\",\"name\":\"Coffret Mariage Islamique Personnalis\u00e9 Luxe \u2013 Coran, Stylo, Bo\u00eetes Sda9 & Livre de Basma Casablanca Rabat Tanger Marakkech Maroc\",\"isPartOf\":{\"@id\":\"https:\/\/decomarcgifts.com\/#website\"},\"primaryImageOfPage\":{\"@id\":\"https:\/\/decomarcgifts.com\/produit\/coffret-mariage-islamique-personnalise-luxe-coran-stylo-boites-sda9-livre-de-basma\/#primaryimage\"},\"image\":{\"@id\":\"https:\/\/decomarcgifts.com\/produit\/coffret-mariage-islamique-personnalise-luxe-coran-stylo-boites-sda9-livre-de-basma\/#primaryimage\"},\"thumbnailUrl\":\"https:\/\/decomarcgifts.com\/wp-content\/uploads\/2026\/05\/WhatsApp-Image-2026-04-07-at-2.28.03-PM.jpeg\",\"datePublished\":\"2026-05-08T23:55:26+00:00\",\"description\":\"Coffret Mariage Islamique Personnalis\u00e9 Luxe \u2013 Coran, Stylo, Bo\u00eetes Sda9 & Livre de Basma Casablanca Rabat Tanger Marakkech Maroc\",\"breadcrumb\":{\"@id\":\"https:\/\/decomarcgifts.com\/produit\/coffret-mariage-islamique-personnalise-luxe-coran-stylo-boites-sda9-livre-de-basma\/#breadcrumb\"},\"inLanguage\":\"en-US\",\"potentialAction\":[{\"@type\":\"ReadAction\",\"target\":[\"https:\/\/decomarcgifts.com\/produit\/coffret-mariage-islamique-personnalise-luxe-coran-stylo-boites-sda9-livre-de-basma\/\"]}]},{\"@type\":\"ImageObject\",\"inLanguage\":\"en-US\",\"@id\":\"https:\/\/decomarcgifts.com\/produit\/coffret-mariage-islamique-personnalise-luxe-coran-stylo-boites-sda9-livre-de-basma\/#primaryimage\",\"url\":\"https:\/\/decomarcgifts.com\/wp-content\/uploads\/2026\/05\/WhatsApp-Image-2026-04-07-at-2.28.03-PM.jpeg\",\"contentUrl\":\"https:\/\/decomarcgifts.com\/wp-content\/uploads\/2026\/05\/WhatsApp-Image-2026-04-07-at-2.28.03-PM.jpeg\",\"width\":904,\"height\":1600},{\"@type\":\"BreadcrumbList\",\"@id\":\"https:\/\/decomarcgifts.com\/produit\/coffret-mariage-islamique-personnalise-luxe-coran-stylo-boites-sda9-livre-de-basma\/#breadcrumb\",\"itemListElement\":[{\"@type\":\"ListItem\",\"position\":1,\"name\":\"Accueil\",\"item\":\"https:\/\/decomarcgifts.com\/\"},{\"@type\":\"ListItem\",\"position\":2,\"name\":\"Catalogue\",\"item\":\"https:\/\/decomarcgifts.com\/catalogue\/\"},{\"@type\":\"ListItem\",\"position\":3,\"name\":\"Coffret Mariage Islamique Personnalis\u00e9 Luxe \u2013 Coran, Stylo, Bo\u00eetes Sda9 &#038; Livre de Basma\"}]},{\"@type\":\"WebSite\",\"@id\":\"https:\/\/decomarcgifts.com\/#website\",\"url\":\"https:\/\/decomarcgifts.com\/\",\"name\":\"Deco &amp; Marc\",\"description\":\"L&#039;\u00e9l\u00e9gance au plus que parfait\",\"potentialAction\":[{\"@type\":\"SearchAction\",\"target\":{\"@type\":\"EntryPoint\",\"urlTemplate\":\"https:\/\/decomarcgifts.com\/?s={search_term_string}\"},\"query-input\":{\"@type\":\"PropertyValueSpecification\",\"valueRequired\":true,\"valueName\":\"search_term_string\"}}],\"inLanguage\":\"en-US\"}]}<\/script>\n<!-- \/ Yoast SEO plugin. -->","yoast_head_json":{"title":"Coffret Mariage Islamique Personnalis\u00e9 Luxe \u2013 Coran, Stylo, Bo\u00eetes Sda9 & Livre de Basma Casablanca Rabat Tanger Marakkech Maroc","description":"Coffret Mariage Islamique Personnalis\u00e9 Luxe \u2013 Coran, Stylo, Bo\u00eetes Sda9 & Livre de Basma Casablanca Rabat Tanger Marakkech Maroc","robots":{"index":"index","follow":"follow","max-snippet":"max-snippet:-1","max-image-preview":"max-image-preview:large","max-video-preview":"max-video-preview:-1"},"canonical":"https:\/\/decomarcgifts.com\/en\/product\/coffret-mariage-islamique-personnalise-luxe-coran-stylo-boites-sda9-livre-de-basma\/","og_locale":"en_US","og_type":"article","og_title":"Coffret Mariage Islamique Personnalis\u00e9 Luxe \u2013 Coran, Stylo, Bo\u00eetes Sda9 & Livre de Basma Casablanca Rabat Tanger Marakkech Maroc","og_description":"Coffret Mariage Islamique Personnalis\u00e9 Luxe \u2013 Coran, Stylo, Bo\u00eetes Sda9 & Livre de Basma Casablanca Rabat Tanger Marakkech Maroc","og_url":"https:\/\/decomarcgifts.com\/en\/product\/coffret-mariage-islamique-personnalise-luxe-coran-stylo-boites-sda9-livre-de-basma\/","og_site_name":"Deco &amp; Marc","og_image":[{"width":904,"height":1600,"url":"https:\/\/decomarcgifts.com\/wp-content\/uploads\/2026\/05\/WhatsApp-Image-2026-04-07-at-2.28.03-PM.jpeg","type":"image\/jpeg"}],"twitter_card":"summary_large_image","twitter_misc":{"Est. reading time":"1 minute"},"schema":{"@context":"https:\/\/schema.org","@graph":[{"@type":"WebPage","@id":"https:\/\/decomarcgifts.com\/produit\/coffret-mariage-islamique-personnalise-luxe-coran-stylo-boites-sda9-livre-de-basma\/","url":"https:\/\/decomarcgifts.com\/produit\/coffret-mariage-islamique-personnalise-luxe-coran-stylo-boites-sda9-livre-de-basma\/","name":"Coffret Mariage Islamique Personnalis\u00e9 Luxe \u2013 Coran, Stylo, Bo\u00eetes Sda9 & Livre de Basma Casablanca Rabat Tanger Marakkech Maroc","isPartOf":{"@id":"https:\/\/decomarcgifts.com\/#website"},"primaryImageOfPage":{"@id":"https:\/\/decomarcgifts.com\/produit\/coffret-mariage-islamique-personnalise-luxe-coran-stylo-boites-sda9-livre-de-basma\/#primaryimage"},"image":{"@id":"https:\/\/decomarcgifts.com\/produit\/coffret-mariage-islamique-personnalise-luxe-coran-stylo-boites-sda9-livre-de-basma\/#primaryimage"},"thumbnailUrl":"https:\/\/decomarcgifts.com\/wp-content\/uploads\/2026\/05\/WhatsApp-Image-2026-04-07-at-2.28.03-PM.jpeg","datePublished":"2026-05-08T23:55:26+00:00","description":"Coffret Mariage Islamique Personnalis\u00e9 Luxe \u2013 Coran, Stylo, Bo\u00eetes Sda9 & Livre de Basma Casablanca Rabat Tanger Marakkech Maroc","breadcrumb":{"@id":"https:\/\/decomarcgifts.com\/produit\/coffret-mariage-islamique-personnalise-luxe-coran-stylo-boites-sda9-livre-de-basma\/#breadcrumb"},"inLanguage":"en-US","potentialAction":[{"@type":"ReadAction","target":["https:\/\/decomarcgifts.com\/produit\/coffret-mariage-islamique-personnalise-luxe-coran-stylo-boites-sda9-livre-de-basma\/"]}]},{"@type":"ImageObject","inLanguage":"en-US","@id":"https:\/\/decomarcgifts.com\/produit\/coffret-mariage-islamique-personnalise-luxe-coran-stylo-boites-sda9-livre-de-basma\/#primaryimage","url":"https:\/\/decomarcgifts.com\/wp-content\/uploads\/2026\/05\/WhatsApp-Image-2026-04-07-at-2.28.03-PM.jpeg","contentUrl":"https:\/\/decomarcgifts.com\/wp-content\/uploads\/2026\/05\/WhatsApp-Image-2026-04-07-at-2.28.03-PM.jpeg","width":904,"height":1600},{"@type":"BreadcrumbList","@id":"https:\/\/decomarcgifts.com\/produit\/coffret-mariage-islamique-personnalise-luxe-coran-stylo-boites-sda9-livre-de-basma\/#breadcrumb","itemListElement":[{"@type":"ListItem","position":1,"name":"Accueil","item":"https:\/\/decomarcgifts.com\/"},{"@type":"ListItem","position":2,"name":"Catalogue","item":"https:\/\/decomarcgifts.com\/catalogue\/"},{"@type":"ListItem","position":3,"name":"Coffret Mariage Islamique Personnalis\u00e9 Luxe \u2013 Coran, Stylo, Bo\u00eetes Sda9 &#038; Livre de Basma"}]},{"@type":"WebSite","@id":"https:\/\/decomarcgifts.com\/#website","url":"https:\/\/decomarcgifts.com\/","name":"Deco &amp; Marc","description":"More than perfect elegance","potentialAction":[{"@type":"SearchAction","target":{"@type":"EntryPoint","urlTemplate":"https:\/\/decomarcgifts.com\/?s={search_term_string}"},"query-input":{"@type":"PropertyValueSpecification","valueRequired":true,"valueName":"search_term_string"}}],"inLanguage":"en-US"}]}},"_links":{"self":[{"href":"https:\/\/decomarcgifts.com\/en\/wp-json\/wp\/v2\/product\/12028","targetHints":{"allow":["GET"]}}],"collection":[{"href":"https:\/\/decomarcgifts.com\/en\/wp-json\/wp\/v2\/product"}],"about":[{"href":"https:\/\/decomarcgifts.com\/en\/wp-json\/wp\/v2\/types\/product"}],"wp:featuredmedia":[{"embeddable":true,"href":"https:\/\/decomarcgifts.com\/en\/wp-json\/wp\/v2\/media\/12029"}],"wp:attachment":[{"href":"https:\/\/decomarcgifts.com\/en\/wp-json\/wp\/v2\/media?parent=12028"}],"wp:term":[{"taxonomy":"product_brand","embeddable":true,"href":"https:\/\/decomarcgifts.com\/en\/wp-json\/wp\/v2\/product_brand?post=12028"},{"taxonomy":"product_cat","embeddable":true,"href":"https:\/\/decomarcgifts.com\/en\/wp-json\/wp\/v2\/product_cat?post=12028"},{"taxonomy":"product_tag","embeddable":true,"href":"https:\/\/decomarcgifts.com\/en\/wp-json\/wp\/v2\/product_tag?post=12028"}],"curies":[{"name":"wp","href":"https:\/\/api.w.org\/{rel}","templated":true}]}}