{"id":11997,"date":"2026-04-21T20:39:47","date_gmt":"2026-04-21T20:39:47","guid":{"rendered":"https:\/\/decomarcgifts.com\/"},"modified":"2026-04-21T20:39:47","modified_gmt":"2026-04-21T20:39:47","slug":"prestige-floral-arrangement-roses-delicate-flowers-in-elegant-box","status":"publish","type":"product","link":"https:\/\/decomarcgifts.com\/en\/product\/prestige-floral-arrangement-roses-delicate-flowers-in-elegant-box\/","title":{"rendered":"Composition Florale Prestige - Roses &amp; Delicate Flowers in an Elegant Box"},"content":{"rendered":"","protected":false},"excerpt":{"rendered":"<p>Add a touch of refinement and softness with this sumptuous, carefully crafted floral arrangement. Presented in an elegant green box, it harmoniously combines white and powder-pink roses with delicate blossoms and subtle foliage for a chic, natural look.<\/p>\n<p>Each flower is selected for its freshness and beauty, creating a voluminous, balanced arrangement that instantly illuminates any space. Ideal for celebrating a special moment, expressing your feelings or simply offering an elegant gesture, this arrangement embodies finesse and good taste.<\/p>\n<p>A timeless floral gift that seduces with its delicate charm and luxurious allure.<\/p>","protected":false},"featured_media":11998,"template":"","meta":{"_monsterinsights_skip_tracking":false,"_monsterinsights_sitenote_active":false,"_monsterinsights_sitenote_note":"","_monsterinsights_sitenote_category":0,"_joinchat":[]},"product_brand":[],"product_cat":[24],"product_tag":[],"class_list":{"0":"post-11997","1":"product","2":"type-product","3":"status-publish","4":"has-post-thumbnail","6":"product_cat-mariage-et-fiancaille","9":"instock","10":"shipping-taxable","11":"purchasable","12":"product-type-simple"},"yoast_head":"<!-- This site is optimized with the Yoast SEO plugin v27.1.1 - https:\/\/yoast.com\/product\/yoast-seo-wordpress\/ -->\n<title>Composition Florale Prestige \u2013 Roses &amp; Fleurs D\u00e9licates en Bo\u00eete \u00c9l\u00e9gante Casablanca Rabat Tanger Marakkech Maroc<\/title>\n<meta name=\"description\" content=\"Composition Florale Prestige \u2013 Roses &amp; Fleurs D\u00e9licates en Bo\u00eete \u00c9l\u00e9gante Casablanca Rabat Tanger Marakkech Maroc\" \/>\n<meta name=\"robots\" content=\"index, follow, max-snippet:-1, max-image-preview:large, max-video-preview:-1\" \/>\n<link rel=\"canonical\" href=\"https:\/\/decomarcgifts.com\/en\/product\/prestige-floral-arrangement-roses-delicate-flowers-in-elegant-box\/\" \/>\n<meta property=\"og:locale\" content=\"en_US\" \/>\n<meta property=\"og:type\" content=\"article\" \/>\n<meta property=\"og:title\" content=\"Composition Florale Prestige \u2013 Roses &amp; Fleurs D\u00e9licates en Bo\u00eete \u00c9l\u00e9gante Casablanca Rabat Tanger Marakkech Maroc\" \/>\n<meta property=\"og:description\" content=\"Composition Florale Prestige \u2013 Roses &amp; Fleurs D\u00e9licates en Bo\u00eete \u00c9l\u00e9gante Casablanca Rabat Tanger Marakkech Maroc\" \/>\n<meta property=\"og:url\" content=\"https:\/\/decomarcgifts.com\/en\/product\/prestige-floral-arrangement-roses-delicate-flowers-in-elegant-box\/\" \/>\n<meta property=\"og:site_name\" content=\"Deco &amp; Marc\" \/>\n<meta property=\"og:image\" content=\"https:\/\/decomarcgifts.com\/wp-content\/uploads\/2026\/04\/WhatsApp-Image-2026-04-21-at-4.23.36-PM.jpeg\" \/>\n\t<meta property=\"og:image:width\" content=\"1200\" \/>\n\t<meta property=\"og:image:height\" content=\"1600\" \/>\n\t<meta property=\"og:image:type\" content=\"image\/jpeg\" \/>\n<meta name=\"twitter:card\" content=\"summary_large_image\" \/>\n<meta name=\"twitter:label1\" content=\"Est. reading time\" \/>\n\t<meta name=\"twitter:data1\" content=\"1 minute\" \/>\n<script type=\"application\/ld+json\" class=\"yoast-schema-graph\">{\"@context\":\"https:\/\/schema.org\",\"@graph\":[{\"@type\":\"WebPage\",\"@id\":\"https:\/\/decomarcgifts.com\/produit\/composition-florale-prestige-roses-fleurs-delicates-en-boite-elegante\/\",\"url\":\"https:\/\/decomarcgifts.com\/produit\/composition-florale-prestige-roses-fleurs-delicates-en-boite-elegante\/\",\"name\":\"Composition Florale Prestige \u2013 Roses & Fleurs D\u00e9licates en Bo\u00eete \u00c9l\u00e9gante Casablanca Rabat Tanger Marakkech Maroc\",\"isPartOf\":{\"@id\":\"https:\/\/decomarcgifts.com\/#website\"},\"primaryImageOfPage\":{\"@id\":\"https:\/\/decomarcgifts.com\/produit\/composition-florale-prestige-roses-fleurs-delicates-en-boite-elegante\/#primaryimage\"},\"image\":{\"@id\":\"https:\/\/decomarcgifts.com\/produit\/composition-florale-prestige-roses-fleurs-delicates-en-boite-elegante\/#primaryimage\"},\"thumbnailUrl\":\"https:\/\/decomarcgifts.com\/wp-content\/uploads\/2026\/04\/WhatsApp-Image-2026-04-21-at-4.23.36-PM.jpeg\",\"datePublished\":\"2026-04-21T20:39:47+00:00\",\"description\":\"Composition Florale Prestige \u2013 Roses & Fleurs D\u00e9licates en Bo\u00eete \u00c9l\u00e9gante Casablanca Rabat Tanger Marakkech Maroc\",\"breadcrumb\":{\"@id\":\"https:\/\/decomarcgifts.com\/produit\/composition-florale-prestige-roses-fleurs-delicates-en-boite-elegante\/#breadcrumb\"},\"inLanguage\":\"en-US\",\"potentialAction\":[{\"@type\":\"ReadAction\",\"target\":[\"https:\/\/decomarcgifts.com\/produit\/composition-florale-prestige-roses-fleurs-delicates-en-boite-elegante\/\"]}]},{\"@type\":\"ImageObject\",\"inLanguage\":\"en-US\",\"@id\":\"https:\/\/decomarcgifts.com\/produit\/composition-florale-prestige-roses-fleurs-delicates-en-boite-elegante\/#primaryimage\",\"url\":\"https:\/\/decomarcgifts.com\/wp-content\/uploads\/2026\/04\/WhatsApp-Image-2026-04-21-at-4.23.36-PM.jpeg\",\"contentUrl\":\"https:\/\/decomarcgifts.com\/wp-content\/uploads\/2026\/04\/WhatsApp-Image-2026-04-21-at-4.23.36-PM.jpeg\",\"width\":1200,\"height\":1600},{\"@type\":\"BreadcrumbList\",\"@id\":\"https:\/\/decomarcgifts.com\/produit\/composition-florale-prestige-roses-fleurs-delicates-en-boite-elegante\/#breadcrumb\",\"itemListElement\":[{\"@type\":\"ListItem\",\"position\":1,\"name\":\"Accueil\",\"item\":\"https:\/\/decomarcgifts.com\/\"},{\"@type\":\"ListItem\",\"position\":2,\"name\":\"Catalogue\",\"item\":\"https:\/\/decomarcgifts.com\/catalogue\/\"},{\"@type\":\"ListItem\",\"position\":3,\"name\":\"Composition Florale Prestige \u2013 Roses &#038; Fleurs D\u00e9licates en Bo\u00eete \u00c9l\u00e9gante\"}]},{\"@type\":\"WebSite\",\"@id\":\"https:\/\/decomarcgifts.com\/#website\",\"url\":\"https:\/\/decomarcgifts.com\/\",\"name\":\"Deco &amp; Marc\",\"description\":\"L&#039;\u00e9l\u00e9gance au plus que parfait\",\"potentialAction\":[{\"@type\":\"SearchAction\",\"target\":{\"@type\":\"EntryPoint\",\"urlTemplate\":\"https:\/\/decomarcgifts.com\/?s={search_term_string}\"},\"query-input\":{\"@type\":\"PropertyValueSpecification\",\"valueRequired\":true,\"valueName\":\"search_term_string\"}}],\"inLanguage\":\"en-US\"}]}<\/script>\n<!-- \/ Yoast SEO plugin. -->","yoast_head_json":{"title":"Composition Florale Prestige - Roses &amp; Delicate Flowers in Elegant Box Casablanca Rabat Tangier Marakkech Morocco","description":"Composition Florale Prestige - Roses &amp; Delicate Flowers in Elegant Box Casablanca Rabat Tangier Marakkech Morocco","robots":{"index":"index","follow":"follow","max-snippet":"max-snippet:-1","max-image-preview":"max-image-preview:large","max-video-preview":"max-video-preview:-1"},"canonical":"https:\/\/decomarcgifts.com\/en\/product\/prestige-floral-arrangement-roses-delicate-flowers-in-elegant-box\/","og_locale":"en_US","og_type":"article","og_title":"Composition Florale Prestige \u2013 Roses & Fleurs D\u00e9licates en Bo\u00eete \u00c9l\u00e9gante Casablanca Rabat Tanger Marakkech Maroc","og_description":"Composition Florale Prestige \u2013 Roses & Fleurs D\u00e9licates en Bo\u00eete \u00c9l\u00e9gante Casablanca Rabat Tanger Marakkech Maroc","og_url":"https:\/\/decomarcgifts.com\/en\/product\/prestige-floral-arrangement-roses-delicate-flowers-in-elegant-box\/","og_site_name":"Deco &amp; Marc","og_image":[{"width":1200,"height":1600,"url":"https:\/\/decomarcgifts.com\/wp-content\/uploads\/2026\/04\/WhatsApp-Image-2026-04-21-at-4.23.36-PM.jpeg","type":"image\/jpeg"}],"twitter_card":"summary_large_image","twitter_misc":{"Est. reading time":"1 minute"},"schema":{"@context":"https:\/\/schema.org","@graph":[{"@type":"WebPage","@id":"https:\/\/decomarcgifts.com\/produit\/composition-florale-prestige-roses-fleurs-delicates-en-boite-elegante\/","url":"https:\/\/decomarcgifts.com\/produit\/composition-florale-prestige-roses-fleurs-delicates-en-boite-elegante\/","name":"Composition Florale Prestige - Roses &amp; Delicate Flowers in Elegant Box Casablanca Rabat Tangier Marakkech Morocco","isPartOf":{"@id":"https:\/\/decomarcgifts.com\/#website"},"primaryImageOfPage":{"@id":"https:\/\/decomarcgifts.com\/produit\/composition-florale-prestige-roses-fleurs-delicates-en-boite-elegante\/#primaryimage"},"image":{"@id":"https:\/\/decomarcgifts.com\/produit\/composition-florale-prestige-roses-fleurs-delicates-en-boite-elegante\/#primaryimage"},"thumbnailUrl":"https:\/\/decomarcgifts.com\/wp-content\/uploads\/2026\/04\/WhatsApp-Image-2026-04-21-at-4.23.36-PM.jpeg","datePublished":"2026-04-21T20:39:47+00:00","description":"Composition Florale Prestige - Roses &amp; Delicate Flowers in Elegant Box Casablanca Rabat Tangier Marakkech Morocco","breadcrumb":{"@id":"https:\/\/decomarcgifts.com\/produit\/composition-florale-prestige-roses-fleurs-delicates-en-boite-elegante\/#breadcrumb"},"inLanguage":"en-US","potentialAction":[{"@type":"ReadAction","target":["https:\/\/decomarcgifts.com\/produit\/composition-florale-prestige-roses-fleurs-delicates-en-boite-elegante\/"]}]},{"@type":"ImageObject","inLanguage":"en-US","@id":"https:\/\/decomarcgifts.com\/produit\/composition-florale-prestige-roses-fleurs-delicates-en-boite-elegante\/#primaryimage","url":"https:\/\/decomarcgifts.com\/wp-content\/uploads\/2026\/04\/WhatsApp-Image-2026-04-21-at-4.23.36-PM.jpeg","contentUrl":"https:\/\/decomarcgifts.com\/wp-content\/uploads\/2026\/04\/WhatsApp-Image-2026-04-21-at-4.23.36-PM.jpeg","width":1200,"height":1600},{"@type":"BreadcrumbList","@id":"https:\/\/decomarcgifts.com\/produit\/composition-florale-prestige-roses-fleurs-delicates-en-boite-elegante\/#breadcrumb","itemListElement":[{"@type":"ListItem","position":1,"name":"Accueil","item":"https:\/\/decomarcgifts.com\/"},{"@type":"ListItem","position":2,"name":"Catalogue","item":"https:\/\/decomarcgifts.com\/catalogue\/"},{"@type":"ListItem","position":3,"name":"Composition Florale Prestige \u2013 Roses &#038; Fleurs D\u00e9licates en Bo\u00eete \u00c9l\u00e9gante"}]},{"@type":"WebSite","@id":"https:\/\/decomarcgifts.com\/#website","url":"https:\/\/decomarcgifts.com\/","name":"Deco &amp; Marc","description":"More than perfect elegance","potentialAction":[{"@type":"SearchAction","target":{"@type":"EntryPoint","urlTemplate":"https:\/\/decomarcgifts.com\/?s={search_term_string}"},"query-input":{"@type":"PropertyValueSpecification","valueRequired":true,"valueName":"search_term_string"}}],"inLanguage":"en-US"}]}},"_links":{"self":[{"href":"https:\/\/decomarcgifts.com\/en\/wp-json\/wp\/v2\/product\/11997","targetHints":{"allow":["GET"]}}],"collection":[{"href":"https:\/\/decomarcgifts.com\/en\/wp-json\/wp\/v2\/product"}],"about":[{"href":"https:\/\/decomarcgifts.com\/en\/wp-json\/wp\/v2\/types\/product"}],"wp:featuredmedia":[{"embeddable":true,"href":"https:\/\/decomarcgifts.com\/en\/wp-json\/wp\/v2\/media\/11998"}],"wp:attachment":[{"href":"https:\/\/decomarcgifts.com\/en\/wp-json\/wp\/v2\/media?parent=11997"}],"wp:term":[{"taxonomy":"product_brand","embeddable":true,"href":"https:\/\/decomarcgifts.com\/en\/wp-json\/wp\/v2\/product_brand?post=11997"},{"taxonomy":"product_cat","embeddable":true,"href":"https:\/\/decomarcgifts.com\/en\/wp-json\/wp\/v2\/product_cat?post=11997"},{"taxonomy":"product_tag","embeddable":true,"href":"https:\/\/decomarcgifts.com\/en\/wp-json\/wp\/v2\/product_tag?post=11997"}],"curies":[{"name":"wp","href":"https:\/\/api.w.org\/{rel}","templated":true}]}}