{"id":11902,"date":"2026-04-03T02:12:28","date_gmt":"2026-04-03T02:12:28","guid":{"rendered":"https:\/\/decomarcgifts.com\/"},"modified":"2026-04-03T02:12:28","modified_gmt":"2026-04-03T02:12:28","slug":"delices-marc-floral-box-white-roses-roses-and-white-flowers-in-elegant-pink-box","status":"publish","type":"product","link":"https:\/\/decomarcgifts.com\/en\/product\/delices-marc-floral-box-white-roses-roses-and-white-flowers-in-elegant-pink-box\/","title":{"rendered":"Bo\u00eete Florale D\u00e9lices Marc: White Roses, Roses and White Flowers in an Elegant Pink Box"},"content":{"rendered":"","protected":false},"excerpt":{"rendered":"<p>Discover D\u00e9lices Marc's signature floral box, a floral masterpiece presented in a chic pink box adorned with a blue ribbon. It's bursting with delicate white and pink roses, bright white daisies, verdant foliage and subtle floral accents for a touch of natural freshness. Perfect for special occasions like birthdays, declarations of love or a simple thoughtful gesture, this arrangement evokes purity, elegance and infinite tenderness. Fast delivery available in Morocco to brighten any occasion.<\/p>","protected":false},"featured_media":11905,"template":"","meta":{"_monsterinsights_skip_tracking":false,"_monsterinsights_sitenote_active":false,"_monsterinsights_sitenote_note":"","_monsterinsights_sitenote_category":0,"_joinchat":[]},"product_brand":[],"product_cat":[16],"product_tag":[],"class_list":{"0":"post-11902","1":"product","2":"type-product","3":"status-publish","4":"has-post-thumbnail","6":"product_cat-boites-fleurs","9":"instock","10":"shipping-taxable","11":"purchasable","12":"product-type-simple"},"yoast_head":"<!-- This site is optimized with the Yoast SEO plugin v27.1.1 - https:\/\/yoast.com\/product\/yoast-seo-wordpress\/ -->\n<title>Bo\u00eete Florale D\u00e9lices Marc : Roses Blanches, Roses et Fleurs Blanches en Coffret Rose \u00c9l\u00e9gant Casablanca Rabat Tanger Marakkech Maroc<\/title>\n<meta name=\"description\" content=\"Bo\u00eete Florale D\u00e9lices Marc : Roses Blanches, Roses et Fleurs Blanches en Coffret Rose \u00c9l\u00e9gant Casablanca Rabat Tanger Marakkech Maroc\" \/>\n<meta name=\"robots\" content=\"index, follow, max-snippet:-1, max-image-preview:large, max-video-preview:-1\" \/>\n<link rel=\"canonical\" href=\"https:\/\/decomarcgifts.com\/en\/product\/delices-marc-floral-box-white-roses-roses-and-white-flowers-in-elegant-pink-box\/\" \/>\n<meta property=\"og:locale\" content=\"en_US\" \/>\n<meta property=\"og:type\" content=\"article\" \/>\n<meta property=\"og:title\" content=\"Bo\u00eete Florale D\u00e9lices Marc : Roses Blanches, Roses et Fleurs Blanches en Coffret Rose \u00c9l\u00e9gant Casablanca Rabat Tanger Marakkech Maroc\" \/>\n<meta property=\"og:description\" content=\"Bo\u00eete Florale D\u00e9lices Marc : Roses Blanches, Roses et Fleurs Blanches en Coffret Rose \u00c9l\u00e9gant Casablanca Rabat Tanger Marakkech Maroc\" \/>\n<meta property=\"og:url\" content=\"https:\/\/decomarcgifts.com\/en\/product\/delices-marc-floral-box-white-roses-roses-and-white-flowers-in-elegant-pink-box\/\" \/>\n<meta property=\"og:site_name\" content=\"Deco &amp; Marc\" \/>\n<meta property=\"og:image\" content=\"https:\/\/decomarcgifts.com\/wp-content\/uploads\/2026\/04\/WhatsApp-Image-2026-04-02-at-5.56.02-PM.jpeg\" \/>\n\t<meta property=\"og:image:width\" content=\"1200\" \/>\n\t<meta property=\"og:image:height\" content=\"1600\" \/>\n\t<meta property=\"og:image:type\" content=\"image\/jpeg\" \/>\n<meta name=\"twitter:card\" content=\"summary_large_image\" \/>\n<meta name=\"twitter:label1\" content=\"Est. reading time\" \/>\n\t<meta name=\"twitter:data1\" content=\"1 minute\" \/>\n<script type=\"application\/ld+json\" class=\"yoast-schema-graph\">{\"@context\":\"https:\/\/schema.org\",\"@graph\":[{\"@type\":\"WebPage\",\"@id\":\"https:\/\/decomarcgifts.com\/produit\/boite-florale-delices-marc-roses-blanches-roses-et-fleurs-blanches-en-coffret-rose-elegant\/\",\"url\":\"https:\/\/decomarcgifts.com\/produit\/boite-florale-delices-marc-roses-blanches-roses-et-fleurs-blanches-en-coffret-rose-elegant\/\",\"name\":\"Bo\u00eete Florale D\u00e9lices Marc : Roses Blanches, Roses et Fleurs Blanches en Coffret Rose \u00c9l\u00e9gant Casablanca Rabat Tanger Marakkech Maroc\",\"isPartOf\":{\"@id\":\"https:\/\/decomarcgifts.com\/#website\"},\"primaryImageOfPage\":{\"@id\":\"https:\/\/decomarcgifts.com\/produit\/boite-florale-delices-marc-roses-blanches-roses-et-fleurs-blanches-en-coffret-rose-elegant\/#primaryimage\"},\"image\":{\"@id\":\"https:\/\/decomarcgifts.com\/produit\/boite-florale-delices-marc-roses-blanches-roses-et-fleurs-blanches-en-coffret-rose-elegant\/#primaryimage\"},\"thumbnailUrl\":\"https:\/\/decomarcgifts.com\/wp-content\/uploads\/2026\/04\/WhatsApp-Image-2026-04-02-at-5.56.02-PM.jpeg\",\"datePublished\":\"2026-04-03T02:12:28+00:00\",\"description\":\"Bo\u00eete Florale D\u00e9lices Marc : Roses Blanches, Roses et Fleurs Blanches en Coffret Rose \u00c9l\u00e9gant Casablanca Rabat Tanger Marakkech Maroc\",\"breadcrumb\":{\"@id\":\"https:\/\/decomarcgifts.com\/produit\/boite-florale-delices-marc-roses-blanches-roses-et-fleurs-blanches-en-coffret-rose-elegant\/#breadcrumb\"},\"inLanguage\":\"en-US\",\"potentialAction\":[{\"@type\":\"ReadAction\",\"target\":[\"https:\/\/decomarcgifts.com\/produit\/boite-florale-delices-marc-roses-blanches-roses-et-fleurs-blanches-en-coffret-rose-elegant\/\"]}]},{\"@type\":\"ImageObject\",\"inLanguage\":\"en-US\",\"@id\":\"https:\/\/decomarcgifts.com\/produit\/boite-florale-delices-marc-roses-blanches-roses-et-fleurs-blanches-en-coffret-rose-elegant\/#primaryimage\",\"url\":\"https:\/\/decomarcgifts.com\/wp-content\/uploads\/2026\/04\/WhatsApp-Image-2026-04-02-at-5.56.02-PM.jpeg\",\"contentUrl\":\"https:\/\/decomarcgifts.com\/wp-content\/uploads\/2026\/04\/WhatsApp-Image-2026-04-02-at-5.56.02-PM.jpeg\",\"width\":1200,\"height\":1600},{\"@type\":\"BreadcrumbList\",\"@id\":\"https:\/\/decomarcgifts.com\/produit\/boite-florale-delices-marc-roses-blanches-roses-et-fleurs-blanches-en-coffret-rose-elegant\/#breadcrumb\",\"itemListElement\":[{\"@type\":\"ListItem\",\"position\":1,\"name\":\"Accueil\",\"item\":\"https:\/\/decomarcgifts.com\/\"},{\"@type\":\"ListItem\",\"position\":2,\"name\":\"Catalogue\",\"item\":\"https:\/\/decomarcgifts.com\/catalogue\/\"},{\"@type\":\"ListItem\",\"position\":3,\"name\":\"Bo\u00eete Florale D\u00e9lices Marc : Roses Blanches, Roses et Fleurs Blanches en Coffret Rose \u00c9l\u00e9gant\"}]},{\"@type\":\"WebSite\",\"@id\":\"https:\/\/decomarcgifts.com\/#website\",\"url\":\"https:\/\/decomarcgifts.com\/\",\"name\":\"Deco &amp; Marc\",\"description\":\"L&#039;\u00e9l\u00e9gance au plus que parfait\",\"potentialAction\":[{\"@type\":\"SearchAction\",\"target\":{\"@type\":\"EntryPoint\",\"urlTemplate\":\"https:\/\/decomarcgifts.com\/?s={search_term_string}\"},\"query-input\":{\"@type\":\"PropertyValueSpecification\",\"valueRequired\":true,\"valueName\":\"search_term_string\"}}],\"inLanguage\":\"en-US\"}]}<\/script>\n<!-- \/ Yoast SEO plugin. -->","yoast_head_json":{"title":"Bo\u00eete Florale D\u00e9lices Marc: White Roses, Roses and White Flowers in Elegant Rose Box Casablanca Rabat Tangier Marakkech Morocco","description":"Bo\u00eete Florale D\u00e9lices Marc: White Roses, Roses and White Flowers in Elegant Rose Box Casablanca Rabat Tangier Marakkech Morocco","robots":{"index":"index","follow":"follow","max-snippet":"max-snippet:-1","max-image-preview":"max-image-preview:large","max-video-preview":"max-video-preview:-1"},"canonical":"https:\/\/decomarcgifts.com\/en\/product\/delices-marc-floral-box-white-roses-roses-and-white-flowers-in-elegant-pink-box\/","og_locale":"en_US","og_type":"article","og_title":"Bo\u00eete Florale D\u00e9lices Marc : Roses Blanches, Roses et Fleurs Blanches en Coffret Rose \u00c9l\u00e9gant Casablanca Rabat Tanger Marakkech Maroc","og_description":"Bo\u00eete Florale D\u00e9lices Marc : Roses Blanches, Roses et Fleurs Blanches en Coffret Rose \u00c9l\u00e9gant Casablanca Rabat Tanger Marakkech Maroc","og_url":"https:\/\/decomarcgifts.com\/en\/product\/delices-marc-floral-box-white-roses-roses-and-white-flowers-in-elegant-pink-box\/","og_site_name":"Deco &amp; Marc","og_image":[{"width":1200,"height":1600,"url":"https:\/\/decomarcgifts.com\/wp-content\/uploads\/2026\/04\/WhatsApp-Image-2026-04-02-at-5.56.02-PM.jpeg","type":"image\/jpeg"}],"twitter_card":"summary_large_image","twitter_misc":{"Est. reading time":"1 minute"},"schema":{"@context":"https:\/\/schema.org","@graph":[{"@type":"WebPage","@id":"https:\/\/decomarcgifts.com\/produit\/boite-florale-delices-marc-roses-blanches-roses-et-fleurs-blanches-en-coffret-rose-elegant\/","url":"https:\/\/decomarcgifts.com\/produit\/boite-florale-delices-marc-roses-blanches-roses-et-fleurs-blanches-en-coffret-rose-elegant\/","name":"Bo\u00eete Florale D\u00e9lices Marc: White Roses, Roses and White Flowers in Elegant Rose Box Casablanca Rabat Tangier Marakkech Morocco","isPartOf":{"@id":"https:\/\/decomarcgifts.com\/#website"},"primaryImageOfPage":{"@id":"https:\/\/decomarcgifts.com\/produit\/boite-florale-delices-marc-roses-blanches-roses-et-fleurs-blanches-en-coffret-rose-elegant\/#primaryimage"},"image":{"@id":"https:\/\/decomarcgifts.com\/produit\/boite-florale-delices-marc-roses-blanches-roses-et-fleurs-blanches-en-coffret-rose-elegant\/#primaryimage"},"thumbnailUrl":"https:\/\/decomarcgifts.com\/wp-content\/uploads\/2026\/04\/WhatsApp-Image-2026-04-02-at-5.56.02-PM.jpeg","datePublished":"2026-04-03T02:12:28+00:00","description":"Bo\u00eete Florale D\u00e9lices Marc: White Roses, Roses and White Flowers in Elegant Rose Box Casablanca Rabat Tangier Marakkech Morocco","breadcrumb":{"@id":"https:\/\/decomarcgifts.com\/produit\/boite-florale-delices-marc-roses-blanches-roses-et-fleurs-blanches-en-coffret-rose-elegant\/#breadcrumb"},"inLanguage":"en-US","potentialAction":[{"@type":"ReadAction","target":["https:\/\/decomarcgifts.com\/produit\/boite-florale-delices-marc-roses-blanches-roses-et-fleurs-blanches-en-coffret-rose-elegant\/"]}]},{"@type":"ImageObject","inLanguage":"en-US","@id":"https:\/\/decomarcgifts.com\/produit\/boite-florale-delices-marc-roses-blanches-roses-et-fleurs-blanches-en-coffret-rose-elegant\/#primaryimage","url":"https:\/\/decomarcgifts.com\/wp-content\/uploads\/2026\/04\/WhatsApp-Image-2026-04-02-at-5.56.02-PM.jpeg","contentUrl":"https:\/\/decomarcgifts.com\/wp-content\/uploads\/2026\/04\/WhatsApp-Image-2026-04-02-at-5.56.02-PM.jpeg","width":1200,"height":1600},{"@type":"BreadcrumbList","@id":"https:\/\/decomarcgifts.com\/produit\/boite-florale-delices-marc-roses-blanches-roses-et-fleurs-blanches-en-coffret-rose-elegant\/#breadcrumb","itemListElement":[{"@type":"ListItem","position":1,"name":"Accueil","item":"https:\/\/decomarcgifts.com\/"},{"@type":"ListItem","position":2,"name":"Catalogue","item":"https:\/\/decomarcgifts.com\/catalogue\/"},{"@type":"ListItem","position":3,"name":"Bo\u00eete Florale D\u00e9lices Marc : Roses Blanches, Roses et Fleurs Blanches en Coffret Rose \u00c9l\u00e9gant"}]},{"@type":"WebSite","@id":"https:\/\/decomarcgifts.com\/#website","url":"https:\/\/decomarcgifts.com\/","name":"Deco &amp; Marc","description":"More than perfect elegance","potentialAction":[{"@type":"SearchAction","target":{"@type":"EntryPoint","urlTemplate":"https:\/\/decomarcgifts.com\/?s={search_term_string}"},"query-input":{"@type":"PropertyValueSpecification","valueRequired":true,"valueName":"search_term_string"}}],"inLanguage":"en-US"}]}},"_links":{"self":[{"href":"https:\/\/decomarcgifts.com\/en\/wp-json\/wp\/v2\/product\/11902","targetHints":{"allow":["GET"]}}],"collection":[{"href":"https:\/\/decomarcgifts.com\/en\/wp-json\/wp\/v2\/product"}],"about":[{"href":"https:\/\/decomarcgifts.com\/en\/wp-json\/wp\/v2\/types\/product"}],"wp:featuredmedia":[{"embeddable":true,"href":"https:\/\/decomarcgifts.com\/en\/wp-json\/wp\/v2\/media\/11905"}],"wp:attachment":[{"href":"https:\/\/decomarcgifts.com\/en\/wp-json\/wp\/v2\/media?parent=11902"}],"wp:term":[{"taxonomy":"product_brand","embeddable":true,"href":"https:\/\/decomarcgifts.com\/en\/wp-json\/wp\/v2\/product_brand?post=11902"},{"taxonomy":"product_cat","embeddable":true,"href":"https:\/\/decomarcgifts.com\/en\/wp-json\/wp\/v2\/product_cat?post=11902"},{"taxonomy":"product_tag","embeddable":true,"href":"https:\/\/decomarcgifts.com\/en\/wp-json\/wp\/v2\/product_tag?post=11902"}],"curies":[{"name":"wp","href":"https:\/\/api.w.org\/{rel}","templated":true}]}}