{"id":11629,"date":"2025-12-31T16:55:33","date_gmt":"2025-12-31T16:55:33","guid":{"rendered":"https:\/\/decomarcgifts.com\/?post_type=product&#038;p=11629"},"modified":"2025-12-31T16:55:59","modified_gmt":"2025-12-31T16:55:59","slug":"generous-bouquet-of-white-lilies-with-7-stems-elegantly-packaged","status":"publish","type":"product","link":"https:\/\/decomarcgifts.com\/en\/product\/generous-bouquet-of-white-lilies-with-7-stems-elegantly-packaged\/","title":{"rendered":"Generous bouquet of 7-stemmed white lilies, elegantly packaged"},"content":{"rendered":"","protected":false},"excerpt":{"rendered":"<p>This sumptuous bouquet brings together 7 stems of white Oriental lilies, offering 28 to 35 majestic blooms with delicate petals and an enchanting fragrance that perfumes the entire room. Symbols of purity, elegance and refinement, these white lilies are ideal for special occasions such as weddings, births or heartfelt tributes. Presented in a chic translucent package tied with a white ribbon, they arrive fresh with buds for extended blooming and a shelf life of 7 to 14 days.<br \/>\n\u200b<\/p>\n<p>Maintenance tips<br \/>\nCut the stems at an angle of 2-3 cm before placing in a clean vase, change the water every 2 days and remove the stamens to avoid staining. Avoid extreme temperatures and ethylene-emitting fruits to maximize freshness. Remove leaves in contact with water to prevent bacteria.<\/p>","protected":false},"featured_media":11630,"template":"","meta":{"_monsterinsights_skip_tracking":false,"_monsterinsights_sitenote_active":false,"_monsterinsights_sitenote_note":"","_monsterinsights_sitenote_category":0,"_joinchat":[]},"product_brand":[],"product_cat":[30],"product_tag":[],"class_list":{"0":"post-11629","1":"product","2":"type-product","3":"status-publish","4":"has-post-thumbnail","6":"product_cat-livraison-de-fleurs-casablanca-maroc","9":"instock","10":"shipping-taxable","11":"purchasable","12":"product-type-simple"},"yoast_head":"<!-- This site is optimized with the Yoast SEO plugin v27.1.1 - https:\/\/yoast.com\/product\/yoast-seo-wordpress\/ -->\n<title>Bouquet de lys blancs g\u00e9n\u00e9reux \u00e0 7 tiges, \u00e9l\u00e9gamment emball\u00e9 Casablanca Rabat Tanger Marakkech Maroc<\/title>\n<meta name=\"description\" content=\"Bouquet de lys blancs g\u00e9n\u00e9reux \u00e0 7 tiges, \u00e9l\u00e9gamment emball\u00e9 Casablanca Rabat Tanger Marakkech Maroc\" \/>\n<meta name=\"robots\" content=\"index, follow, max-snippet:-1, max-image-preview:large, max-video-preview:-1\" \/>\n<link rel=\"canonical\" href=\"https:\/\/decomarcgifts.com\/en\/product\/generous-bouquet-of-white-lilies-with-7-stems-elegantly-packaged\/\" \/>\n<meta property=\"og:locale\" content=\"en_US\" \/>\n<meta property=\"og:type\" content=\"article\" \/>\n<meta property=\"og:title\" content=\"Bouquet de lys blancs g\u00e9n\u00e9reux \u00e0 7 tiges, \u00e9l\u00e9gamment emball\u00e9 Casablanca Rabat Tanger Marakkech Maroc\" \/>\n<meta property=\"og:description\" content=\"Bouquet de lys blancs g\u00e9n\u00e9reux \u00e0 7 tiges, \u00e9l\u00e9gamment emball\u00e9 Casablanca Rabat Tanger Marakkech Maroc\" \/>\n<meta property=\"og:url\" content=\"https:\/\/decomarcgifts.com\/en\/product\/generous-bouquet-of-white-lilies-with-7-stems-elegantly-packaged\/\" \/>\n<meta property=\"og:site_name\" content=\"Deco &amp; Marc\" \/>\n<meta property=\"article:modified_time\" content=\"2025-12-31T16:55:59+00:00\" \/>\n<meta property=\"og:image\" content=\"https:\/\/decomarcgifts.com\/wp-content\/uploads\/2025\/12\/WhatsApp-Image-2025-12-31-at-17.42.22-1.jpeg\" \/>\n\t<meta property=\"og:image:width\" content=\"960\" \/>\n\t<meta property=\"og:image:height\" content=\"1280\" \/>\n\t<meta property=\"og:image:type\" content=\"image\/jpeg\" \/>\n<meta name=\"twitter:card\" content=\"summary_large_image\" \/>\n<meta name=\"twitter:label1\" content=\"Est. reading time\" \/>\n\t<meta name=\"twitter:data1\" content=\"1 minute\" \/>\n<script type=\"application\/ld+json\" class=\"yoast-schema-graph\">{\"@context\":\"https:\/\/schema.org\",\"@graph\":[{\"@type\":\"WebPage\",\"@id\":\"https:\/\/decomarcgifts.com\/produit\/bouquet-de-lys-blancs-genereux-a-7-tiges-elegamment-emballe\/\",\"url\":\"https:\/\/decomarcgifts.com\/produit\/bouquet-de-lys-blancs-genereux-a-7-tiges-elegamment-emballe\/\",\"name\":\"Bouquet de lys blancs g\u00e9n\u00e9reux \u00e0 7 tiges, \u00e9l\u00e9gamment emball\u00e9 Casablanca Rabat Tanger Marakkech Maroc\",\"isPartOf\":{\"@id\":\"https:\/\/decomarcgifts.com\/#website\"},\"primaryImageOfPage\":{\"@id\":\"https:\/\/decomarcgifts.com\/produit\/bouquet-de-lys-blancs-genereux-a-7-tiges-elegamment-emballe\/#primaryimage\"},\"image\":{\"@id\":\"https:\/\/decomarcgifts.com\/produit\/bouquet-de-lys-blancs-genereux-a-7-tiges-elegamment-emballe\/#primaryimage\"},\"thumbnailUrl\":\"https:\/\/decomarcgifts.com\/wp-content\/uploads\/2025\/12\/WhatsApp-Image-2025-12-31-at-17.42.22-1.jpeg\",\"datePublished\":\"2025-12-31T16:55:33+00:00\",\"dateModified\":\"2025-12-31T16:55:59+00:00\",\"description\":\"Bouquet de lys blancs g\u00e9n\u00e9reux \u00e0 7 tiges, \u00e9l\u00e9gamment emball\u00e9 Casablanca Rabat Tanger Marakkech Maroc\",\"breadcrumb\":{\"@id\":\"https:\/\/decomarcgifts.com\/produit\/bouquet-de-lys-blancs-genereux-a-7-tiges-elegamment-emballe\/#breadcrumb\"},\"inLanguage\":\"en-US\",\"potentialAction\":[{\"@type\":\"ReadAction\",\"target\":[\"https:\/\/decomarcgifts.com\/produit\/bouquet-de-lys-blancs-genereux-a-7-tiges-elegamment-emballe\/\"]}]},{\"@type\":\"ImageObject\",\"inLanguage\":\"en-US\",\"@id\":\"https:\/\/decomarcgifts.com\/produit\/bouquet-de-lys-blancs-genereux-a-7-tiges-elegamment-emballe\/#primaryimage\",\"url\":\"https:\/\/decomarcgifts.com\/wp-content\/uploads\/2025\/12\/WhatsApp-Image-2025-12-31-at-17.42.22-1.jpeg\",\"contentUrl\":\"https:\/\/decomarcgifts.com\/wp-content\/uploads\/2025\/12\/WhatsApp-Image-2025-12-31-at-17.42.22-1.jpeg\",\"width\":960,\"height\":1280},{\"@type\":\"BreadcrumbList\",\"@id\":\"https:\/\/decomarcgifts.com\/produit\/bouquet-de-lys-blancs-genereux-a-7-tiges-elegamment-emballe\/#breadcrumb\",\"itemListElement\":[{\"@type\":\"ListItem\",\"position\":1,\"name\":\"Accueil\",\"item\":\"https:\/\/decomarcgifts.com\/\"},{\"@type\":\"ListItem\",\"position\":2,\"name\":\"Catalogue\",\"item\":\"https:\/\/decomarcgifts.com\/catalogue\/\"},{\"@type\":\"ListItem\",\"position\":3,\"name\":\"Bouquet de lys blancs g\u00e9n\u00e9reux \u00e0 7 tiges, \u00e9l\u00e9gamment emball\u00e9\"}]},{\"@type\":\"WebSite\",\"@id\":\"https:\/\/decomarcgifts.com\/#website\",\"url\":\"https:\/\/decomarcgifts.com\/\",\"name\":\"Deco &amp; Marc\",\"description\":\"L&#039;\u00e9l\u00e9gance au plus que parfait\",\"potentialAction\":[{\"@type\":\"SearchAction\",\"target\":{\"@type\":\"EntryPoint\",\"urlTemplate\":\"https:\/\/decomarcgifts.com\/?s={search_term_string}\"},\"query-input\":{\"@type\":\"PropertyValueSpecification\",\"valueRequired\":true,\"valueName\":\"search_term_string\"}}],\"inLanguage\":\"en-US\"}]}<\/script>\n<!-- \/ Yoast SEO plugin. -->","yoast_head_json":{"title":"Generous bouquet of white lilies with 7 stems, elegantly wrapped Casablanca Rabat Tangier Marakkech Morocco","description":"Generous bouquet of white lilies with 7 stems, elegantly wrapped Casablanca Rabat Tangier Marakkech Morocco","robots":{"index":"index","follow":"follow","max-snippet":"max-snippet:-1","max-image-preview":"max-image-preview:large","max-video-preview":"max-video-preview:-1"},"canonical":"https:\/\/decomarcgifts.com\/en\/product\/generous-bouquet-of-white-lilies-with-7-stems-elegantly-packaged\/","og_locale":"en_US","og_type":"article","og_title":"Bouquet de lys blancs g\u00e9n\u00e9reux \u00e0 7 tiges, \u00e9l\u00e9gamment emball\u00e9 Casablanca Rabat Tanger Marakkech Maroc","og_description":"Bouquet de lys blancs g\u00e9n\u00e9reux \u00e0 7 tiges, \u00e9l\u00e9gamment emball\u00e9 Casablanca Rabat Tanger Marakkech Maroc","og_url":"https:\/\/decomarcgifts.com\/en\/product\/generous-bouquet-of-white-lilies-with-7-stems-elegantly-packaged\/","og_site_name":"Deco &amp; Marc","article_modified_time":"2025-12-31T16:55:59+00:00","og_image":[{"width":960,"height":1280,"url":"https:\/\/decomarcgifts.com\/wp-content\/uploads\/2025\/12\/WhatsApp-Image-2025-12-31-at-17.42.22-1.jpeg","type":"image\/jpeg"}],"twitter_card":"summary_large_image","twitter_misc":{"Est. reading time":"1 minute"},"schema":{"@context":"https:\/\/schema.org","@graph":[{"@type":"WebPage","@id":"https:\/\/decomarcgifts.com\/produit\/bouquet-de-lys-blancs-genereux-a-7-tiges-elegamment-emballe\/","url":"https:\/\/decomarcgifts.com\/produit\/bouquet-de-lys-blancs-genereux-a-7-tiges-elegamment-emballe\/","name":"Generous bouquet of white lilies with 7 stems, elegantly wrapped Casablanca Rabat Tangier Marakkech Morocco","isPartOf":{"@id":"https:\/\/decomarcgifts.com\/#website"},"primaryImageOfPage":{"@id":"https:\/\/decomarcgifts.com\/produit\/bouquet-de-lys-blancs-genereux-a-7-tiges-elegamment-emballe\/#primaryimage"},"image":{"@id":"https:\/\/decomarcgifts.com\/produit\/bouquet-de-lys-blancs-genereux-a-7-tiges-elegamment-emballe\/#primaryimage"},"thumbnailUrl":"https:\/\/decomarcgifts.com\/wp-content\/uploads\/2025\/12\/WhatsApp-Image-2025-12-31-at-17.42.22-1.jpeg","datePublished":"2025-12-31T16:55:33+00:00","dateModified":"2025-12-31T16:55:59+00:00","description":"Generous bouquet of white lilies with 7 stems, elegantly wrapped Casablanca Rabat Tangier Marakkech Morocco","breadcrumb":{"@id":"https:\/\/decomarcgifts.com\/produit\/bouquet-de-lys-blancs-genereux-a-7-tiges-elegamment-emballe\/#breadcrumb"},"inLanguage":"en-US","potentialAction":[{"@type":"ReadAction","target":["https:\/\/decomarcgifts.com\/produit\/bouquet-de-lys-blancs-genereux-a-7-tiges-elegamment-emballe\/"]}]},{"@type":"ImageObject","inLanguage":"en-US","@id":"https:\/\/decomarcgifts.com\/produit\/bouquet-de-lys-blancs-genereux-a-7-tiges-elegamment-emballe\/#primaryimage","url":"https:\/\/decomarcgifts.com\/wp-content\/uploads\/2025\/12\/WhatsApp-Image-2025-12-31-at-17.42.22-1.jpeg","contentUrl":"https:\/\/decomarcgifts.com\/wp-content\/uploads\/2025\/12\/WhatsApp-Image-2025-12-31-at-17.42.22-1.jpeg","width":960,"height":1280},{"@type":"BreadcrumbList","@id":"https:\/\/decomarcgifts.com\/produit\/bouquet-de-lys-blancs-genereux-a-7-tiges-elegamment-emballe\/#breadcrumb","itemListElement":[{"@type":"ListItem","position":1,"name":"Accueil","item":"https:\/\/decomarcgifts.com\/"},{"@type":"ListItem","position":2,"name":"Catalogue","item":"https:\/\/decomarcgifts.com\/catalogue\/"},{"@type":"ListItem","position":3,"name":"Bouquet de lys blancs g\u00e9n\u00e9reux \u00e0 7 tiges, \u00e9l\u00e9gamment emball\u00e9"}]},{"@type":"WebSite","@id":"https:\/\/decomarcgifts.com\/#website","url":"https:\/\/decomarcgifts.com\/","name":"Deco &amp; Marc","description":"More than perfect elegance","potentialAction":[{"@type":"SearchAction","target":{"@type":"EntryPoint","urlTemplate":"https:\/\/decomarcgifts.com\/?s={search_term_string}"},"query-input":{"@type":"PropertyValueSpecification","valueRequired":true,"valueName":"search_term_string"}}],"inLanguage":"en-US"}]}},"_links":{"self":[{"href":"https:\/\/decomarcgifts.com\/en\/wp-json\/wp\/v2\/product\/11629","targetHints":{"allow":["GET"]}}],"collection":[{"href":"https:\/\/decomarcgifts.com\/en\/wp-json\/wp\/v2\/product"}],"about":[{"href":"https:\/\/decomarcgifts.com\/en\/wp-json\/wp\/v2\/types\/product"}],"wp:featuredmedia":[{"embeddable":true,"href":"https:\/\/decomarcgifts.com\/en\/wp-json\/wp\/v2\/media\/11630"}],"wp:attachment":[{"href":"https:\/\/decomarcgifts.com\/en\/wp-json\/wp\/v2\/media?parent=11629"}],"wp:term":[{"taxonomy":"product_brand","embeddable":true,"href":"https:\/\/decomarcgifts.com\/en\/wp-json\/wp\/v2\/product_brand?post=11629"},{"taxonomy":"product_cat","embeddable":true,"href":"https:\/\/decomarcgifts.com\/en\/wp-json\/wp\/v2\/product_cat?post=11629"},{"taxonomy":"product_tag","embeddable":true,"href":"https:\/\/decomarcgifts.com\/en\/wp-json\/wp\/v2\/product_tag?post=11629"}],"curies":[{"name":"wp","href":"https:\/\/api.w.org\/{rel}","templated":true}]}}