{"id":11606,"date":"2025-12-31T02:49:53","date_gmt":"2025-12-31T02:49:53","guid":{"rendered":"https:\/\/decomarcgifts.com\/?post_type=product&#038;p=11606"},"modified":"2025-12-31T03:12:40","modified_gmt":"2025-12-31T03:12:40","slug":"cloche-rose-eternelle-rose-poudree","status":"publish","type":"product","link":"https:\/\/decomarcgifts.com\/en\/product\/cloche-rose-eternelle-rose-poudree\/","title":{"rendered":"Cloche Rose Eternelle Rose Poudr\u00e9e"},"content":{"rendered":"","protected":false},"excerpt":{"rendered":"<p>A delicate glass cloche containing a powder-pink eternal rose, set on a black base for a romantic, elegant touch in your home.<br \/>\n\u200b<\/p>\n<p>Product details<br \/>\nDimensions: 15 x 10 cm bell with chic gift box.<br \/>\n\u200b<\/p>\n<p>Composition: genuine stabilized pink eternal rose, dark green foliage and black base under a transparent glass cloche.<br \/>\n\u200b<\/p>\n<p>Color: soft powder pink, symbolizing tenderness, gentleness and refinement.<br \/>\n\u200b<\/p>\n<p>Features<br \/>\nA long-lasting floral creation that retains its beauty for many years without watering or maintenance.<br \/>\n\u200b<\/p>\n<p>Perfect as a gift for Mother's Day, birthdays, anniversaries or to add a chic, feminine touch to any decor.<\/p>","protected":false},"featured_media":11607,"template":"","meta":{"_monsterinsights_skip_tracking":false,"_monsterinsights_sitenote_active":false,"_monsterinsights_sitenote_note":"","_monsterinsights_sitenote_category":0,"_joinchat":[]},"product_brand":[],"product_cat":[34,15],"product_tag":[],"class_list":{"0":"post-11606","1":"product","2":"type-product","3":"status-publish","4":"has-post-thumbnail","6":"product_cat-fleurs-eternelles","7":"product_cat-non-classe","10":"instock","11":"shipping-taxable","12":"purchasable","13":"product-type-simple"},"yoast_head":"<!-- This site is optimized with the Yoast SEO plugin v27.1.1 - https:\/\/yoast.com\/product\/yoast-seo-wordpress\/ -->\n<title>Cloche Rose \u00c9ternelle Rose Poudr\u00e9e Casablanca Rabat Tanger Marakkech Maroc<\/title>\n<meta name=\"description\" content=\"Cloche Rose \u00c9ternelle Rose Poudr\u00e9e Casablanca Rabat Tanger Marakkech Maroc\" \/>\n<meta name=\"robots\" content=\"index, follow, max-snippet:-1, max-image-preview:large, max-video-preview:-1\" \/>\n<link rel=\"canonical\" href=\"https:\/\/decomarcgifts.com\/en\/product\/cloche-rose-eternelle-rose-poudree\/\" \/>\n<meta property=\"og:locale\" content=\"en_US\" \/>\n<meta property=\"og:type\" content=\"article\" \/>\n<meta property=\"og:title\" content=\"Cloche Rose \u00c9ternelle Rose Poudr\u00e9e Casablanca Rabat Tanger Marakkech Maroc\" \/>\n<meta property=\"og:description\" content=\"Cloche Rose \u00c9ternelle Rose Poudr\u00e9e Casablanca Rabat Tanger Marakkech Maroc\" \/>\n<meta property=\"og:url\" content=\"https:\/\/decomarcgifts.com\/en\/product\/cloche-rose-eternelle-rose-poudree\/\" \/>\n<meta property=\"og:site_name\" content=\"Deco &amp; Marc\" \/>\n<meta property=\"article:modified_time\" content=\"2025-12-31T03:12:40+00:00\" \/>\n<meta property=\"og:image\" content=\"https:\/\/decomarcgifts.com\/wp-content\/uploads\/2025\/12\/WhatsApp-Image-2025-12-27-at-13.25.04-3.jpeg\" \/>\n\t<meta property=\"og:image:width\" content=\"1200\" \/>\n\t<meta property=\"og:image:height\" content=\"1600\" \/>\n\t<meta property=\"og:image:type\" content=\"image\/jpeg\" \/>\n<meta name=\"twitter:card\" content=\"summary_large_image\" \/>\n<meta name=\"twitter:label1\" content=\"Est. reading time\" \/>\n\t<meta name=\"twitter:data1\" content=\"1 minute\" \/>\n<script type=\"application\/ld+json\" class=\"yoast-schema-graph\">{\"@context\":\"https:\/\/schema.org\",\"@graph\":[{\"@type\":\"WebPage\",\"@id\":\"https:\/\/decomarcgifts.com\/produit\/cloche-rose-eternelle-rose-poudree\/\",\"url\":\"https:\/\/decomarcgifts.com\/produit\/cloche-rose-eternelle-rose-poudree\/\",\"name\":\"Cloche Rose \u00c9ternelle Rose Poudr\u00e9e Casablanca Rabat Tanger Marakkech Maroc\",\"isPartOf\":{\"@id\":\"https:\/\/decomarcgifts.com\/#website\"},\"primaryImageOfPage\":{\"@id\":\"https:\/\/decomarcgifts.com\/produit\/cloche-rose-eternelle-rose-poudree\/#primaryimage\"},\"image\":{\"@id\":\"https:\/\/decomarcgifts.com\/produit\/cloche-rose-eternelle-rose-poudree\/#primaryimage\"},\"thumbnailUrl\":\"https:\/\/decomarcgifts.com\/wp-content\/uploads\/2025\/12\/WhatsApp-Image-2025-12-27-at-13.25.04-3.jpeg\",\"datePublished\":\"2025-12-31T02:49:53+00:00\",\"dateModified\":\"2025-12-31T03:12:40+00:00\",\"description\":\"Cloche Rose \u00c9ternelle Rose Poudr\u00e9e Casablanca Rabat Tanger Marakkech Maroc\",\"breadcrumb\":{\"@id\":\"https:\/\/decomarcgifts.com\/produit\/cloche-rose-eternelle-rose-poudree\/#breadcrumb\"},\"inLanguage\":\"en-US\",\"potentialAction\":[{\"@type\":\"ReadAction\",\"target\":[\"https:\/\/decomarcgifts.com\/produit\/cloche-rose-eternelle-rose-poudree\/\"]}]},{\"@type\":\"ImageObject\",\"inLanguage\":\"en-US\",\"@id\":\"https:\/\/decomarcgifts.com\/produit\/cloche-rose-eternelle-rose-poudree\/#primaryimage\",\"url\":\"https:\/\/decomarcgifts.com\/wp-content\/uploads\/2025\/12\/WhatsApp-Image-2025-12-27-at-13.25.04-3.jpeg\",\"contentUrl\":\"https:\/\/decomarcgifts.com\/wp-content\/uploads\/2025\/12\/WhatsApp-Image-2025-12-27-at-13.25.04-3.jpeg\",\"width\":1200,\"height\":1600},{\"@type\":\"BreadcrumbList\",\"@id\":\"https:\/\/decomarcgifts.com\/produit\/cloche-rose-eternelle-rose-poudree\/#breadcrumb\",\"itemListElement\":[{\"@type\":\"ListItem\",\"position\":1,\"name\":\"Accueil\",\"item\":\"https:\/\/decomarcgifts.com\/\"},{\"@type\":\"ListItem\",\"position\":2,\"name\":\"Catalogue\",\"item\":\"https:\/\/decomarcgifts.com\/catalogue\/\"},{\"@type\":\"ListItem\",\"position\":3,\"name\":\"Cloche Rose \u00c9ternelle Rose Poudr\u00e9e\"}]},{\"@type\":\"WebSite\",\"@id\":\"https:\/\/decomarcgifts.com\/#website\",\"url\":\"https:\/\/decomarcgifts.com\/\",\"name\":\"Deco &amp; Marc\",\"description\":\"L&#039;\u00e9l\u00e9gance au plus que parfait\",\"potentialAction\":[{\"@type\":\"SearchAction\",\"target\":{\"@type\":\"EntryPoint\",\"urlTemplate\":\"https:\/\/decomarcgifts.com\/?s={search_term_string}\"},\"query-input\":{\"@type\":\"PropertyValueSpecification\",\"valueRequired\":true,\"valueName\":\"search_term_string\"}}],\"inLanguage\":\"en-US\"}]}<\/script>\n<!-- \/ Yoast SEO plugin. -->","yoast_head_json":{"title":"Cloche Rose Eternelle Rose Poudr\u00e9e Casablanca Rabat Tangier Marakkech Morocco","description":"Cloche Rose Eternelle Rose Poudr\u00e9e Casablanca Rabat Tangier Marakkech Morocco","robots":{"index":"index","follow":"follow","max-snippet":"max-snippet:-1","max-image-preview":"max-image-preview:large","max-video-preview":"max-video-preview:-1"},"canonical":"https:\/\/decomarcgifts.com\/en\/product\/cloche-rose-eternelle-rose-poudree\/","og_locale":"en_US","og_type":"article","og_title":"Cloche Rose \u00c9ternelle Rose Poudr\u00e9e Casablanca Rabat Tanger Marakkech Maroc","og_description":"Cloche Rose \u00c9ternelle Rose Poudr\u00e9e Casablanca Rabat Tanger Marakkech Maroc","og_url":"https:\/\/decomarcgifts.com\/en\/product\/cloche-rose-eternelle-rose-poudree\/","og_site_name":"Deco &amp; Marc","article_modified_time":"2025-12-31T03:12:40+00:00","og_image":[{"width":1200,"height":1600,"url":"https:\/\/decomarcgifts.com\/wp-content\/uploads\/2025\/12\/WhatsApp-Image-2025-12-27-at-13.25.04-3.jpeg","type":"image\/jpeg"}],"twitter_card":"summary_large_image","twitter_misc":{"Est. reading time":"1 minute"},"schema":{"@context":"https:\/\/schema.org","@graph":[{"@type":"WebPage","@id":"https:\/\/decomarcgifts.com\/produit\/cloche-rose-eternelle-rose-poudree\/","url":"https:\/\/decomarcgifts.com\/produit\/cloche-rose-eternelle-rose-poudree\/","name":"Cloche Rose Eternelle Rose Poudr\u00e9e Casablanca Rabat Tangier Marakkech Morocco","isPartOf":{"@id":"https:\/\/decomarcgifts.com\/#website"},"primaryImageOfPage":{"@id":"https:\/\/decomarcgifts.com\/produit\/cloche-rose-eternelle-rose-poudree\/#primaryimage"},"image":{"@id":"https:\/\/decomarcgifts.com\/produit\/cloche-rose-eternelle-rose-poudree\/#primaryimage"},"thumbnailUrl":"https:\/\/decomarcgifts.com\/wp-content\/uploads\/2025\/12\/WhatsApp-Image-2025-12-27-at-13.25.04-3.jpeg","datePublished":"2025-12-31T02:49:53+00:00","dateModified":"2025-12-31T03:12:40+00:00","description":"Cloche Rose Eternelle Rose Poudr\u00e9e Casablanca Rabat Tangier Marakkech Morocco","breadcrumb":{"@id":"https:\/\/decomarcgifts.com\/produit\/cloche-rose-eternelle-rose-poudree\/#breadcrumb"},"inLanguage":"en-US","potentialAction":[{"@type":"ReadAction","target":["https:\/\/decomarcgifts.com\/produit\/cloche-rose-eternelle-rose-poudree\/"]}]},{"@type":"ImageObject","inLanguage":"en-US","@id":"https:\/\/decomarcgifts.com\/produit\/cloche-rose-eternelle-rose-poudree\/#primaryimage","url":"https:\/\/decomarcgifts.com\/wp-content\/uploads\/2025\/12\/WhatsApp-Image-2025-12-27-at-13.25.04-3.jpeg","contentUrl":"https:\/\/decomarcgifts.com\/wp-content\/uploads\/2025\/12\/WhatsApp-Image-2025-12-27-at-13.25.04-3.jpeg","width":1200,"height":1600},{"@type":"BreadcrumbList","@id":"https:\/\/decomarcgifts.com\/produit\/cloche-rose-eternelle-rose-poudree\/#breadcrumb","itemListElement":[{"@type":"ListItem","position":1,"name":"Accueil","item":"https:\/\/decomarcgifts.com\/"},{"@type":"ListItem","position":2,"name":"Catalogue","item":"https:\/\/decomarcgifts.com\/catalogue\/"},{"@type":"ListItem","position":3,"name":"Cloche Rose \u00c9ternelle Rose Poudr\u00e9e"}]},{"@type":"WebSite","@id":"https:\/\/decomarcgifts.com\/#website","url":"https:\/\/decomarcgifts.com\/","name":"Deco &amp; Marc","description":"More than perfect elegance","potentialAction":[{"@type":"SearchAction","target":{"@type":"EntryPoint","urlTemplate":"https:\/\/decomarcgifts.com\/?s={search_term_string}"},"query-input":{"@type":"PropertyValueSpecification","valueRequired":true,"valueName":"search_term_string"}}],"inLanguage":"en-US"}]}},"_links":{"self":[{"href":"https:\/\/decomarcgifts.com\/en\/wp-json\/wp\/v2\/product\/11606","targetHints":{"allow":["GET"]}}],"collection":[{"href":"https:\/\/decomarcgifts.com\/en\/wp-json\/wp\/v2\/product"}],"about":[{"href":"https:\/\/decomarcgifts.com\/en\/wp-json\/wp\/v2\/types\/product"}],"wp:featuredmedia":[{"embeddable":true,"href":"https:\/\/decomarcgifts.com\/en\/wp-json\/wp\/v2\/media\/11607"}],"wp:attachment":[{"href":"https:\/\/decomarcgifts.com\/en\/wp-json\/wp\/v2\/media?parent=11606"}],"wp:term":[{"taxonomy":"product_brand","embeddable":true,"href":"https:\/\/decomarcgifts.com\/en\/wp-json\/wp\/v2\/product_brand?post=11606"},{"taxonomy":"product_cat","embeddable":true,"href":"https:\/\/decomarcgifts.com\/en\/wp-json\/wp\/v2\/product_cat?post=11606"},{"taxonomy":"product_tag","embeddable":true,"href":"https:\/\/decomarcgifts.com\/en\/wp-json\/wp\/v2\/product_tag?post=11606"}],"curies":[{"name":"wp","href":"https:\/\/api.w.org\/{rel}","templated":true}]}}