{"id":10576,"date":"2025-05-22T21:02:15","date_gmt":"2025-05-22T21:02:15","guid":{"rendered":"https:\/\/new.decomarcgifts.com\/?post_type=product&#038;p=10576"},"modified":"2025-09-28T11:15:55","modified_gmt":"2025-09-28T11:15:55","slug":"mothers-day-gift-set","status":"publish","type":"product","link":"https:\/\/decomarcgifts.com\/en\/product\/mothers-day-gift-set\/","title":{"rendered":"Mother's Day gift set."},"content":{"rendered":"<p><img loading=\"lazy\" decoding=\"async\" src=\"https:\/\/decomarcgifts.com\/wp-content\/uploads\/2025\/05\/WhatsApp-Image-2025-05-22-at-22.42.42-300x273.jpeg\" alt=\"\" width=\"300\" height=\"273\" class=\"alignnone size-medium wp-image-10577\" \/><\/p>","protected":false},"excerpt":{"rendered":"<p>Celebrate Mother's Day with our magnificent \u201c\u00c9clat de Passion\u201d gift box. Presented in an elegant pink box, this refined gift combines the radiance of fresh roses with the golden delights of Ferrero Rocher chocolates. With a personalized card for Mother's Day.<\/p>","protected":false},"featured_media":10577,"template":"","meta":{"_monsterinsights_skip_tracking":false,"_monsterinsights_sitenote_active":false,"_monsterinsights_sitenote_note":"","_monsterinsights_sitenote_category":0,"_joinchat":[]},"product_brand":[],"product_cat":[23],"product_tag":[],"class_list":{"0":"post-10576","1":"product","2":"type-product","3":"status-publish","4":"has-post-thumbnail","6":"product_cat-cadeaux-pour-ramadan","9":"instock","10":"shipping-taxable","11":"purchasable","12":"product-type-simple"},"yoast_head":"<!-- This site is optimized with the Yoast SEO plugin v27.1.1 - https:\/\/yoast.com\/product\/yoast-seo-wordpress\/ -->\n<title>Coffret F\u00eate des M\u00e8res. Casablanca Rabat Tanger Marakkech Maroc<\/title>\n<meta name=\"description\" content=\"Coffret F\u00eate des M\u00e8res. Casablanca Rabat Tanger Marakkech Maroc\" \/>\n<meta name=\"robots\" content=\"index, follow, max-snippet:-1, max-image-preview:large, max-video-preview:-1\" \/>\n<link rel=\"canonical\" href=\"https:\/\/decomarcgifts.com\/en\/product\/mothers-day-gift-set\/\" \/>\n<meta property=\"og:locale\" content=\"en_US\" \/>\n<meta property=\"og:type\" content=\"article\" \/>\n<meta property=\"og:title\" content=\"Coffret F\u00eate des M\u00e8res. Casablanca Rabat Tanger Marakkech Maroc\" \/>\n<meta property=\"og:description\" content=\"Coffret F\u00eate des M\u00e8res. Casablanca Rabat Tanger Marakkech Maroc\" \/>\n<meta property=\"og:url\" content=\"https:\/\/decomarcgifts.com\/en\/product\/mothers-day-gift-set\/\" \/>\n<meta property=\"og:site_name\" content=\"Deco &amp; Marc\" \/>\n<meta property=\"article:modified_time\" content=\"2025-09-28T11:15:55+00:00\" \/>\n<meta property=\"og:image\" content=\"https:\/\/decomarcgifts.com\/wp-content\/uploads\/2025\/09\/WhatsApp-Image-2025-05-22-at-22.42.42.jpeg\" \/>\n\t<meta property=\"og:image:width\" content=\"1600\" \/>\n\t<meta property=\"og:image:height\" content=\"1454\" \/>\n\t<meta property=\"og:image:type\" content=\"image\/jpeg\" \/>\n<meta name=\"twitter:card\" content=\"summary_large_image\" \/>\n<meta name=\"twitter:label1\" content=\"Est. reading time\" \/>\n\t<meta name=\"twitter:data1\" content=\"1 minute\" \/>\n<script type=\"application\/ld+json\" class=\"yoast-schema-graph\">{\"@context\":\"https:\/\/schema.org\",\"@graph\":[{\"@type\":\"WebPage\",\"@id\":\"https:\/\/decomarcgifts.com\/produit\/coffret-fete-des-meres\/\",\"url\":\"https:\/\/decomarcgifts.com\/produit\/coffret-fete-des-meres\/\",\"name\":\"Coffret F\u00eate des M\u00e8res. Casablanca Rabat Tanger Marakkech Maroc\",\"isPartOf\":{\"@id\":\"https:\/\/decomarcgifts.com\/#website\"},\"primaryImageOfPage\":{\"@id\":\"https:\/\/decomarcgifts.com\/produit\/coffret-fete-des-meres\/#primaryimage\"},\"image\":{\"@id\":\"https:\/\/decomarcgifts.com\/produit\/coffret-fete-des-meres\/#primaryimage\"},\"thumbnailUrl\":\"https:\/\/decomarcgifts.com\/wp-content\/uploads\/2025\/09\/WhatsApp-Image-2025-05-22-at-22.42.42.jpeg\",\"datePublished\":\"2025-05-22T21:02:15+00:00\",\"dateModified\":\"2025-09-28T11:15:55+00:00\",\"description\":\"Coffret F\u00eate des M\u00e8res. Casablanca Rabat Tanger Marakkech Maroc\",\"breadcrumb\":{\"@id\":\"https:\/\/decomarcgifts.com\/produit\/coffret-fete-des-meres\/#breadcrumb\"},\"inLanguage\":\"en-US\",\"potentialAction\":[{\"@type\":\"ReadAction\",\"target\":[\"https:\/\/decomarcgifts.com\/produit\/coffret-fete-des-meres\/\"]}]},{\"@type\":\"ImageObject\",\"inLanguage\":\"en-US\",\"@id\":\"https:\/\/decomarcgifts.com\/produit\/coffret-fete-des-meres\/#primaryimage\",\"url\":\"https:\/\/decomarcgifts.com\/wp-content\/uploads\/2025\/09\/WhatsApp-Image-2025-05-22-at-22.42.42.jpeg\",\"contentUrl\":\"https:\/\/decomarcgifts.com\/wp-content\/uploads\/2025\/09\/WhatsApp-Image-2025-05-22-at-22.42.42.jpeg\",\"width\":1600,\"height\":1454},{\"@type\":\"BreadcrumbList\",\"@id\":\"https:\/\/decomarcgifts.com\/produit\/coffret-fete-des-meres\/#breadcrumb\",\"itemListElement\":[{\"@type\":\"ListItem\",\"position\":1,\"name\":\"Accueil\",\"item\":\"https:\/\/decomarcgifts.com\/\"},{\"@type\":\"ListItem\",\"position\":2,\"name\":\"Catalogue\",\"item\":\"https:\/\/decomarcgifts.com\/catalogue\/\"},{\"@type\":\"ListItem\",\"position\":3,\"name\":\"Coffret F\u00eate des M\u00e8res.\"}]},{\"@type\":\"WebSite\",\"@id\":\"https:\/\/decomarcgifts.com\/#website\",\"url\":\"https:\/\/decomarcgifts.com\/\",\"name\":\"Deco &amp; Marc\",\"description\":\"L&#039;\u00e9l\u00e9gance au plus que parfait\",\"potentialAction\":[{\"@type\":\"SearchAction\",\"target\":{\"@type\":\"EntryPoint\",\"urlTemplate\":\"https:\/\/decomarcgifts.com\/?s={search_term_string}\"},\"query-input\":{\"@type\":\"PropertyValueSpecification\",\"valueRequired\":true,\"valueName\":\"search_term_string\"}}],\"inLanguage\":\"en-US\"}]}<\/script>\n<!-- \/ Yoast SEO plugin. -->","yoast_head_json":{"title":"Mother's Day gift set. Casablanca Rabat Tangier Marakkech Morocco","description":"Mother's Day gift set. Casablanca Rabat Tangier Marakkech Morocco","robots":{"index":"index","follow":"follow","max-snippet":"max-snippet:-1","max-image-preview":"max-image-preview:large","max-video-preview":"max-video-preview:-1"},"canonical":"https:\/\/decomarcgifts.com\/en\/product\/mothers-day-gift-set\/","og_locale":"en_US","og_type":"article","og_title":"Coffret F\u00eate des M\u00e8res. Casablanca Rabat Tanger Marakkech Maroc","og_description":"Coffret F\u00eate des M\u00e8res. Casablanca Rabat Tanger Marakkech Maroc","og_url":"https:\/\/decomarcgifts.com\/en\/product\/mothers-day-gift-set\/","og_site_name":"Deco &amp; Marc","article_modified_time":"2025-09-28T11:15:55+00:00","og_image":[{"width":1600,"height":1454,"url":"https:\/\/decomarcgifts.com\/wp-content\/uploads\/2025\/09\/WhatsApp-Image-2025-05-22-at-22.42.42.jpeg","type":"image\/jpeg"}],"twitter_card":"summary_large_image","twitter_misc":{"Est. reading time":"1 minute"},"schema":{"@context":"https:\/\/schema.org","@graph":[{"@type":"WebPage","@id":"https:\/\/decomarcgifts.com\/produit\/coffret-fete-des-meres\/","url":"https:\/\/decomarcgifts.com\/produit\/coffret-fete-des-meres\/","name":"Mother's Day gift set. Casablanca Rabat Tangier Marakkech Morocco","isPartOf":{"@id":"https:\/\/decomarcgifts.com\/#website"},"primaryImageOfPage":{"@id":"https:\/\/decomarcgifts.com\/produit\/coffret-fete-des-meres\/#primaryimage"},"image":{"@id":"https:\/\/decomarcgifts.com\/produit\/coffret-fete-des-meres\/#primaryimage"},"thumbnailUrl":"https:\/\/decomarcgifts.com\/wp-content\/uploads\/2025\/09\/WhatsApp-Image-2025-05-22-at-22.42.42.jpeg","datePublished":"2025-05-22T21:02:15+00:00","dateModified":"2025-09-28T11:15:55+00:00","description":"Mother's Day gift set. Casablanca Rabat Tangier Marakkech Morocco","breadcrumb":{"@id":"https:\/\/decomarcgifts.com\/produit\/coffret-fete-des-meres\/#breadcrumb"},"inLanguage":"en-US","potentialAction":[{"@type":"ReadAction","target":["https:\/\/decomarcgifts.com\/produit\/coffret-fete-des-meres\/"]}]},{"@type":"ImageObject","inLanguage":"en-US","@id":"https:\/\/decomarcgifts.com\/produit\/coffret-fete-des-meres\/#primaryimage","url":"https:\/\/decomarcgifts.com\/wp-content\/uploads\/2025\/09\/WhatsApp-Image-2025-05-22-at-22.42.42.jpeg","contentUrl":"https:\/\/decomarcgifts.com\/wp-content\/uploads\/2025\/09\/WhatsApp-Image-2025-05-22-at-22.42.42.jpeg","width":1600,"height":1454},{"@type":"BreadcrumbList","@id":"https:\/\/decomarcgifts.com\/produit\/coffret-fete-des-meres\/#breadcrumb","itemListElement":[{"@type":"ListItem","position":1,"name":"Accueil","item":"https:\/\/decomarcgifts.com\/"},{"@type":"ListItem","position":2,"name":"Catalogue","item":"https:\/\/decomarcgifts.com\/catalogue\/"},{"@type":"ListItem","position":3,"name":"Coffret F\u00eate des M\u00e8res."}]},{"@type":"WebSite","@id":"https:\/\/decomarcgifts.com\/#website","url":"https:\/\/decomarcgifts.com\/","name":"Deco &amp; Marc","description":"More than perfect elegance","potentialAction":[{"@type":"SearchAction","target":{"@type":"EntryPoint","urlTemplate":"https:\/\/decomarcgifts.com\/?s={search_term_string}"},"query-input":{"@type":"PropertyValueSpecification","valueRequired":true,"valueName":"search_term_string"}}],"inLanguage":"en-US"}]}},"_links":{"self":[{"href":"https:\/\/decomarcgifts.com\/en\/wp-json\/wp\/v2\/product\/10576","targetHints":{"allow":["GET"]}}],"collection":[{"href":"https:\/\/decomarcgifts.com\/en\/wp-json\/wp\/v2\/product"}],"about":[{"href":"https:\/\/decomarcgifts.com\/en\/wp-json\/wp\/v2\/types\/product"}],"wp:featuredmedia":[{"embeddable":true,"href":"https:\/\/decomarcgifts.com\/en\/wp-json\/wp\/v2\/media\/10577"}],"wp:attachment":[{"href":"https:\/\/decomarcgifts.com\/en\/wp-json\/wp\/v2\/media?parent=10576"}],"wp:term":[{"taxonomy":"product_brand","embeddable":true,"href":"https:\/\/decomarcgifts.com\/en\/wp-json\/wp\/v2\/product_brand?post=10576"},{"taxonomy":"product_cat","embeddable":true,"href":"https:\/\/decomarcgifts.com\/en\/wp-json\/wp\/v2\/product_cat?post=10576"},{"taxonomy":"product_tag","embeddable":true,"href":"https:\/\/decomarcgifts.com\/en\/wp-json\/wp\/v2\/product_tag?post=10576"}],"curies":[{"name":"wp","href":"https:\/\/api.w.org\/{rel}","templated":true}]}}