{"id":10015,"date":"2025-01-11T11:17:28","date_gmt":"2025-01-11T11:17:28","guid":{"rendered":"https:\/\/new.decomarcgifts.com\/?post_type=product&#038;p=10015"},"modified":"2026-02-12T09:06:25","modified_gmt":"2026-02-12T09:06:25","slug":"heart-personalized-letter","status":"publish","type":"product","link":"https:\/\/decomarcgifts.com\/en\/product\/heart-personalized-letter\/","title":{"rendered":"heart personalized letter"},"content":{"rendered":"","protected":false},"excerpt":{"rendered":"<p>personalized heart-shaped box with initial of your choice <\/p>","protected":false},"featured_media":10016,"template":"","meta":{"_monsterinsights_skip_tracking":false,"_monsterinsights_sitenote_active":false,"_monsterinsights_sitenote_note":"","_monsterinsights_sitenote_category":0,"_joinchat":[]},"product_brand":[],"product_cat":[16,20,21,22],"product_tag":[],"class_list":{"0":"post-10015","1":"product","2":"type-product","3":"status-publish","4":"has-post-thumbnail","6":"product_cat-boites-fleurs","7":"product_cat-cadeaux-pour-femme","8":"product_cat-cadeaux-pour-homme","9":"product_cat-cadeaux-saint-valentin","12":"instock","13":"shipping-taxable","14":"purchasable","15":"product-type-simple"},"yoast_head":"<!-- This site is optimized with the Yoast SEO plugin v27.1.1 - https:\/\/yoast.com\/product\/yoast-seo-wordpress\/ -->\n<title>c\u0153ur lettre personnalis\u00e9e Casablanca Rabat Tanger Marakkech Maroc<\/title>\n<meta name=\"description\" content=\"c\u0153ur lettre personnalis\u00e9e Casablanca Rabat Tanger Marakkech Maroc\" \/>\n<meta name=\"robots\" content=\"index, follow, max-snippet:-1, max-image-preview:large, max-video-preview:-1\" \/>\n<link rel=\"canonical\" href=\"https:\/\/decomarcgifts.com\/en\/product\/heart-personalized-letter\/\" \/>\n<meta property=\"og:locale\" content=\"en_US\" \/>\n<meta property=\"og:type\" content=\"article\" \/>\n<meta property=\"og:title\" content=\"c\u0153ur lettre personnalis\u00e9e Casablanca Rabat Tanger Marakkech Maroc\" \/>\n<meta property=\"og:description\" content=\"c\u0153ur lettre personnalis\u00e9e Casablanca Rabat Tanger Marakkech Maroc\" \/>\n<meta property=\"og:url\" content=\"https:\/\/decomarcgifts.com\/en\/product\/heart-personalized-letter\/\" \/>\n<meta property=\"og:site_name\" content=\"Deco &amp; Marc\" \/>\n<meta property=\"article:modified_time\" content=\"2026-02-12T09:06:25+00:00\" \/>\n<meta property=\"og:image\" content=\"https:\/\/decomarcgifts.com\/wp-content\/uploads\/2025\/09\/4ab6caad-95b9-46b5-a872-ea7c2688f679.jpeg\" \/>\n\t<meta property=\"og:image:width\" content=\"720\" \/>\n\t<meta property=\"og:image:height\" content=\"725\" \/>\n\t<meta property=\"og:image:type\" content=\"image\/jpeg\" \/>\n<meta name=\"twitter:card\" content=\"summary_large_image\" \/>\n<meta name=\"twitter:label1\" content=\"Est. reading time\" \/>\n\t<meta name=\"twitter:data1\" content=\"1 minute\" \/>\n<script type=\"application\/ld+json\" class=\"yoast-schema-graph\">{\"@context\":\"https:\/\/schema.org\",\"@graph\":[{\"@type\":\"WebPage\",\"@id\":\"https:\/\/decomarcgifts.com\/produit\/coeur-lettre-personnalisee\/\",\"url\":\"https:\/\/decomarcgifts.com\/produit\/coeur-lettre-personnalisee\/\",\"name\":\"c\u0153ur lettre personnalis\u00e9e Casablanca Rabat Tanger Marakkech Maroc\",\"isPartOf\":{\"@id\":\"https:\/\/decomarcgifts.com\/#website\"},\"primaryImageOfPage\":{\"@id\":\"https:\/\/decomarcgifts.com\/produit\/coeur-lettre-personnalisee\/#primaryimage\"},\"image\":{\"@id\":\"https:\/\/decomarcgifts.com\/produit\/coeur-lettre-personnalisee\/#primaryimage\"},\"thumbnailUrl\":\"https:\/\/decomarcgifts.com\/wp-content\/uploads\/2025\/09\/4ab6caad-95b9-46b5-a872-ea7c2688f679.jpeg\",\"datePublished\":\"2025-01-11T11:17:28+00:00\",\"dateModified\":\"2026-02-12T09:06:25+00:00\",\"description\":\"c\u0153ur lettre personnalis\u00e9e Casablanca Rabat Tanger Marakkech Maroc\",\"breadcrumb\":{\"@id\":\"https:\/\/decomarcgifts.com\/produit\/coeur-lettre-personnalisee\/#breadcrumb\"},\"inLanguage\":\"en-US\",\"potentialAction\":[{\"@type\":\"ReadAction\",\"target\":[\"https:\/\/decomarcgifts.com\/produit\/coeur-lettre-personnalisee\/\"]}]},{\"@type\":\"ImageObject\",\"inLanguage\":\"en-US\",\"@id\":\"https:\/\/decomarcgifts.com\/produit\/coeur-lettre-personnalisee\/#primaryimage\",\"url\":\"https:\/\/decomarcgifts.com\/wp-content\/uploads\/2025\/09\/4ab6caad-95b9-46b5-a872-ea7c2688f679.jpeg\",\"contentUrl\":\"https:\/\/decomarcgifts.com\/wp-content\/uploads\/2025\/09\/4ab6caad-95b9-46b5-a872-ea7c2688f679.jpeg\",\"width\":720,\"height\":725},{\"@type\":\"BreadcrumbList\",\"@id\":\"https:\/\/decomarcgifts.com\/produit\/coeur-lettre-personnalisee\/#breadcrumb\",\"itemListElement\":[{\"@type\":\"ListItem\",\"position\":1,\"name\":\"Accueil\",\"item\":\"https:\/\/decomarcgifts.com\/\"},{\"@type\":\"ListItem\",\"position\":2,\"name\":\"Catalogue\",\"item\":\"https:\/\/decomarcgifts.com\/catalogue\/\"},{\"@type\":\"ListItem\",\"position\":3,\"name\":\"c\u0153ur lettre personnalis\u00e9e\"}]},{\"@type\":\"WebSite\",\"@id\":\"https:\/\/decomarcgifts.com\/#website\",\"url\":\"https:\/\/decomarcgifts.com\/\",\"name\":\"Deco &amp; Marc\",\"description\":\"L&#039;\u00e9l\u00e9gance au plus que parfait\",\"potentialAction\":[{\"@type\":\"SearchAction\",\"target\":{\"@type\":\"EntryPoint\",\"urlTemplate\":\"https:\/\/decomarcgifts.com\/?s={search_term_string}\"},\"query-input\":{\"@type\":\"PropertyValueSpecification\",\"valueRequired\":true,\"valueName\":\"search_term_string\"}}],\"inLanguage\":\"en-US\"}]}<\/script>\n<!-- \/ Yoast SEO plugin. -->","yoast_head_json":{"title":"heart personalized letter Casablanca Rabat Tangier Marakkech Morocco","description":"heart personalized letter Casablanca Rabat Tangier Marakkech Morocco","robots":{"index":"index","follow":"follow","max-snippet":"max-snippet:-1","max-image-preview":"max-image-preview:large","max-video-preview":"max-video-preview:-1"},"canonical":"https:\/\/decomarcgifts.com\/en\/product\/heart-personalized-letter\/","og_locale":"en_US","og_type":"article","og_title":"c\u0153ur lettre personnalis\u00e9e Casablanca Rabat Tanger Marakkech Maroc","og_description":"c\u0153ur lettre personnalis\u00e9e Casablanca Rabat Tanger Marakkech Maroc","og_url":"https:\/\/decomarcgifts.com\/en\/product\/heart-personalized-letter\/","og_site_name":"Deco &amp; Marc","article_modified_time":"2026-02-12T09:06:25+00:00","og_image":[{"width":720,"height":725,"url":"https:\/\/decomarcgifts.com\/wp-content\/uploads\/2025\/09\/4ab6caad-95b9-46b5-a872-ea7c2688f679.jpeg","type":"image\/jpeg"}],"twitter_card":"summary_large_image","twitter_misc":{"Est. reading time":"1 minute"},"schema":{"@context":"https:\/\/schema.org","@graph":[{"@type":"WebPage","@id":"https:\/\/decomarcgifts.com\/produit\/coeur-lettre-personnalisee\/","url":"https:\/\/decomarcgifts.com\/produit\/coeur-lettre-personnalisee\/","name":"heart personalized letter Casablanca Rabat Tangier Marakkech Morocco","isPartOf":{"@id":"https:\/\/decomarcgifts.com\/#website"},"primaryImageOfPage":{"@id":"https:\/\/decomarcgifts.com\/produit\/coeur-lettre-personnalisee\/#primaryimage"},"image":{"@id":"https:\/\/decomarcgifts.com\/produit\/coeur-lettre-personnalisee\/#primaryimage"},"thumbnailUrl":"https:\/\/decomarcgifts.com\/wp-content\/uploads\/2025\/09\/4ab6caad-95b9-46b5-a872-ea7c2688f679.jpeg","datePublished":"2025-01-11T11:17:28+00:00","dateModified":"2026-02-12T09:06:25+00:00","description":"heart personalized letter Casablanca Rabat Tangier Marakkech Morocco","breadcrumb":{"@id":"https:\/\/decomarcgifts.com\/produit\/coeur-lettre-personnalisee\/#breadcrumb"},"inLanguage":"en-US","potentialAction":[{"@type":"ReadAction","target":["https:\/\/decomarcgifts.com\/produit\/coeur-lettre-personnalisee\/"]}]},{"@type":"ImageObject","inLanguage":"en-US","@id":"https:\/\/decomarcgifts.com\/produit\/coeur-lettre-personnalisee\/#primaryimage","url":"https:\/\/decomarcgifts.com\/wp-content\/uploads\/2025\/09\/4ab6caad-95b9-46b5-a872-ea7c2688f679.jpeg","contentUrl":"https:\/\/decomarcgifts.com\/wp-content\/uploads\/2025\/09\/4ab6caad-95b9-46b5-a872-ea7c2688f679.jpeg","width":720,"height":725},{"@type":"BreadcrumbList","@id":"https:\/\/decomarcgifts.com\/produit\/coeur-lettre-personnalisee\/#breadcrumb","itemListElement":[{"@type":"ListItem","position":1,"name":"Accueil","item":"https:\/\/decomarcgifts.com\/"},{"@type":"ListItem","position":2,"name":"Catalogue","item":"https:\/\/decomarcgifts.com\/catalogue\/"},{"@type":"ListItem","position":3,"name":"c\u0153ur lettre personnalis\u00e9e"}]},{"@type":"WebSite","@id":"https:\/\/decomarcgifts.com\/#website","url":"https:\/\/decomarcgifts.com\/","name":"Deco &amp; Marc","description":"More than perfect elegance","potentialAction":[{"@type":"SearchAction","target":{"@type":"EntryPoint","urlTemplate":"https:\/\/decomarcgifts.com\/?s={search_term_string}"},"query-input":{"@type":"PropertyValueSpecification","valueRequired":true,"valueName":"search_term_string"}}],"inLanguage":"en-US"}]}},"_links":{"self":[{"href":"https:\/\/decomarcgifts.com\/en\/wp-json\/wp\/v2\/product\/10015","targetHints":{"allow":["GET"]}}],"collection":[{"href":"https:\/\/decomarcgifts.com\/en\/wp-json\/wp\/v2\/product"}],"about":[{"href":"https:\/\/decomarcgifts.com\/en\/wp-json\/wp\/v2\/types\/product"}],"wp:featuredmedia":[{"embeddable":true,"href":"https:\/\/decomarcgifts.com\/en\/wp-json\/wp\/v2\/media\/10016"}],"wp:attachment":[{"href":"https:\/\/decomarcgifts.com\/en\/wp-json\/wp\/v2\/media?parent=10015"}],"wp:term":[{"taxonomy":"product_brand","embeddable":true,"href":"https:\/\/decomarcgifts.com\/en\/wp-json\/wp\/v2\/product_brand?post=10015"},{"taxonomy":"product_cat","embeddable":true,"href":"https:\/\/decomarcgifts.com\/en\/wp-json\/wp\/v2\/product_cat?post=10015"},{"taxonomy":"product_tag","embeddable":true,"href":"https:\/\/decomarcgifts.com\/en\/wp-json\/wp\/v2\/product_tag?post=10015"}],"curies":[{"name":"wp","href":"https:\/\/api.w.org\/{rel}","templated":true}]}}