{"id":823,"date":"2021-11-19T16:11:05","date_gmt":"2021-11-19T16:11:05","guid":{"rendered":"https:\/\/new.decomarcgifts.com\/?post_type=product&#038;p=823"},"modified":"2025-09-28T11:14:20","modified_gmt":"2025-09-28T11:14:20","slug":"%d8%b5%d9%86%d8%af%d9%88%d9%82-%d8%ae%d8%b4%d8%a8%d9%8a-%d9%85%d8%ae%d8%b5%d8%b5-%d9%85%d8%b9-%d8%ad%d9%84%d9%82%d8%a9-%d9%85%d9%81%d8%a7%d8%aa%d9%8a%d8%ad-%d9%82%d9%84%d9%85-%d9%85%d8%ad%d9%81%d8%b8","status":"publish","type":"product","link":"https:\/\/decomarcgifts.com\/ar\/product\/%d8%b5%d9%86%d8%af%d9%88%d9%82-%d8%ae%d8%b4%d8%a8%d9%8a-%d9%85%d8%ae%d8%b5%d8%b5-%d9%85%d8%b9-%d8%ad%d9%84%d9%82%d8%a9-%d9%85%d9%81%d8%a7%d8%aa%d9%8a%d8%ad-%d9%82%d9%84%d9%85-%d9%85%d8%ad%d9%81%d8%b8\/","title":{"rendered":"\u0639\u0644\u0628\u0629 \u062e\u0634\u0628\u064a\u0629 \u0645\u062e\u0635\u0635\u0629 \u0645\u0639 \u0645\u062d\u0641\u0638\u0629 \u062c\u0644\u062f\u064a\u0629 \u062d\u0642\u064a\u0642\u064a\u0629 + \u0642\u0644\u0645 + \u062d\u0644\u0642\u0629 \u0645\u0641\u0627\u062a\u064a\u062d"},"content":{"rendered":"","protected":false},"excerpt":{"rendered":"<div class=\"woocommerce-product-details__short-description\">\n<div class=\"woocommerce-product-details__short-description\">\n<p>\u064a\u0645\u0643\u0646\u0643 \u0628\u0627\u0644\u0637\u0628\u0639 \u062a\u062e\u0635\u064a\u0635 \u0635\u0646\u062f\u0648\u0642\u0643 \u0639\u0646\u062f\u0645\u0627 \u0646\u062a\u0635\u0644 \u0628\u0643 \u0644\u062a\u0623\u0643\u064a\u062f \u0637\u0644\u0628\u0643.<\/p>\n<\/div>\n<\/div>\n<form class=\"cart\" action=\"https:\/\/decomarcgifts.com\/new\/index.php\/produit\/prestige-flowers\/\" enctype=\"multipart\/form-data\" method=\"post\" data-trp-original-action=\"https:\/\/decomarcgifts.com\/new\/index.php\/produit\/prestige-flowers\/\">\n<div class=\"quantity\"><\/div>\n<input type=\"hidden\" name=\"trp-form-language\" value=\"ar\"\/><\/form>","protected":false},"featured_media":824,"template":"","meta":{"_monsterinsights_skip_tracking":false,"_monsterinsights_sitenote_active":false,"_monsterinsights_sitenote_note":"","_monsterinsights_sitenote_category":0,"_joinchat":[]},"product_brand":[],"product_cat":[29,19,21],"product_tag":[],"class_list":{"0":"post-823","1":"product","2":"type-product","3":"status-publish","4":"has-post-thumbnail","6":"product_cat-cadeau-pour-papa","7":"product_cat-cadeaux_personnalises","8":"product_cat-cadeaux-pour-homme","11":"instock","12":"sale","13":"shipping-taxable","14":"purchasable","15":"product-type-simple"},"yoast_head":"<!-- This site is optimized with the Yoast SEO plugin v27.1.1 - https:\/\/yoast.com\/product\/yoast-seo-wordpress\/ -->\n<title>Boite en bois personnalis\u00e9e avec Portefeuille vrai cuir + stylo + porte cl\u00e9 Casablanca Rabat Tanger Marakkech Maroc<\/title>\n<meta name=\"description\" content=\"Boite en bois personnalis\u00e9e avec Portefeuille vrai cuir + stylo + porte cl\u00e9 Casablanca Rabat Tanger Marakkech Maroc\" \/>\n<meta name=\"robots\" content=\"index, follow, max-snippet:-1, max-image-preview:large, max-video-preview:-1\" \/>\n<link rel=\"canonical\" href=\"https:\/\/decomarcgifts.com\/ar\/product\/\u0635\u0646\u062f\u0648\u0642-\u062e\u0634\u0628\u064a-\u0645\u062e\u0635\u0635-\u0645\u0639-\u062d\u0644\u0642\u0629-\u0645\u0641\u0627\u062a\u064a\u062d-\u0642\u0644\u0645-\u0645\u062d\u0641\u0638\/\" \/>\n<meta property=\"og:locale\" content=\"ar_AR\" \/>\n<meta property=\"og:type\" content=\"article\" \/>\n<meta property=\"og:title\" content=\"Boite en bois personnalis\u00e9e avec Portefeuille vrai cuir + stylo + porte cl\u00e9 Casablanca Rabat Tanger Marakkech Maroc\" \/>\n<meta property=\"og:description\" content=\"Boite en bois personnalis\u00e9e avec Portefeuille vrai cuir + stylo + porte cl\u00e9 Casablanca Rabat Tanger Marakkech Maroc\" \/>\n<meta property=\"og:url\" content=\"https:\/\/decomarcgifts.com\/ar\/product\/\u0635\u0646\u062f\u0648\u0642-\u062e\u0634\u0628\u064a-\u0645\u062e\u0635\u0635-\u0645\u0639-\u062d\u0644\u0642\u0629-\u0645\u0641\u0627\u062a\u064a\u062d-\u0642\u0644\u0645-\u0645\u062d\u0641\u0638\/\" \/>\n<meta property=\"og:site_name\" content=\"Deco &amp; Marc\" \/>\n<meta property=\"article:modified_time\" content=\"2025-09-28T11:14:20+00:00\" \/>\n<meta property=\"og:image\" content=\"https:\/\/decomarcgifts.com\/wp-content\/uploads\/2025\/09\/02f8ff6bf173b3d716dcd1055227385d_m.jpeg\" \/>\n\t<meta property=\"og:image:width\" content=\"400\" \/>\n\t<meta property=\"og:image:height\" content=\"400\" \/>\n\t<meta property=\"og:image:type\" content=\"image\/jpeg\" \/>\n<meta name=\"twitter:card\" content=\"summary_large_image\" \/>\n<script type=\"application\/ld+json\" class=\"yoast-schema-graph\">{\"@context\":\"https:\/\/schema.org\",\"@graph\":[{\"@type\":\"WebPage\",\"@id\":\"https:\/\/decomarcgifts.com\/produit\/boite-en-bois-personnalisee-avec-portefeuille-vrai-cuir-stylo-porte-cle\/\",\"url\":\"https:\/\/decomarcgifts.com\/produit\/boite-en-bois-personnalisee-avec-portefeuille-vrai-cuir-stylo-porte-cle\/\",\"name\":\"Boite en bois personnalis\u00e9e avec Portefeuille vrai cuir + stylo + porte cl\u00e9 Casablanca Rabat Tanger Marakkech Maroc\",\"isPartOf\":{\"@id\":\"https:\/\/decomarcgifts.com\/#website\"},\"primaryImageOfPage\":{\"@id\":\"https:\/\/decomarcgifts.com\/produit\/boite-en-bois-personnalisee-avec-portefeuille-vrai-cuir-stylo-porte-cle\/#primaryimage\"},\"image\":{\"@id\":\"https:\/\/decomarcgifts.com\/produit\/boite-en-bois-personnalisee-avec-portefeuille-vrai-cuir-stylo-porte-cle\/#primaryimage\"},\"thumbnailUrl\":\"https:\/\/decomarcgifts.com\/wp-content\/uploads\/2025\/09\/02f8ff6bf173b3d716dcd1055227385d_m.jpeg\",\"datePublished\":\"2021-11-19T16:11:05+00:00\",\"dateModified\":\"2025-09-28T11:14:20+00:00\",\"description\":\"Boite en bois personnalis\u00e9e avec Portefeuille vrai cuir + stylo + porte cl\u00e9 Casablanca Rabat Tanger Marakkech Maroc\",\"breadcrumb\":{\"@id\":\"https:\/\/decomarcgifts.com\/produit\/boite-en-bois-personnalisee-avec-portefeuille-vrai-cuir-stylo-porte-cle\/#breadcrumb\"},\"inLanguage\":\"ar\",\"potentialAction\":[{\"@type\":\"ReadAction\",\"target\":[\"https:\/\/decomarcgifts.com\/produit\/boite-en-bois-personnalisee-avec-portefeuille-vrai-cuir-stylo-porte-cle\/\"]}]},{\"@type\":\"ImageObject\",\"inLanguage\":\"ar\",\"@id\":\"https:\/\/decomarcgifts.com\/produit\/boite-en-bois-personnalisee-avec-portefeuille-vrai-cuir-stylo-porte-cle\/#primaryimage\",\"url\":\"https:\/\/decomarcgifts.com\/wp-content\/uploads\/2025\/09\/02f8ff6bf173b3d716dcd1055227385d_m.jpeg\",\"contentUrl\":\"https:\/\/decomarcgifts.com\/wp-content\/uploads\/2025\/09\/02f8ff6bf173b3d716dcd1055227385d_m.jpeg\",\"width\":400,\"height\":400},{\"@type\":\"BreadcrumbList\",\"@id\":\"https:\/\/decomarcgifts.com\/produit\/boite-en-bois-personnalisee-avec-portefeuille-vrai-cuir-stylo-porte-cle\/#breadcrumb\",\"itemListElement\":[{\"@type\":\"ListItem\",\"position\":1,\"name\":\"Accueil\",\"item\":\"https:\/\/decomarcgifts.com\/\"},{\"@type\":\"ListItem\",\"position\":2,\"name\":\"Catalogue\",\"item\":\"https:\/\/decomarcgifts.com\/catalogue\/\"},{\"@type\":\"ListItem\",\"position\":3,\"name\":\"Boite en bois personnalis\u00e9e avec Portefeuille vrai cuir + stylo + porte cl\u00e9\"}]},{\"@type\":\"WebSite\",\"@id\":\"https:\/\/decomarcgifts.com\/#website\",\"url\":\"https:\/\/decomarcgifts.com\/\",\"name\":\"Deco &amp; Marc\",\"description\":\"L&#039;\u00e9l\u00e9gance au plus que parfait\",\"potentialAction\":[{\"@type\":\"SearchAction\",\"target\":{\"@type\":\"EntryPoint\",\"urlTemplate\":\"https:\/\/decomarcgifts.com\/?s={search_term_string}\"},\"query-input\":{\"@type\":\"PropertyValueSpecification\",\"valueRequired\":true,\"valueName\":\"search_term_string\"}}],\"inLanguage\":\"ar\"}]}<\/script>\n<!-- \/ Yoast SEO plugin. -->","yoast_head_json":{"title":"\u0639\u0644\u0628\u0629 \u062e\u0634\u0628\u064a\u0629 \u0645\u062e\u0635\u0635\u0629 \u0645\u0639 \u0645\u062d\u0641\u0638\u0629 \u062c\u0644\u062f\u064a\u0629 \u062d\u0642\u064a\u0642\u064a\u0629 + \u0642\u0644\u0645 + \u062d\u0644\u0642\u0629 \u0645\u0641\u0627\u062a\u064a\u062d \u0627\u0644\u062f\u0627\u0631 \u0627\u0644\u0628\u064a\u0636\u0627\u0621 \u0627\u0644\u0631\u0628\u0627\u0637 \u0637\u0646\u062c\u0629 \u0645\u0631\u0627\u0643\u0634 \u0627\u0644\u0645\u063a\u0631\u0628","description":"\u0639\u0644\u0628\u0629 \u062e\u0634\u0628\u064a\u0629 \u0645\u062e\u0635\u0635\u0629 \u0645\u0639 \u0645\u062d\u0641\u0638\u0629 \u062c\u0644\u062f\u064a\u0629 \u062d\u0642\u064a\u0642\u064a\u0629 + \u0642\u0644\u0645 + \u062d\u0644\u0642\u0629 \u0645\u0641\u0627\u062a\u064a\u062d \u0627\u0644\u062f\u0627\u0631 \u0627\u0644\u0628\u064a\u0636\u0627\u0621 \u0627\u0644\u0631\u0628\u0627\u0637 \u0637\u0646\u062c\u0629 \u0645\u0631\u0627\u0643\u0634 \u0627\u0644\u0645\u063a\u0631\u0628","robots":{"index":"index","follow":"follow","max-snippet":"max-snippet:-1","max-image-preview":"max-image-preview:large","max-video-preview":"max-video-preview:-1"},"canonical":"https:\/\/decomarcgifts.com\/ar\/product\/\u0635\u0646\u062f\u0648\u0642-\u062e\u0634\u0628\u064a-\u0645\u062e\u0635\u0635-\u0645\u0639-\u062d\u0644\u0642\u0629-\u0645\u0641\u0627\u062a\u064a\u062d-\u0642\u0644\u0645-\u0645\u062d\u0641\u0638\/","og_locale":"ar_AR","og_type":"article","og_title":"Boite en bois personnalis\u00e9e avec Portefeuille vrai cuir + stylo + porte cl\u00e9 Casablanca Rabat Tanger Marakkech Maroc","og_description":"Boite en bois personnalis\u00e9e avec Portefeuille vrai cuir + stylo + porte cl\u00e9 Casablanca Rabat Tanger Marakkech Maroc","og_url":"https:\/\/decomarcgifts.com\/ar\/product\/\u0635\u0646\u062f\u0648\u0642-\u062e\u0634\u0628\u064a-\u0645\u062e\u0635\u0635-\u0645\u0639-\u062d\u0644\u0642\u0629-\u0645\u0641\u0627\u062a\u064a\u062d-\u0642\u0644\u0645-\u0645\u062d\u0641\u0638\/","og_site_name":"Deco &amp; Marc","article_modified_time":"2025-09-28T11:14:20+00:00","og_image":[{"width":400,"height":400,"url":"https:\/\/decomarcgifts.com\/wp-content\/uploads\/2025\/09\/02f8ff6bf173b3d716dcd1055227385d_m.jpeg","type":"image\/jpeg"}],"twitter_card":"summary_large_image","schema":{"@context":"https:\/\/schema.org","@graph":[{"@type":"WebPage","@id":"https:\/\/decomarcgifts.com\/produit\/boite-en-bois-personnalisee-avec-portefeuille-vrai-cuir-stylo-porte-cle\/","url":"https:\/\/decomarcgifts.com\/produit\/boite-en-bois-personnalisee-avec-portefeuille-vrai-cuir-stylo-porte-cle\/","name":"\u0639\u0644\u0628\u0629 \u062e\u0634\u0628\u064a\u0629 \u0645\u062e\u0635\u0635\u0629 \u0645\u0639 \u0645\u062d\u0641\u0638\u0629 \u062c\u0644\u062f\u064a\u0629 \u062d\u0642\u064a\u0642\u064a\u0629 + \u0642\u0644\u0645 + \u062d\u0644\u0642\u0629 \u0645\u0641\u0627\u062a\u064a\u062d \u0627\u0644\u062f\u0627\u0631 \u0627\u0644\u0628\u064a\u0636\u0627\u0621 \u0627\u0644\u0631\u0628\u0627\u0637 \u0637\u0646\u062c\u0629 \u0645\u0631\u0627\u0643\u0634 \u0627\u0644\u0645\u063a\u0631\u0628","isPartOf":{"@id":"https:\/\/decomarcgifts.com\/#website"},"primaryImageOfPage":{"@id":"https:\/\/decomarcgifts.com\/produit\/boite-en-bois-personnalisee-avec-portefeuille-vrai-cuir-stylo-porte-cle\/#primaryimage"},"image":{"@id":"https:\/\/decomarcgifts.com\/produit\/boite-en-bois-personnalisee-avec-portefeuille-vrai-cuir-stylo-porte-cle\/#primaryimage"},"thumbnailUrl":"https:\/\/decomarcgifts.com\/wp-content\/uploads\/2025\/09\/02f8ff6bf173b3d716dcd1055227385d_m.jpeg","datePublished":"2021-11-19T16:11:05+00:00","dateModified":"2025-09-28T11:14:20+00:00","description":"\u0639\u0644\u0628\u0629 \u062e\u0634\u0628\u064a\u0629 \u0645\u062e\u0635\u0635\u0629 \u0645\u0639 \u0645\u062d\u0641\u0638\u0629 \u062c\u0644\u062f\u064a\u0629 \u062d\u0642\u064a\u0642\u064a\u0629 + \u0642\u0644\u0645 + \u062d\u0644\u0642\u0629 \u0645\u0641\u0627\u062a\u064a\u062d \u0627\u0644\u062f\u0627\u0631 \u0627\u0644\u0628\u064a\u0636\u0627\u0621 \u0627\u0644\u0631\u0628\u0627\u0637 \u0637\u0646\u062c\u0629 \u0645\u0631\u0627\u0643\u0634 \u0627\u0644\u0645\u063a\u0631\u0628","breadcrumb":{"@id":"https:\/\/decomarcgifts.com\/produit\/boite-en-bois-personnalisee-avec-portefeuille-vrai-cuir-stylo-porte-cle\/#breadcrumb"},"inLanguage":"ar","potentialAction":[{"@type":"ReadAction","target":["https:\/\/decomarcgifts.com\/produit\/boite-en-bois-personnalisee-avec-portefeuille-vrai-cuir-stylo-porte-cle\/"]}]},{"@type":"ImageObject","inLanguage":"ar","@id":"https:\/\/decomarcgifts.com\/produit\/boite-en-bois-personnalisee-avec-portefeuille-vrai-cuir-stylo-porte-cle\/#primaryimage","url":"https:\/\/decomarcgifts.com\/wp-content\/uploads\/2025\/09\/02f8ff6bf173b3d716dcd1055227385d_m.jpeg","contentUrl":"https:\/\/decomarcgifts.com\/wp-content\/uploads\/2025\/09\/02f8ff6bf173b3d716dcd1055227385d_m.jpeg","width":400,"height":400},{"@type":"BreadcrumbList","@id":"https:\/\/decomarcgifts.com\/produit\/boite-en-bois-personnalisee-avec-portefeuille-vrai-cuir-stylo-porte-cle\/#breadcrumb","itemListElement":[{"@type":"ListItem","position":1,"name":"Accueil","item":"https:\/\/decomarcgifts.com\/"},{"@type":"ListItem","position":2,"name":"Catalogue","item":"https:\/\/decomarcgifts.com\/catalogue\/"},{"@type":"ListItem","position":3,"name":"Boite en bois personnalis\u00e9e avec Portefeuille vrai cuir + stylo + porte cl\u00e9"}]},{"@type":"WebSite","@id":"https:\/\/decomarcgifts.com\/#website","url":"https:\/\/decomarcgifts.com\/","name":"\u062f\u064a\u0643\u0648 \u0648\u0645\u0627\u0631\u0643","description":"\u0623\u0646\u0627\u0642\u0629 \u0623\u0643\u062b\u0631 \u0645\u0646 \u0645\u062b\u0627\u0644\u064a\u0629","potentialAction":[{"@type":"SearchAction","target":{"@type":"EntryPoint","urlTemplate":"https:\/\/decomarcgifts.com\/?s={search_term_string}"},"query-input":{"@type":"PropertyValueSpecification","valueRequired":true,"valueName":"search_term_string"}}],"inLanguage":"ar"}]}},"_links":{"self":[{"href":"https:\/\/decomarcgifts.com\/ar\/wp-json\/wp\/v2\/product\/823","targetHints":{"allow":["GET"]}}],"collection":[{"href":"https:\/\/decomarcgifts.com\/ar\/wp-json\/wp\/v2\/product"}],"about":[{"href":"https:\/\/decomarcgifts.com\/ar\/wp-json\/wp\/v2\/types\/product"}],"wp:featuredmedia":[{"embeddable":true,"href":"https:\/\/decomarcgifts.com\/ar\/wp-json\/wp\/v2\/media\/824"}],"wp:attachment":[{"href":"https:\/\/decomarcgifts.com\/ar\/wp-json\/wp\/v2\/media?parent=823"}],"wp:term":[{"taxonomy":"product_brand","embeddable":true,"href":"https:\/\/decomarcgifts.com\/ar\/wp-json\/wp\/v2\/product_brand?post=823"},{"taxonomy":"product_cat","embeddable":true,"href":"https:\/\/decomarcgifts.com\/ar\/wp-json\/wp\/v2\/product_cat?post=823"},{"taxonomy":"product_tag","embeddable":true,"href":"https:\/\/decomarcgifts.com\/ar\/wp-json\/wp\/v2\/product_tag?post=823"}],"curies":[{"name":"\u062f\u0628\u0644\u064a\u0648 \u0628\u064a","href":"https:\/\/api.w.org\/{rel}","templated":true}]}}