{"id":12013,"date":"2026-05-01T07:37:23","date_gmt":"2026-05-01T07:37:23","guid":{"rendered":"https:\/\/decomarcgifts.com\/"},"modified":"2026-05-08T11:19:27","modified_gmt":"2026-05-08T11:19:27","slug":"coffret-baraka-bouquet-de-chrysanthemes-chocolat-belge-special-omra-hajj","status":"publish","type":"product","link":"https:\/\/decomarcgifts.com\/ar\/product\/coffret-baraka-bouquet-de-chrysanthemes-chocolat-belge-special-omra-hajj\/","title":{"rendered":"Coffret Baraka \u2013 Bouquet de Chrysanth\u00e8mes &#038; Chocolat Belge Sp\u00e9cial Omra &#038; Hajj"},"content":{"rendered":"","protected":false},"excerpt":{"rendered":"<p>C\u00e9l\u00e9brez le retour de l\u2019Omra ou du Hajj avec une attention pleine de douceur et de spiritualit\u00e9. Ce coffret \u00e9l\u00e9gant associe un somptueux bouquet de chrysanth\u00e8mes blancs, symbole de puret\u00e9 et de paix, \u00e0 un plateau raffin\u00e9 de 1 kg de chocolat belge aux saveurs vari\u00e9es.<\/p>\n<p>Pr\u00e9sent\u00e9 dans un \u00e9crin d\u00e9licat orn\u00e9 de motifs inspir\u00e9s des lieux saints, ce cadeau est id\u00e9al pour f\u00e9liciter et honorer vos proches apr\u00e8s leur voyage sacr\u00e9. Une harmonie parfaite entre \u00e9l\u00e9gance florale et plaisir gourmand, pour marquer ce moment b\u00e9ni avec distinction et g\u00e9n\u00e9rosit\u00e9.<\/p>","protected":false},"featured_media":12015,"template":"","meta":{"_monsterinsights_skip_tracking":false,"_monsterinsights_sitenote_active":false,"_monsterinsights_sitenote_note":"","_monsterinsights_sitenote_category":0,"_joinchat":[]},"product_brand":[],"product_cat":[30],"product_tag":[],"class_list":{"0":"post-12013","1":"product","2":"type-product","3":"status-publish","4":"has-post-thumbnail","6":"product_cat-livraison-de-fleurs-casablanca-maroc","9":"instock","10":"shipping-taxable","11":"purchasable","12":"product-type-simple"},"yoast_head":"<!-- This site is optimized with the Yoast SEO plugin v27.1.1 - https:\/\/yoast.com\/product\/yoast-seo-wordpress\/ -->\n<title>Coffret Baraka \u2013 Bouquet de Chrysanth\u00e8mes &amp; Chocolat Belge Sp\u00e9cial Omra &amp; Hajj Casablanca Rabat Tanger Marakkech Maroc<\/title>\n<meta name=\"description\" content=\"Coffret Baraka \u2013 Bouquet de Chrysanth\u00e8mes &amp; Chocolat Belge Sp\u00e9cial Omra &amp; Hajj Casablanca Rabat Tanger Marakkech Maroc\" \/>\n<meta name=\"robots\" content=\"index, follow, max-snippet:-1, max-image-preview:large, max-video-preview:-1\" \/>\n<link rel=\"canonical\" href=\"https:\/\/decomarcgifts.com\/ar\/product\/coffret-baraka-bouquet-de-chrysanthemes-chocolat-belge-special-omra-hajj\/\" \/>\n<meta property=\"og:locale\" content=\"ar_AR\" \/>\n<meta property=\"og:type\" content=\"article\" \/>\n<meta property=\"og:title\" content=\"Coffret Baraka \u2013 Bouquet de Chrysanth\u00e8mes &amp; Chocolat Belge Sp\u00e9cial Omra &amp; Hajj Casablanca Rabat Tanger Marakkech Maroc\" \/>\n<meta property=\"og:description\" content=\"Coffret Baraka \u2013 Bouquet de Chrysanth\u00e8mes &amp; Chocolat Belge Sp\u00e9cial Omra &amp; Hajj Casablanca Rabat Tanger Marakkech Maroc\" \/>\n<meta property=\"og:url\" content=\"https:\/\/decomarcgifts.com\/ar\/product\/coffret-baraka-bouquet-de-chrysanthemes-chocolat-belge-special-omra-hajj\/\" \/>\n<meta property=\"og:site_name\" content=\"Deco &amp; Marc\" \/>\n<meta property=\"article:modified_time\" content=\"2026-05-08T11:19:27+00:00\" \/>\n<meta property=\"og:image\" content=\"https:\/\/decomarcgifts.com\/wp-content\/uploads\/2026\/05\/WhatsApp-Image-2026-04-30-at-4.17.47-PM.jpeg\" \/>\n\t<meta property=\"og:image:width\" content=\"883\" \/>\n\t<meta property=\"og:image:height\" content=\"872\" \/>\n\t<meta property=\"og:image:type\" content=\"image\/jpeg\" \/>\n<meta name=\"twitter:card\" content=\"summary_large_image\" \/>\n<meta name=\"twitter:label1\" content=\"\u0648\u0642\u062a \u0627\u0644\u0642\u0631\u0627\u0621\u0629 \u0627\u0644\u0645\u064f\u0642\u062f\u0651\u0631\" \/>\n\t<meta name=\"twitter:data1\" content=\"\u062f\u0642\u064a\u0642\u0629 \u0648\u0627\u062d\u062f\u0629\" \/>\n<script type=\"application\/ld+json\" class=\"yoast-schema-graph\">{\"@context\":\"https:\/\/schema.org\",\"@graph\":[{\"@type\":\"WebPage\",\"@id\":\"https:\/\/decomarcgifts.com\/produit\/coffret-baraka-bouquet-de-chrysanthemes-chocolat-belge-special-omra-hajj\/\",\"url\":\"https:\/\/decomarcgifts.com\/produit\/coffret-baraka-bouquet-de-chrysanthemes-chocolat-belge-special-omra-hajj\/\",\"name\":\"Coffret Baraka \u2013 Bouquet de Chrysanth\u00e8mes & Chocolat Belge Sp\u00e9cial Omra & Hajj Casablanca Rabat Tanger Marakkech Maroc\",\"isPartOf\":{\"@id\":\"https:\/\/decomarcgifts.com\/#website\"},\"primaryImageOfPage\":{\"@id\":\"https:\/\/decomarcgifts.com\/produit\/coffret-baraka-bouquet-de-chrysanthemes-chocolat-belge-special-omra-hajj\/#primaryimage\"},\"image\":{\"@id\":\"https:\/\/decomarcgifts.com\/produit\/coffret-baraka-bouquet-de-chrysanthemes-chocolat-belge-special-omra-hajj\/#primaryimage\"},\"thumbnailUrl\":\"https:\/\/decomarcgifts.com\/wp-content\/uploads\/2026\/05\/WhatsApp-Image-2026-04-30-at-4.17.47-PM.jpeg\",\"datePublished\":\"2026-05-01T07:37:23+00:00\",\"dateModified\":\"2026-05-08T11:19:27+00:00\",\"description\":\"Coffret Baraka \u2013 Bouquet de Chrysanth\u00e8mes & Chocolat Belge Sp\u00e9cial Omra & Hajj Casablanca Rabat Tanger Marakkech Maroc\",\"breadcrumb\":{\"@id\":\"https:\/\/decomarcgifts.com\/produit\/coffret-baraka-bouquet-de-chrysanthemes-chocolat-belge-special-omra-hajj\/#breadcrumb\"},\"inLanguage\":\"ar\",\"potentialAction\":[{\"@type\":\"ReadAction\",\"target\":[\"https:\/\/decomarcgifts.com\/produit\/coffret-baraka-bouquet-de-chrysanthemes-chocolat-belge-special-omra-hajj\/\"]}]},{\"@type\":\"ImageObject\",\"inLanguage\":\"ar\",\"@id\":\"https:\/\/decomarcgifts.com\/produit\/coffret-baraka-bouquet-de-chrysanthemes-chocolat-belge-special-omra-hajj\/#primaryimage\",\"url\":\"https:\/\/decomarcgifts.com\/wp-content\/uploads\/2026\/05\/WhatsApp-Image-2026-04-30-at-4.17.47-PM.jpeg\",\"contentUrl\":\"https:\/\/decomarcgifts.com\/wp-content\/uploads\/2026\/05\/WhatsApp-Image-2026-04-30-at-4.17.47-PM.jpeg\",\"width\":883,\"height\":872},{\"@type\":\"BreadcrumbList\",\"@id\":\"https:\/\/decomarcgifts.com\/produit\/coffret-baraka-bouquet-de-chrysanthemes-chocolat-belge-special-omra-hajj\/#breadcrumb\",\"itemListElement\":[{\"@type\":\"ListItem\",\"position\":1,\"name\":\"Accueil\",\"item\":\"https:\/\/decomarcgifts.com\/\"},{\"@type\":\"ListItem\",\"position\":2,\"name\":\"Catalogue\",\"item\":\"https:\/\/decomarcgifts.com\/catalogue\/\"},{\"@type\":\"ListItem\",\"position\":3,\"name\":\"Coffret Baraka \u2013 Bouquet de Chrysanth\u00e8mes &#038; Chocolat Belge Sp\u00e9cial Omra &#038; Hajj\"}]},{\"@type\":\"WebSite\",\"@id\":\"https:\/\/decomarcgifts.com\/#website\",\"url\":\"https:\/\/decomarcgifts.com\/\",\"name\":\"Deco &amp; Marc\",\"description\":\"L&#039;\u00e9l\u00e9gance au plus que parfait\",\"potentialAction\":[{\"@type\":\"SearchAction\",\"target\":{\"@type\":\"EntryPoint\",\"urlTemplate\":\"https:\/\/decomarcgifts.com\/?s={search_term_string}\"},\"query-input\":{\"@type\":\"PropertyValueSpecification\",\"valueRequired\":true,\"valueName\":\"search_term_string\"}}],\"inLanguage\":\"ar\"}]}<\/script>\n<!-- \/ Yoast SEO plugin. -->","yoast_head_json":{"title":"Coffret Baraka \u2013 Bouquet de Chrysanth\u00e8mes & Chocolat Belge Sp\u00e9cial Omra & Hajj Casablanca Rabat Tanger Marakkech Maroc","description":"Coffret Baraka \u2013 Bouquet de Chrysanth\u00e8mes & Chocolat Belge Sp\u00e9cial Omra & Hajj Casablanca Rabat Tanger Marakkech Maroc","robots":{"index":"index","follow":"follow","max-snippet":"max-snippet:-1","max-image-preview":"max-image-preview:large","max-video-preview":"max-video-preview:-1"},"canonical":"https:\/\/decomarcgifts.com\/ar\/product\/coffret-baraka-bouquet-de-chrysanthemes-chocolat-belge-special-omra-hajj\/","og_locale":"ar_AR","og_type":"article","og_title":"Coffret Baraka \u2013 Bouquet de Chrysanth\u00e8mes & Chocolat Belge Sp\u00e9cial Omra & Hajj Casablanca Rabat Tanger Marakkech Maroc","og_description":"Coffret Baraka \u2013 Bouquet de Chrysanth\u00e8mes & Chocolat Belge Sp\u00e9cial Omra & Hajj Casablanca Rabat Tanger Marakkech Maroc","og_url":"https:\/\/decomarcgifts.com\/ar\/product\/coffret-baraka-bouquet-de-chrysanthemes-chocolat-belge-special-omra-hajj\/","og_site_name":"Deco &amp; Marc","article_modified_time":"2026-05-08T11:19:27+00:00","og_image":[{"width":883,"height":872,"url":"https:\/\/decomarcgifts.com\/wp-content\/uploads\/2026\/05\/WhatsApp-Image-2026-04-30-at-4.17.47-PM.jpeg","type":"image\/jpeg"}],"twitter_card":"summary_large_image","twitter_misc":{"\u0648\u0642\u062a \u0627\u0644\u0642\u0631\u0627\u0621\u0629 \u0627\u0644\u0645\u064f\u0642\u062f\u0651\u0631":"\u062f\u0642\u064a\u0642\u0629 \u0648\u0627\u062d\u062f\u0629"},"schema":{"@context":"https:\/\/schema.org","@graph":[{"@type":"WebPage","@id":"https:\/\/decomarcgifts.com\/produit\/coffret-baraka-bouquet-de-chrysanthemes-chocolat-belge-special-omra-hajj\/","url":"https:\/\/decomarcgifts.com\/produit\/coffret-baraka-bouquet-de-chrysanthemes-chocolat-belge-special-omra-hajj\/","name":"Coffret Baraka \u2013 Bouquet de Chrysanth\u00e8mes & Chocolat Belge Sp\u00e9cial Omra & Hajj Casablanca Rabat Tanger Marakkech Maroc","isPartOf":{"@id":"https:\/\/decomarcgifts.com\/#website"},"primaryImageOfPage":{"@id":"https:\/\/decomarcgifts.com\/produit\/coffret-baraka-bouquet-de-chrysanthemes-chocolat-belge-special-omra-hajj\/#primaryimage"},"image":{"@id":"https:\/\/decomarcgifts.com\/produit\/coffret-baraka-bouquet-de-chrysanthemes-chocolat-belge-special-omra-hajj\/#primaryimage"},"thumbnailUrl":"https:\/\/decomarcgifts.com\/wp-content\/uploads\/2026\/05\/WhatsApp-Image-2026-04-30-at-4.17.47-PM.jpeg","datePublished":"2026-05-01T07:37:23+00:00","dateModified":"2026-05-08T11:19:27+00:00","description":"Coffret Baraka \u2013 Bouquet de Chrysanth\u00e8mes & Chocolat Belge Sp\u00e9cial Omra & Hajj Casablanca Rabat Tanger Marakkech Maroc","breadcrumb":{"@id":"https:\/\/decomarcgifts.com\/produit\/coffret-baraka-bouquet-de-chrysanthemes-chocolat-belge-special-omra-hajj\/#breadcrumb"},"inLanguage":"ar","potentialAction":[{"@type":"ReadAction","target":["https:\/\/decomarcgifts.com\/produit\/coffret-baraka-bouquet-de-chrysanthemes-chocolat-belge-special-omra-hajj\/"]}]},{"@type":"ImageObject","inLanguage":"ar","@id":"https:\/\/decomarcgifts.com\/produit\/coffret-baraka-bouquet-de-chrysanthemes-chocolat-belge-special-omra-hajj\/#primaryimage","url":"https:\/\/decomarcgifts.com\/wp-content\/uploads\/2026\/05\/WhatsApp-Image-2026-04-30-at-4.17.47-PM.jpeg","contentUrl":"https:\/\/decomarcgifts.com\/wp-content\/uploads\/2026\/05\/WhatsApp-Image-2026-04-30-at-4.17.47-PM.jpeg","width":883,"height":872},{"@type":"BreadcrumbList","@id":"https:\/\/decomarcgifts.com\/produit\/coffret-baraka-bouquet-de-chrysanthemes-chocolat-belge-special-omra-hajj\/#breadcrumb","itemListElement":[{"@type":"ListItem","position":1,"name":"Accueil","item":"https:\/\/decomarcgifts.com\/"},{"@type":"ListItem","position":2,"name":"Catalogue","item":"https:\/\/decomarcgifts.com\/catalogue\/"},{"@type":"ListItem","position":3,"name":"Coffret Baraka \u2013 Bouquet de Chrysanth\u00e8mes &#038; Chocolat Belge Sp\u00e9cial Omra &#038; Hajj"}]},{"@type":"WebSite","@id":"https:\/\/decomarcgifts.com\/#website","url":"https:\/\/decomarcgifts.com\/","name":"\u062f\u064a\u0643\u0648 \u0648\u0645\u0627\u0631\u0643","description":"\u0623\u0646\u0627\u0642\u0629 \u0623\u0643\u062b\u0631 \u0645\u0646 \u0645\u062b\u0627\u0644\u064a\u0629","potentialAction":[{"@type":"SearchAction","target":{"@type":"EntryPoint","urlTemplate":"https:\/\/decomarcgifts.com\/?s={search_term_string}"},"query-input":{"@type":"PropertyValueSpecification","valueRequired":true,"valueName":"search_term_string"}}],"inLanguage":"ar"}]}},"_links":{"self":[{"href":"https:\/\/decomarcgifts.com\/ar\/wp-json\/wp\/v2\/product\/12013","targetHints":{"allow":["GET"]}}],"collection":[{"href":"https:\/\/decomarcgifts.com\/ar\/wp-json\/wp\/v2\/product"}],"about":[{"href":"https:\/\/decomarcgifts.com\/ar\/wp-json\/wp\/v2\/types\/product"}],"wp:featuredmedia":[{"embeddable":true,"href":"https:\/\/decomarcgifts.com\/ar\/wp-json\/wp\/v2\/media\/12015"}],"wp:attachment":[{"href":"https:\/\/decomarcgifts.com\/ar\/wp-json\/wp\/v2\/media?parent=12013"}],"wp:term":[{"taxonomy":"product_brand","embeddable":true,"href":"https:\/\/decomarcgifts.com\/ar\/wp-json\/wp\/v2\/product_brand?post=12013"},{"taxonomy":"product_cat","embeddable":true,"href":"https:\/\/decomarcgifts.com\/ar\/wp-json\/wp\/v2\/product_cat?post=12013"},{"taxonomy":"product_tag","embeddable":true,"href":"https:\/\/decomarcgifts.com\/ar\/wp-json\/wp\/v2\/product_tag?post=12013"}],"curies":[{"name":"\u062f\u0628\u0644\u064a\u0648 \u0628\u064a","href":"https:\/\/api.w.org\/{rel}","templated":true}]}}