{"id":11944,"date":"2026-04-16T01:46:18","date_gmt":"2026-04-16T01:46:18","guid":{"rendered":"https:\/\/decomarcgifts.com\/"},"modified":"2026-04-16T01:47:05","modified_gmt":"2026-04-16T01:47:05","slug":"bouquet-de-fleurs-multicolores-elegant-dans-un-emballage-raffine","status":"publish","type":"product","link":"https:\/\/decomarcgifts.com\/ar\/product\/bouquet-de-fleurs-multicolores-elegant-dans-un-emballage-raffine\/","title":{"rendered":"Bouquet de fleurs multicolores \u00e9l\u00e9gant dans un emballage raffin\u00e9"},"content":{"rendered":"","protected":false},"excerpt":{"rendered":"<p>Ce bouquet g\u00e9n\u00e9reux associe des roses orange, des fleurs blanches type chrysanth\u00e8mes et de petites touches rouges et roses pour un rendu \u00e0 la fois chaleureux et \u00e9l\u00e9gant. Pr\u00e9sent\u00e9 dans un emballage blanc soign\u00e9 avec un ruban dor\u00e9, il d\u00e9gage une impression de luxe, de fra\u00eecheur et de d\u00e9licatesse.<\/p>\n<p>Id\u00e9al pour offrir lors d\u2019un anniversaire, d\u2019un remerciement, d\u2019une c\u00e9l\u00e9bration ou simplement pour faire plaisir, ce bouquet attire le regard par ses couleurs harmonieuses et sa pr\u00e9sentation haut de gamme.<\/p>","protected":false},"featured_media":11945,"template":"","meta":{"_monsterinsights_skip_tracking":false,"_monsterinsights_sitenote_active":false,"_monsterinsights_sitenote_note":"","_monsterinsights_sitenote_category":0,"_joinchat":[]},"product_brand":[],"product_cat":[30],"product_tag":[],"class_list":{"0":"post-11944","1":"product","2":"type-product","3":"status-publish","4":"has-post-thumbnail","6":"product_cat-livraison-de-fleurs-casablanca-maroc","9":"instock","10":"shipping-taxable","11":"purchasable","12":"product-type-simple"},"yoast_head":"<!-- This site is optimized with the Yoast SEO plugin v27.1.1 - https:\/\/yoast.com\/product\/yoast-seo-wordpress\/ -->\n<title>Bouquet de fleurs multicolores \u00e9l\u00e9gant dans un emballage raffin\u00e9 Casablanca Rabat Tanger Marakkech Maroc<\/title>\n<meta name=\"description\" content=\"Bouquet de fleurs multicolores \u00e9l\u00e9gant dans un emballage raffin\u00e9 Casablanca Rabat Tanger Marakkech Maroc\" \/>\n<meta name=\"robots\" content=\"index, follow, max-snippet:-1, max-image-preview:large, max-video-preview:-1\" \/>\n<link rel=\"canonical\" href=\"https:\/\/decomarcgifts.com\/ar\/product\/bouquet-de-fleurs-multicolores-elegant-dans-un-emballage-raffine\/\" \/>\n<meta property=\"og:locale\" content=\"ar_AR\" \/>\n<meta property=\"og:type\" content=\"article\" \/>\n<meta property=\"og:title\" content=\"Bouquet de fleurs multicolores \u00e9l\u00e9gant dans un emballage raffin\u00e9 Casablanca Rabat Tanger Marakkech Maroc\" \/>\n<meta property=\"og:description\" content=\"Bouquet de fleurs multicolores \u00e9l\u00e9gant dans un emballage raffin\u00e9 Casablanca Rabat Tanger Marakkech Maroc\" \/>\n<meta property=\"og:url\" content=\"https:\/\/decomarcgifts.com\/ar\/product\/bouquet-de-fleurs-multicolores-elegant-dans-un-emballage-raffine\/\" \/>\n<meta property=\"og:site_name\" content=\"Deco &amp; Marc\" \/>\n<meta property=\"article:modified_time\" content=\"2026-04-16T01:47:05+00:00\" \/>\n<meta property=\"og:image\" content=\"https:\/\/decomarcgifts.com\/wp-content\/uploads\/2026\/04\/WhatsApp-Image-2026-04-15-at-11.06.38-PM.jpeg\" \/>\n\t<meta property=\"og:image:width\" content=\"690\" \/>\n\t<meta property=\"og:image:height\" content=\"1044\" \/>\n\t<meta property=\"og:image:type\" content=\"image\/jpeg\" \/>\n<meta name=\"twitter:card\" content=\"summary_large_image\" \/>\n<meta name=\"twitter:label1\" content=\"\u0648\u0642\u062a \u0627\u0644\u0642\u0631\u0627\u0621\u0629 \u0627\u0644\u0645\u064f\u0642\u062f\u0651\u0631\" \/>\n\t<meta name=\"twitter:data1\" content=\"\u062f\u0642\u064a\u0642\u0629 \u0648\u0627\u062d\u062f\u0629\" \/>\n<script type=\"application\/ld+json\" class=\"yoast-schema-graph\">{\"@context\":\"https:\/\/schema.org\",\"@graph\":[{\"@type\":\"WebPage\",\"@id\":\"https:\/\/decomarcgifts.com\/produit\/bouquet-de-fleurs-multicolores-elegant-dans-un-emballage-raffine\/\",\"url\":\"https:\/\/decomarcgifts.com\/produit\/bouquet-de-fleurs-multicolores-elegant-dans-un-emballage-raffine\/\",\"name\":\"Bouquet de fleurs multicolores \u00e9l\u00e9gant dans un emballage raffin\u00e9 Casablanca Rabat Tanger Marakkech Maroc\",\"isPartOf\":{\"@id\":\"https:\/\/decomarcgifts.com\/#website\"},\"primaryImageOfPage\":{\"@id\":\"https:\/\/decomarcgifts.com\/produit\/bouquet-de-fleurs-multicolores-elegant-dans-un-emballage-raffine\/#primaryimage\"},\"image\":{\"@id\":\"https:\/\/decomarcgifts.com\/produit\/bouquet-de-fleurs-multicolores-elegant-dans-un-emballage-raffine\/#primaryimage\"},\"thumbnailUrl\":\"https:\/\/decomarcgifts.com\/wp-content\/uploads\/2026\/04\/WhatsApp-Image-2026-04-15-at-11.06.38-PM.jpeg\",\"datePublished\":\"2026-04-16T01:46:18+00:00\",\"dateModified\":\"2026-04-16T01:47:05+00:00\",\"description\":\"Bouquet de fleurs multicolores \u00e9l\u00e9gant dans un emballage raffin\u00e9 Casablanca Rabat Tanger Marakkech Maroc\",\"breadcrumb\":{\"@id\":\"https:\/\/decomarcgifts.com\/produit\/bouquet-de-fleurs-multicolores-elegant-dans-un-emballage-raffine\/#breadcrumb\"},\"inLanguage\":\"ar\",\"potentialAction\":[{\"@type\":\"ReadAction\",\"target\":[\"https:\/\/decomarcgifts.com\/produit\/bouquet-de-fleurs-multicolores-elegant-dans-un-emballage-raffine\/\"]}]},{\"@type\":\"ImageObject\",\"inLanguage\":\"ar\",\"@id\":\"https:\/\/decomarcgifts.com\/produit\/bouquet-de-fleurs-multicolores-elegant-dans-un-emballage-raffine\/#primaryimage\",\"url\":\"https:\/\/decomarcgifts.com\/wp-content\/uploads\/2026\/04\/WhatsApp-Image-2026-04-15-at-11.06.38-PM.jpeg\",\"contentUrl\":\"https:\/\/decomarcgifts.com\/wp-content\/uploads\/2026\/04\/WhatsApp-Image-2026-04-15-at-11.06.38-PM.jpeg\",\"width\":690,\"height\":1044},{\"@type\":\"BreadcrumbList\",\"@id\":\"https:\/\/decomarcgifts.com\/produit\/bouquet-de-fleurs-multicolores-elegant-dans-un-emballage-raffine\/#breadcrumb\",\"itemListElement\":[{\"@type\":\"ListItem\",\"position\":1,\"name\":\"Accueil\",\"item\":\"https:\/\/decomarcgifts.com\/\"},{\"@type\":\"ListItem\",\"position\":2,\"name\":\"Catalogue\",\"item\":\"https:\/\/decomarcgifts.com\/catalogue\/\"},{\"@type\":\"ListItem\",\"position\":3,\"name\":\"Bouquet de fleurs multicolores \u00e9l\u00e9gant dans un emballage raffin\u00e9\"}]},{\"@type\":\"WebSite\",\"@id\":\"https:\/\/decomarcgifts.com\/#website\",\"url\":\"https:\/\/decomarcgifts.com\/\",\"name\":\"Deco &amp; Marc\",\"description\":\"L&#039;\u00e9l\u00e9gance au plus que parfait\",\"potentialAction\":[{\"@type\":\"SearchAction\",\"target\":{\"@type\":\"EntryPoint\",\"urlTemplate\":\"https:\/\/decomarcgifts.com\/?s={search_term_string}\"},\"query-input\":{\"@type\":\"PropertyValueSpecification\",\"valueRequired\":true,\"valueName\":\"search_term_string\"}}],\"inLanguage\":\"ar\"}]}<\/script>\n<!-- \/ Yoast SEO plugin. -->","yoast_head_json":{"title":"Bouquet de fleurs multicolores \u00e9l\u00e9gant dans un emballage raffin\u00e9 Casablanca Rabat Tanger Marakkech Maroc","description":"Bouquet de fleurs multicolores \u00e9l\u00e9gant dans un emballage raffin\u00e9 Casablanca Rabat Tanger Marakkech Maroc","robots":{"index":"index","follow":"follow","max-snippet":"max-snippet:-1","max-image-preview":"max-image-preview:large","max-video-preview":"max-video-preview:-1"},"canonical":"https:\/\/decomarcgifts.com\/ar\/product\/bouquet-de-fleurs-multicolores-elegant-dans-un-emballage-raffine\/","og_locale":"ar_AR","og_type":"article","og_title":"Bouquet de fleurs multicolores \u00e9l\u00e9gant dans un emballage raffin\u00e9 Casablanca Rabat Tanger Marakkech Maroc","og_description":"Bouquet de fleurs multicolores \u00e9l\u00e9gant dans un emballage raffin\u00e9 Casablanca Rabat Tanger Marakkech Maroc","og_url":"https:\/\/decomarcgifts.com\/ar\/product\/bouquet-de-fleurs-multicolores-elegant-dans-un-emballage-raffine\/","og_site_name":"Deco &amp; Marc","article_modified_time":"2026-04-16T01:47:05+00:00","og_image":[{"width":690,"height":1044,"url":"https:\/\/decomarcgifts.com\/wp-content\/uploads\/2026\/04\/WhatsApp-Image-2026-04-15-at-11.06.38-PM.jpeg","type":"image\/jpeg"}],"twitter_card":"summary_large_image","twitter_misc":{"\u0648\u0642\u062a \u0627\u0644\u0642\u0631\u0627\u0621\u0629 \u0627\u0644\u0645\u064f\u0642\u062f\u0651\u0631":"\u062f\u0642\u064a\u0642\u0629 \u0648\u0627\u062d\u062f\u0629"},"schema":{"@context":"https:\/\/schema.org","@graph":[{"@type":"WebPage","@id":"https:\/\/decomarcgifts.com\/produit\/bouquet-de-fleurs-multicolores-elegant-dans-un-emballage-raffine\/","url":"https:\/\/decomarcgifts.com\/produit\/bouquet-de-fleurs-multicolores-elegant-dans-un-emballage-raffine\/","name":"Bouquet de fleurs multicolores \u00e9l\u00e9gant dans un emballage raffin\u00e9 Casablanca Rabat Tanger Marakkech Maroc","isPartOf":{"@id":"https:\/\/decomarcgifts.com\/#website"},"primaryImageOfPage":{"@id":"https:\/\/decomarcgifts.com\/produit\/bouquet-de-fleurs-multicolores-elegant-dans-un-emballage-raffine\/#primaryimage"},"image":{"@id":"https:\/\/decomarcgifts.com\/produit\/bouquet-de-fleurs-multicolores-elegant-dans-un-emballage-raffine\/#primaryimage"},"thumbnailUrl":"https:\/\/decomarcgifts.com\/wp-content\/uploads\/2026\/04\/WhatsApp-Image-2026-04-15-at-11.06.38-PM.jpeg","datePublished":"2026-04-16T01:46:18+00:00","dateModified":"2026-04-16T01:47:05+00:00","description":"Bouquet de fleurs multicolores \u00e9l\u00e9gant dans un emballage raffin\u00e9 Casablanca Rabat Tanger Marakkech Maroc","breadcrumb":{"@id":"https:\/\/decomarcgifts.com\/produit\/bouquet-de-fleurs-multicolores-elegant-dans-un-emballage-raffine\/#breadcrumb"},"inLanguage":"ar","potentialAction":[{"@type":"ReadAction","target":["https:\/\/decomarcgifts.com\/produit\/bouquet-de-fleurs-multicolores-elegant-dans-un-emballage-raffine\/"]}]},{"@type":"ImageObject","inLanguage":"ar","@id":"https:\/\/decomarcgifts.com\/produit\/bouquet-de-fleurs-multicolores-elegant-dans-un-emballage-raffine\/#primaryimage","url":"https:\/\/decomarcgifts.com\/wp-content\/uploads\/2026\/04\/WhatsApp-Image-2026-04-15-at-11.06.38-PM.jpeg","contentUrl":"https:\/\/decomarcgifts.com\/wp-content\/uploads\/2026\/04\/WhatsApp-Image-2026-04-15-at-11.06.38-PM.jpeg","width":690,"height":1044},{"@type":"BreadcrumbList","@id":"https:\/\/decomarcgifts.com\/produit\/bouquet-de-fleurs-multicolores-elegant-dans-un-emballage-raffine\/#breadcrumb","itemListElement":[{"@type":"ListItem","position":1,"name":"Accueil","item":"https:\/\/decomarcgifts.com\/"},{"@type":"ListItem","position":2,"name":"Catalogue","item":"https:\/\/decomarcgifts.com\/catalogue\/"},{"@type":"ListItem","position":3,"name":"Bouquet de fleurs multicolores \u00e9l\u00e9gant dans un emballage raffin\u00e9"}]},{"@type":"WebSite","@id":"https:\/\/decomarcgifts.com\/#website","url":"https:\/\/decomarcgifts.com\/","name":"\u062f\u064a\u0643\u0648 \u0648\u0645\u0627\u0631\u0643","description":"\u0623\u0646\u0627\u0642\u0629 \u0623\u0643\u062b\u0631 \u0645\u0646 \u0645\u062b\u0627\u0644\u064a\u0629","potentialAction":[{"@type":"SearchAction","target":{"@type":"EntryPoint","urlTemplate":"https:\/\/decomarcgifts.com\/?s={search_term_string}"},"query-input":{"@type":"PropertyValueSpecification","valueRequired":true,"valueName":"search_term_string"}}],"inLanguage":"ar"}]}},"_links":{"self":[{"href":"https:\/\/decomarcgifts.com\/ar\/wp-json\/wp\/v2\/product\/11944","targetHints":{"allow":["GET"]}}],"collection":[{"href":"https:\/\/decomarcgifts.com\/ar\/wp-json\/wp\/v2\/product"}],"about":[{"href":"https:\/\/decomarcgifts.com\/ar\/wp-json\/wp\/v2\/types\/product"}],"wp:featuredmedia":[{"embeddable":true,"href":"https:\/\/decomarcgifts.com\/ar\/wp-json\/wp\/v2\/media\/11945"}],"wp:attachment":[{"href":"https:\/\/decomarcgifts.com\/ar\/wp-json\/wp\/v2\/media?parent=11944"}],"wp:term":[{"taxonomy":"product_brand","embeddable":true,"href":"https:\/\/decomarcgifts.com\/ar\/wp-json\/wp\/v2\/product_brand?post=11944"},{"taxonomy":"product_cat","embeddable":true,"href":"https:\/\/decomarcgifts.com\/ar\/wp-json\/wp\/v2\/product_cat?post=11944"},{"taxonomy":"product_tag","embeddable":true,"href":"https:\/\/decomarcgifts.com\/ar\/wp-json\/wp\/v2\/product_tag?post=11944"}],"curies":[{"name":"\u062f\u0628\u0644\u064a\u0648 \u0628\u064a","href":"https:\/\/api.w.org\/{rel}","templated":true}]}}