{"id":11881,"date":"2026-03-28T09:33:33","date_gmt":"2026-03-28T09:33:33","guid":{"rendered":"https:\/\/decomarcgifts.com\/"},"modified":"2026-03-28T09:34:26","modified_gmt":"2026-03-28T09:34:26","slug":"%d8%a8%d8%a7%d9%82%d8%a9-%d9%88%d9%84%d8%a7%d8%af%d8%a7%d8%aa-%d8%a3%d9%86%d9%8a%d9%82%d8%a9-%d8%a8%d8%a3%d9%84%d9%88%d8%a7%d9%86-%d8%a7%d9%84%d8%a8%d8%a7%d8%b3%d8%aa%d9%8a%d9%84","status":"publish","type":"product","link":"https:\/\/decomarcgifts.com\/ar\/product\/%d8%a8%d8%a7%d9%82%d8%a9-%d9%88%d9%84%d8%a7%d8%af%d8%a7%d8%aa-%d8%a3%d9%86%d9%8a%d9%82%d8%a9-%d8%a8%d8%a3%d9%84%d9%88%d8%a7%d9%86-%d8%a7%d9%84%d8%a8%d8%a7%d8%b3%d8%aa%d9%8a%d9%84\/","title":{"rendered":"\u0628\u0627\u0642\u0629 \u0632\u0647\u0648\u0631 \u0627\u0644\u0645\u064a\u0644\u0627\u062f \u0627\u0644\u0623\u0646\u064a\u0642\u0629 \u0628\u0623\u0644\u0648\u0627\u0646 \u0627\u0644\u0628\u0627\u0633\u062a\u064a\u0644"},"content":{"rendered":"","protected":false},"excerpt":{"rendered":"<p>\u0628\u0627\u0642\u0629 \u0631\u0642\u064a\u0642\u0629 \u0648\u0631\u0627\u0642\u064a\u0629 \u0645\u0646 \u0627\u0644\u0632\u0647\u0648\u0631 \u0627\u0644\u0646\u0636\u0631\u0629 \u0628\u0623\u0644\u0648\u0627\u0646 \u0646\u0627\u0639\u0645\u0629 \u0645\u0646 \u0627\u0644\u0648\u0631\u062f\u064a \u0648\u0627\u0644\u0623\u0628\u064a\u0636 \u0648\u0627\u0644\u0623\u062e\u0636\u0631\u060c \u0645\u062b\u0627\u0644\u064a\u0629 \u0644\u0644\u0627\u062d\u062a\u0641\u0627\u0644 \u0628\u0627\u0644\u0645\u0648\u0644\u0648\u062f \u0627\u0644\u062c\u062f\u064a\u062f \u0628\u0623\u0646\u0627\u0642\u0629 \u0648\u0631\u0642\u0629. \u0645\u0642\u062f\u0645\u0629 \u0641\u064a \u0639\u0628\u0648\u0629 \u0623\u0646\u064a\u0642\u0629 \u0645\u0639 \u0628\u0637\u0627\u0642\u0629 \u0645\u0637\u0627\u0628\u0642\u0629 \u062a\u0636\u0641\u064a \u0644\u0645\u0633\u0629 \u0645\u0646 \u0627\u0644\u0646\u0639\u0648\u0645\u0629 \u0648\u0627\u0644\u062c\u0645\u0627\u0644 \u0644\u0644\u062a\u0631\u062d\u064a\u0628 \u0628\u0645\u0648\u0644\u0648\u062f \u062c\u062f\u064a\u062f \u0648\u062a\u0647\u0646\u0626\u0629 \u0627\u0644\u0639\u0627\u0626\u0644\u0629.<\/p>","protected":false},"featured_media":11882,"template":"","meta":{"_monsterinsights_skip_tracking":false,"_monsterinsights_sitenote_active":false,"_monsterinsights_sitenote_note":"","_monsterinsights_sitenote_category":0,"_joinchat":[]},"product_brand":[],"product_cat":[26],"product_tag":[],"class_list":{"0":"post-11881","1":"product","2":"type-product","3":"status-publish","4":"has-post-thumbnail","6":"product_cat-cadeaux-de-naissance","9":"instock","10":"shipping-taxable","11":"purchasable","12":"product-type-simple"},"yoast_head":"<!-- This site is optimized with the Yoast SEO plugin v27.1.1 - https:\/\/yoast.com\/product\/yoast-seo-wordpress\/ -->\n<title>Bouquet Naissance \u00c9l\u00e9gant en Tons Pastel Casablanca Rabat Tanger Marakkech Maroc<\/title>\n<meta name=\"description\" content=\"Bouquet Naissance \u00c9l\u00e9gant en Tons Pastel Casablanca Rabat Tanger Marakkech Maroc\" \/>\n<meta name=\"robots\" content=\"index, follow, max-snippet:-1, max-image-preview:large, max-video-preview:-1\" \/>\n<link rel=\"canonical\" href=\"https:\/\/decomarcgifts.com\/ar\/product\/\u0628\u0627\u0642\u0629-\u0648\u0644\u0627\u062f\u0627\u062a-\u0623\u0646\u064a\u0642\u0629-\u0628\u0623\u0644\u0648\u0627\u0646-\u0627\u0644\u0628\u0627\u0633\u062a\u064a\u0644\/\" \/>\n<meta property=\"og:locale\" content=\"ar_AR\" \/>\n<meta property=\"og:type\" content=\"article\" \/>\n<meta property=\"og:title\" content=\"Bouquet Naissance \u00c9l\u00e9gant en Tons Pastel Casablanca Rabat Tanger Marakkech Maroc\" \/>\n<meta property=\"og:description\" content=\"Bouquet Naissance \u00c9l\u00e9gant en Tons Pastel Casablanca Rabat Tanger Marakkech Maroc\" \/>\n<meta property=\"og:url\" content=\"https:\/\/decomarcgifts.com\/ar\/product\/\u0628\u0627\u0642\u0629-\u0648\u0644\u0627\u062f\u0627\u062a-\u0623\u0646\u064a\u0642\u0629-\u0628\u0623\u0644\u0648\u0627\u0646-\u0627\u0644\u0628\u0627\u0633\u062a\u064a\u0644\/\" \/>\n<meta property=\"og:site_name\" content=\"Deco &amp; Marc\" \/>\n<meta property=\"article:modified_time\" content=\"2026-03-28T09:34:26+00:00\" \/>\n<meta property=\"og:image\" content=\"https:\/\/decomarcgifts.com\/wp-content\/uploads\/2026\/03\/WhatsApp-Image-2026-03-27-at-10.48.42-AM.jpeg\" \/>\n\t<meta property=\"og:image:width\" content=\"1571\" \/>\n\t<meta property=\"og:image:height\" content=\"1600\" \/>\n\t<meta property=\"og:image:type\" content=\"image\/jpeg\" \/>\n<meta name=\"twitter:card\" content=\"summary_large_image\" \/>\n<meta name=\"twitter:label1\" content=\"\u0648\u0642\u062a \u0627\u0644\u0642\u0631\u0627\u0621\u0629 \u0627\u0644\u0645\u064f\u0642\u062f\u0651\u0631\" \/>\n\t<meta name=\"twitter:data1\" content=\"\u062f\u0642\u064a\u0642\u0629 \u0648\u0627\u062d\u062f\u0629\" \/>\n<script type=\"application\/ld+json\" class=\"yoast-schema-graph\">{\"@context\":\"https:\/\/schema.org\",\"@graph\":[{\"@type\":\"WebPage\",\"@id\":\"https:\/\/decomarcgifts.com\/produit\/bouquet-naissance-elegant-en-tons-pastel\/\",\"url\":\"https:\/\/decomarcgifts.com\/produit\/bouquet-naissance-elegant-en-tons-pastel\/\",\"name\":\"Bouquet Naissance \u00c9l\u00e9gant en Tons Pastel Casablanca Rabat Tanger Marakkech Maroc\",\"isPartOf\":{\"@id\":\"https:\/\/decomarcgifts.com\/#website\"},\"primaryImageOfPage\":{\"@id\":\"https:\/\/decomarcgifts.com\/produit\/bouquet-naissance-elegant-en-tons-pastel\/#primaryimage\"},\"image\":{\"@id\":\"https:\/\/decomarcgifts.com\/produit\/bouquet-naissance-elegant-en-tons-pastel\/#primaryimage\"},\"thumbnailUrl\":\"https:\/\/decomarcgifts.com\/wp-content\/uploads\/2026\/03\/WhatsApp-Image-2026-03-27-at-10.48.42-AM.jpeg\",\"datePublished\":\"2026-03-28T09:33:33+00:00\",\"dateModified\":\"2026-03-28T09:34:26+00:00\",\"description\":\"Bouquet Naissance \u00c9l\u00e9gant en Tons Pastel Casablanca Rabat Tanger Marakkech Maroc\",\"breadcrumb\":{\"@id\":\"https:\/\/decomarcgifts.com\/produit\/bouquet-naissance-elegant-en-tons-pastel\/#breadcrumb\"},\"inLanguage\":\"ar\",\"potentialAction\":[{\"@type\":\"ReadAction\",\"target\":[\"https:\/\/decomarcgifts.com\/produit\/bouquet-naissance-elegant-en-tons-pastel\/\"]}]},{\"@type\":\"ImageObject\",\"inLanguage\":\"ar\",\"@id\":\"https:\/\/decomarcgifts.com\/produit\/bouquet-naissance-elegant-en-tons-pastel\/#primaryimage\",\"url\":\"https:\/\/decomarcgifts.com\/wp-content\/uploads\/2026\/03\/WhatsApp-Image-2026-03-27-at-10.48.42-AM.jpeg\",\"contentUrl\":\"https:\/\/decomarcgifts.com\/wp-content\/uploads\/2026\/03\/WhatsApp-Image-2026-03-27-at-10.48.42-AM.jpeg\",\"width\":1571,\"height\":1600},{\"@type\":\"BreadcrumbList\",\"@id\":\"https:\/\/decomarcgifts.com\/produit\/bouquet-naissance-elegant-en-tons-pastel\/#breadcrumb\",\"itemListElement\":[{\"@type\":\"ListItem\",\"position\":1,\"name\":\"Accueil\",\"item\":\"https:\/\/decomarcgifts.com\/\"},{\"@type\":\"ListItem\",\"position\":2,\"name\":\"Catalogue\",\"item\":\"https:\/\/decomarcgifts.com\/catalogue\/\"},{\"@type\":\"ListItem\",\"position\":3,\"name\":\"Bouquet Naissance \u00c9l\u00e9gant en Tons Pastel\"}]},{\"@type\":\"WebSite\",\"@id\":\"https:\/\/decomarcgifts.com\/#website\",\"url\":\"https:\/\/decomarcgifts.com\/\",\"name\":\"Deco &amp; Marc\",\"description\":\"L&#039;\u00e9l\u00e9gance au plus que parfait\",\"potentialAction\":[{\"@type\":\"SearchAction\",\"target\":{\"@type\":\"EntryPoint\",\"urlTemplate\":\"https:\/\/decomarcgifts.com\/?s={search_term_string}\"},\"query-input\":{\"@type\":\"PropertyValueSpecification\",\"valueRequired\":true,\"valueName\":\"search_term_string\"}}],\"inLanguage\":\"ar\"}]}<\/script>\n<!-- \/ Yoast SEO plugin. -->","yoast_head_json":{"title":"\u0628\u0627\u0642\u0629 \u0639\u064a\u062f \u0645\u064a\u0644\u0627\u062f \u0623\u0646\u064a\u0642\u0629 \u0628\u0623\u0644\u0648\u0627\u0646 \u0627\u0644\u0628\u0627\u0633\u062a\u064a\u0644 \u0627\u0644\u062f\u0627\u0631 \u0627\u0644\u0628\u064a\u0636\u0627\u0621 \u0627\u0644\u0631\u0628\u0627\u0637 \u0637\u0646\u062c\u0629 \u0645\u0631\u0627\u0643\u0634 \u0627\u0644\u0645\u063a\u0631\u0628","description":"\u0628\u0627\u0642\u0629 \u0639\u064a\u062f \u0645\u064a\u0644\u0627\u062f \u0623\u0646\u064a\u0642\u0629 \u0628\u0623\u0644\u0648\u0627\u0646 \u0627\u0644\u0628\u0627\u0633\u062a\u064a\u0644 \u0627\u0644\u062f\u0627\u0631 \u0627\u0644\u0628\u064a\u0636\u0627\u0621 \u0627\u0644\u0631\u0628\u0627\u0637 \u0637\u0646\u062c\u0629 \u0645\u0631\u0627\u0643\u0634 \u0627\u0644\u0645\u063a\u0631\u0628","robots":{"index":"index","follow":"follow","max-snippet":"max-snippet:-1","max-image-preview":"max-image-preview:large","max-video-preview":"max-video-preview:-1"},"canonical":"https:\/\/decomarcgifts.com\/ar\/product\/\u0628\u0627\u0642\u0629-\u0648\u0644\u0627\u062f\u0627\u062a-\u0623\u0646\u064a\u0642\u0629-\u0628\u0623\u0644\u0648\u0627\u0646-\u0627\u0644\u0628\u0627\u0633\u062a\u064a\u0644\/","og_locale":"ar_AR","og_type":"article","og_title":"Bouquet Naissance \u00c9l\u00e9gant en Tons Pastel Casablanca Rabat Tanger Marakkech Maroc","og_description":"Bouquet Naissance \u00c9l\u00e9gant en Tons Pastel Casablanca Rabat Tanger Marakkech Maroc","og_url":"https:\/\/decomarcgifts.com\/ar\/product\/\u0628\u0627\u0642\u0629-\u0648\u0644\u0627\u062f\u0627\u062a-\u0623\u0646\u064a\u0642\u0629-\u0628\u0623\u0644\u0648\u0627\u0646-\u0627\u0644\u0628\u0627\u0633\u062a\u064a\u0644\/","og_site_name":"Deco &amp; Marc","article_modified_time":"2026-03-28T09:34:26+00:00","og_image":[{"width":1571,"height":1600,"url":"https:\/\/decomarcgifts.com\/wp-content\/uploads\/2026\/03\/WhatsApp-Image-2026-03-27-at-10.48.42-AM.jpeg","type":"image\/jpeg"}],"twitter_card":"summary_large_image","twitter_misc":{"\u0648\u0642\u062a \u0627\u0644\u0642\u0631\u0627\u0621\u0629 \u0627\u0644\u0645\u064f\u0642\u062f\u0651\u0631":"\u062f\u0642\u064a\u0642\u0629 \u0648\u0627\u062d\u062f\u0629"},"schema":{"@context":"https:\/\/schema.org","@graph":[{"@type":"WebPage","@id":"https:\/\/decomarcgifts.com\/produit\/bouquet-naissance-elegant-en-tons-pastel\/","url":"https:\/\/decomarcgifts.com\/produit\/bouquet-naissance-elegant-en-tons-pastel\/","name":"\u0628\u0627\u0642\u0629 \u0639\u064a\u062f \u0645\u064a\u0644\u0627\u062f \u0623\u0646\u064a\u0642\u0629 \u0628\u0623\u0644\u0648\u0627\u0646 \u0627\u0644\u0628\u0627\u0633\u062a\u064a\u0644 \u0627\u0644\u062f\u0627\u0631 \u0627\u0644\u0628\u064a\u0636\u0627\u0621 \u0627\u0644\u0631\u0628\u0627\u0637 \u0637\u0646\u062c\u0629 \u0645\u0631\u0627\u0643\u0634 \u0627\u0644\u0645\u063a\u0631\u0628","isPartOf":{"@id":"https:\/\/decomarcgifts.com\/#website"},"primaryImageOfPage":{"@id":"https:\/\/decomarcgifts.com\/produit\/bouquet-naissance-elegant-en-tons-pastel\/#primaryimage"},"image":{"@id":"https:\/\/decomarcgifts.com\/produit\/bouquet-naissance-elegant-en-tons-pastel\/#primaryimage"},"thumbnailUrl":"https:\/\/decomarcgifts.com\/wp-content\/uploads\/2026\/03\/WhatsApp-Image-2026-03-27-at-10.48.42-AM.jpeg","datePublished":"2026-03-28T09:33:33+00:00","dateModified":"2026-03-28T09:34:26+00:00","description":"\u0628\u0627\u0642\u0629 \u0639\u064a\u062f \u0645\u064a\u0644\u0627\u062f \u0623\u0646\u064a\u0642\u0629 \u0628\u0623\u0644\u0648\u0627\u0646 \u0627\u0644\u0628\u0627\u0633\u062a\u064a\u0644 \u0627\u0644\u062f\u0627\u0631 \u0627\u0644\u0628\u064a\u0636\u0627\u0621 \u0627\u0644\u0631\u0628\u0627\u0637 \u0637\u0646\u062c\u0629 \u0645\u0631\u0627\u0643\u0634 \u0627\u0644\u0645\u063a\u0631\u0628","breadcrumb":{"@id":"https:\/\/decomarcgifts.com\/produit\/bouquet-naissance-elegant-en-tons-pastel\/#breadcrumb"},"inLanguage":"ar","potentialAction":[{"@type":"ReadAction","target":["https:\/\/decomarcgifts.com\/produit\/bouquet-naissance-elegant-en-tons-pastel\/"]}]},{"@type":"ImageObject","inLanguage":"ar","@id":"https:\/\/decomarcgifts.com\/produit\/bouquet-naissance-elegant-en-tons-pastel\/#primaryimage","url":"https:\/\/decomarcgifts.com\/wp-content\/uploads\/2026\/03\/WhatsApp-Image-2026-03-27-at-10.48.42-AM.jpeg","contentUrl":"https:\/\/decomarcgifts.com\/wp-content\/uploads\/2026\/03\/WhatsApp-Image-2026-03-27-at-10.48.42-AM.jpeg","width":1571,"height":1600},{"@type":"BreadcrumbList","@id":"https:\/\/decomarcgifts.com\/produit\/bouquet-naissance-elegant-en-tons-pastel\/#breadcrumb","itemListElement":[{"@type":"ListItem","position":1,"name":"Accueil","item":"https:\/\/decomarcgifts.com\/"},{"@type":"ListItem","position":2,"name":"Catalogue","item":"https:\/\/decomarcgifts.com\/catalogue\/"},{"@type":"ListItem","position":3,"name":"Bouquet Naissance \u00c9l\u00e9gant en Tons Pastel"}]},{"@type":"WebSite","@id":"https:\/\/decomarcgifts.com\/#website","url":"https:\/\/decomarcgifts.com\/","name":"\u062f\u064a\u0643\u0648 \u0648\u0645\u0627\u0631\u0643","description":"\u0623\u0646\u0627\u0642\u0629 \u0623\u0643\u062b\u0631 \u0645\u0646 \u0645\u062b\u0627\u0644\u064a\u0629","potentialAction":[{"@type":"SearchAction","target":{"@type":"EntryPoint","urlTemplate":"https:\/\/decomarcgifts.com\/?s={search_term_string}"},"query-input":{"@type":"PropertyValueSpecification","valueRequired":true,"valueName":"search_term_string"}}],"inLanguage":"ar"}]}},"_links":{"self":[{"href":"https:\/\/decomarcgifts.com\/ar\/wp-json\/wp\/v2\/product\/11881","targetHints":{"allow":["GET"]}}],"collection":[{"href":"https:\/\/decomarcgifts.com\/ar\/wp-json\/wp\/v2\/product"}],"about":[{"href":"https:\/\/decomarcgifts.com\/ar\/wp-json\/wp\/v2\/types\/product"}],"wp:featuredmedia":[{"embeddable":true,"href":"https:\/\/decomarcgifts.com\/ar\/wp-json\/wp\/v2\/media\/11882"}],"wp:attachment":[{"href":"https:\/\/decomarcgifts.com\/ar\/wp-json\/wp\/v2\/media?parent=11881"}],"wp:term":[{"taxonomy":"product_brand","embeddable":true,"href":"https:\/\/decomarcgifts.com\/ar\/wp-json\/wp\/v2\/product_brand?post=11881"},{"taxonomy":"product_cat","embeddable":true,"href":"https:\/\/decomarcgifts.com\/ar\/wp-json\/wp\/v2\/product_cat?post=11881"},{"taxonomy":"product_tag","embeddable":true,"href":"https:\/\/decomarcgifts.com\/ar\/wp-json\/wp\/v2\/product_tag?post=11881"}],"curies":[{"name":"\u062f\u0628\u0644\u064a\u0648 \u0628\u064a","href":"https:\/\/api.w.org\/{rel}","templated":true}]}}