{"id":11621,"date":"2025-12-31T12:42:20","date_gmt":"2025-12-31T12:42:20","guid":{"rendered":"https:\/\/decomarcgifts.com\/?post_type=product&#038;p=11621"},"modified":"2025-12-31T12:44:52","modified_gmt":"2025-12-31T12:44:52","slug":"%d9%8a%d9%88%d9%83%d8%a7-%d8%a5%d9%84%d9%8a%d9%81%d8%a7%d9%86%d8%aa%d9%8a%d8%a8%d8%b3-%d9%85%d8%b0%d9%87%d9%84-%d9%81%d9%8a-%d8%a5%d9%86%d8%a7%d8%a1-%d9%85%d9%86-%d8%a7%d9%84%d8%b1%d8%ae%d8%a7%d9%85","status":"publish","type":"product","link":"https:\/\/decomarcgifts.com\/ar\/product\/%d9%8a%d9%88%d9%83%d8%a7-%d8%a5%d9%84%d9%8a%d9%81%d8%a7%d9%86%d8%aa%d9%8a%d8%a8%d8%b3-%d9%85%d8%b0%d9%87%d9%84-%d9%81%d9%8a-%d8%a5%d9%86%d8%a7%d8%a1-%d9%85%d9%86-%d8%a7%d9%84%d8%b1%d8%ae%d8%a7%d9%85\/","title":{"rendered":"\u064a\u0648\u0643\u0627 \u0625\u0644\u064a\u0641\u0627\u0646\u062a\u064a\u0628\u0633 \u0627\u0644\u0645\u0630\u0647\u0644 \u0641\u064a \u0625\u0646\u0627\u0621 \u0645\u0646 \u0627\u0644\u0631\u062e\u0627\u0645 \u0627\u0644\u0623\u0633\u0648\u062f"},"content":{"rendered":"","protected":false},"excerpt":{"rendered":"<p>\u064a\u062a\u0645\u064a\u0632 \u0646\u0628\u0627\u062a \u0627\u0644\u064a\u0648\u0643\u0627 \u0625\u0644\u064a\u0641\u0627\u0646\u062a\u064a\u0628\u0633 \u0627\u0644\u0645\u0630\u0647\u0644 \u0628\u0623\u0648\u0631\u0627\u0642 \u062e\u0636\u0631\u0627\u0621 \u062d\u0627\u062f\u0629 \u0645\u0646\u062a\u0635\u0628\u0629 \u062a\u0634\u0628\u0647 \u0627\u0644\u0633\u064a\u0641 \u062a\u062e\u0631\u062c \u0645\u0646 \u062c\u0630\u0639 \u0645\u062a\u064a\u0646\u060c \u0645\u0648\u0636\u0648\u0639\u0629 \u0641\u064a \u0648\u0639\u0627\u0621 \u0623\u0646\u064a\u0642 \u0623\u0633\u0648\u062f \u0627\u0644\u0644\u0648\u0646 \u0630\u0648 \u062a\u0623\u062b\u064a\u0631 \u0627\u0644\u0631\u062e\u0627\u0645 \u0645\u0639 \u062d\u0635\u0649 \u0623\u0628\u064a\u0636 \u0644\u0625\u0636\u0641\u0627\u0621 \u062a\u0623\u062b\u064a\u0631 \u0645\u062b\u064a\u0631. \u062a\u064f\u0639\u0631\u0636 \u0647\u0630\u0647 \u0627\u0644\u0646\u0628\u062a\u0629 \u0627\u0644\u0645\u0646\u0632\u0644\u064a\u0629 \u0627\u0644\u0642\u0648\u064a\u0629 \u0627\u0644\u062a\u064a \u062a\u062d\u0645\u0644 \u0639\u0644\u0627\u0645\u0629 \u201cD\u00e9co &amp; M L'\u00e9l\u00e9gance \u00e0 que parfum\u201d \u0627\u0644\u0641\u0627\u062e\u0631\u0629 \u0644\u062a\u0636\u0641\u064a \u0644\u0645\u0633\u0629 \u0645\u0639\u0645\u0627\u0631\u064a\u0629 \u0623\u0646\u064a\u0642\u0629 \u0648\u0645\u0632\u0627\u064a\u0627 \u062a\u0646\u0642\u064a\u0629 \u0627\u0644\u0647\u0648\u0627\u0621 \u0639\u0644\u0649 \u0627\u0644\u0645\u0633\u0627\u062d\u0627\u062a \u0627\u0644\u0645\u0639\u0627\u0635\u0631\u0629. \u062a\u0632\u062f\u0647\u0631 \u0641\u064a \u0627\u0644\u0636\u0648\u0621 \u0627\u0644\u0633\u0627\u0637\u0639 \u0645\u0639 \u0631\u064a\u0647\u0627 \u0628\u0634\u0643\u0644 \u063a\u064a\u0631 \u0645\u062a\u0643\u0631\u0631\u060c \u0648\u0647\u064a \u0645\u062b\u0627\u0644\u064a\u0629 \u0644\u0644\u0641\u062e\u0627\u0645\u0629 \u0627\u0644\u062a\u064a \u0644\u0627 \u062a\u062d\u062a\u0627\u062c \u0625\u0644\u0649 \u0635\u064a\u0627\u0646\u0629 \u0641\u064a \u0627\u0644\u0645\u0646\u0627\u0632\u0644 \u0623\u0648 \u0627\u0644\u0645\u0643\u0627\u062a\u0628.<\/p>","protected":false},"featured_media":11622,"template":"","meta":{"_monsterinsights_skip_tracking":false,"_monsterinsights_sitenote_active":false,"_monsterinsights_sitenote_note":"","_monsterinsights_sitenote_category":0,"_joinchat":[]},"product_brand":[],"product_cat":[15,36],"product_tag":[],"class_list":{"0":"post-11621","1":"product","2":"type-product","3":"status-publish","4":"has-post-thumbnail","6":"product_cat-non-classe","7":"product_cat-plantes","10":"instock","11":"shipping-taxable","12":"purchasable","13":"product-type-simple"},"yoast_head":"<!-- This site is optimized with the Yoast SEO plugin v27.1.1 - https:\/\/yoast.com\/product\/yoast-seo-wordpress\/ -->\n<title>Striking Yucca elephantipes in Black Marble Pot Casablanca Rabat Tanger Marakkech Maroc<\/title>\n<meta name=\"description\" content=\"Striking Yucca elephantipes in Black Marble Pot Casablanca Rabat Tanger Marakkech Maroc\" \/>\n<meta name=\"robots\" content=\"index, follow, max-snippet:-1, max-image-preview:large, max-video-preview:-1\" \/>\n<link rel=\"canonical\" href=\"https:\/\/decomarcgifts.com\/ar\/product\/\u064a\u0648\u0643\u0627-\u0625\u0644\u064a\u0641\u0627\u0646\u062a\u064a\u0628\u0633-\u0645\u0630\u0647\u0644-\u0641\u064a-\u0625\u0646\u0627\u0621-\u0645\u0646-\u0627\u0644\u0631\u062e\u0627\u0645\/\" \/>\n<meta property=\"og:locale\" content=\"ar_AR\" \/>\n<meta property=\"og:type\" content=\"article\" \/>\n<meta property=\"og:title\" content=\"Striking Yucca elephantipes in Black Marble Pot Casablanca Rabat Tanger Marakkech Maroc\" \/>\n<meta property=\"og:description\" content=\"Striking Yucca elephantipes in Black Marble Pot Casablanca Rabat Tanger Marakkech Maroc\" \/>\n<meta property=\"og:url\" content=\"https:\/\/decomarcgifts.com\/ar\/product\/\u064a\u0648\u0643\u0627-\u0625\u0644\u064a\u0641\u0627\u0646\u062a\u064a\u0628\u0633-\u0645\u0630\u0647\u0644-\u0641\u064a-\u0625\u0646\u0627\u0621-\u0645\u0646-\u0627\u0644\u0631\u062e\u0627\u0645\/\" \/>\n<meta property=\"og:site_name\" content=\"Deco &amp; Marc\" \/>\n<meta property=\"article:modified_time\" content=\"2025-12-31T12:44:52+00:00\" \/>\n<meta property=\"og:image\" content=\"https:\/\/decomarcgifts.com\/wp-content\/uploads\/2025\/12\/WhatsApp-Image-2025-12-30-at-19.48.17-2.jpeg\" \/>\n\t<meta property=\"og:image:width\" content=\"1200\" \/>\n\t<meta property=\"og:image:height\" content=\"1600\" \/>\n\t<meta property=\"og:image:type\" content=\"image\/jpeg\" \/>\n<meta name=\"twitter:card\" content=\"summary_large_image\" \/>\n<meta name=\"twitter:label1\" content=\"\u0648\u0642\u062a \u0627\u0644\u0642\u0631\u0627\u0621\u0629 \u0627\u0644\u0645\u064f\u0642\u062f\u0651\u0631\" \/>\n\t<meta name=\"twitter:data1\" content=\"\u062f\u0642\u064a\u0642\u0629 \u0648\u0627\u062d\u062f\u0629\" \/>\n<script type=\"application\/ld+json\" class=\"yoast-schema-graph\">{\"@context\":\"https:\/\/schema.org\",\"@graph\":[{\"@type\":\"WebPage\",\"@id\":\"https:\/\/decomarcgifts.com\/produit\/striking-yucca-elephantipes-in-black-marble-pot\/\",\"url\":\"https:\/\/decomarcgifts.com\/produit\/striking-yucca-elephantipes-in-black-marble-pot\/\",\"name\":\"Striking Yucca elephantipes in Black Marble Pot Casablanca Rabat Tanger Marakkech Maroc\",\"isPartOf\":{\"@id\":\"https:\/\/decomarcgifts.com\/#website\"},\"primaryImageOfPage\":{\"@id\":\"https:\/\/decomarcgifts.com\/produit\/striking-yucca-elephantipes-in-black-marble-pot\/#primaryimage\"},\"image\":{\"@id\":\"https:\/\/decomarcgifts.com\/produit\/striking-yucca-elephantipes-in-black-marble-pot\/#primaryimage\"},\"thumbnailUrl\":\"https:\/\/decomarcgifts.com\/wp-content\/uploads\/2025\/12\/WhatsApp-Image-2025-12-30-at-19.48.17-2.jpeg\",\"datePublished\":\"2025-12-31T12:42:20+00:00\",\"dateModified\":\"2025-12-31T12:44:52+00:00\",\"description\":\"Striking Yucca elephantipes in Black Marble Pot Casablanca Rabat Tanger Marakkech Maroc\",\"breadcrumb\":{\"@id\":\"https:\/\/decomarcgifts.com\/produit\/striking-yucca-elephantipes-in-black-marble-pot\/#breadcrumb\"},\"inLanguage\":\"ar\",\"potentialAction\":[{\"@type\":\"ReadAction\",\"target\":[\"https:\/\/decomarcgifts.com\/produit\/striking-yucca-elephantipes-in-black-marble-pot\/\"]}]},{\"@type\":\"ImageObject\",\"inLanguage\":\"ar\",\"@id\":\"https:\/\/decomarcgifts.com\/produit\/striking-yucca-elephantipes-in-black-marble-pot\/#primaryimage\",\"url\":\"https:\/\/decomarcgifts.com\/wp-content\/uploads\/2025\/12\/WhatsApp-Image-2025-12-30-at-19.48.17-2.jpeg\",\"contentUrl\":\"https:\/\/decomarcgifts.com\/wp-content\/uploads\/2025\/12\/WhatsApp-Image-2025-12-30-at-19.48.17-2.jpeg\",\"width\":1200,\"height\":1600},{\"@type\":\"BreadcrumbList\",\"@id\":\"https:\/\/decomarcgifts.com\/produit\/striking-yucca-elephantipes-in-black-marble-pot\/#breadcrumb\",\"itemListElement\":[{\"@type\":\"ListItem\",\"position\":1,\"name\":\"Accueil\",\"item\":\"https:\/\/decomarcgifts.com\/\"},{\"@type\":\"ListItem\",\"position\":2,\"name\":\"Catalogue\",\"item\":\"https:\/\/decomarcgifts.com\/catalogue\/\"},{\"@type\":\"ListItem\",\"position\":3,\"name\":\"Striking Yucca elephantipes in Black Marble Pot\"}]},{\"@type\":\"WebSite\",\"@id\":\"https:\/\/decomarcgifts.com\/#website\",\"url\":\"https:\/\/decomarcgifts.com\/\",\"name\":\"Deco &amp; Marc\",\"description\":\"L&#039;\u00e9l\u00e9gance au plus que parfait\",\"potentialAction\":[{\"@type\":\"SearchAction\",\"target\":{\"@type\":\"EntryPoint\",\"urlTemplate\":\"https:\/\/decomarcgifts.com\/?s={search_term_string}\"},\"query-input\":{\"@type\":\"PropertyValueSpecification\",\"valueRequired\":true,\"valueName\":\"search_term_string\"}}],\"inLanguage\":\"ar\"}]}<\/script>\n<!-- \/ Yoast SEO plugin. -->","yoast_head_json":{"title":"\u064a\u0648\u0643\u0627 \u0625\u0644\u064a\u0641\u0627\u0646\u062a\u064a\u0628\u0633 \u0645\u0630\u0647\u0644 \u0641\u064a \u0648\u0639\u0627\u0621 \u0645\u0646 \u0627\u0644\u0631\u062e\u0627\u0645 \u0627\u0644\u0623\u0633\u0648\u062f \u0627\u0644\u062f\u0627\u0631 \u0627\u0644\u0628\u064a\u0636\u0627\u0621 \u0627\u0644\u0631\u0628\u0627\u0637 \u0637\u0646\u062c\u0629 \u0645\u0631\u0627\u0643\u0634 \u0627\u0644\u0645\u063a\u0631\u0628","description":"\u064a\u0648\u0643\u0627 \u0625\u0644\u064a\u0641\u0627\u0646\u062a\u064a\u0628\u0633 \u0645\u0630\u0647\u0644 \u0641\u064a \u0648\u0639\u0627\u0621 \u0645\u0646 \u0627\u0644\u0631\u062e\u0627\u0645 \u0627\u0644\u0623\u0633\u0648\u062f \u0627\u0644\u062f\u0627\u0631 \u0627\u0644\u0628\u064a\u0636\u0627\u0621 \u0627\u0644\u0631\u0628\u0627\u0637 \u0637\u0646\u062c\u0629 \u0645\u0631\u0627\u0643\u0634 \u0627\u0644\u0645\u063a\u0631\u0628","robots":{"index":"index","follow":"follow","max-snippet":"max-snippet:-1","max-image-preview":"max-image-preview:large","max-video-preview":"max-video-preview:-1"},"canonical":"https:\/\/decomarcgifts.com\/ar\/product\/\u064a\u0648\u0643\u0627-\u0625\u0644\u064a\u0641\u0627\u0646\u062a\u064a\u0628\u0633-\u0645\u0630\u0647\u0644-\u0641\u064a-\u0625\u0646\u0627\u0621-\u0645\u0646-\u0627\u0644\u0631\u062e\u0627\u0645\/","og_locale":"ar_AR","og_type":"article","og_title":"Striking Yucca elephantipes in Black Marble Pot Casablanca Rabat Tanger Marakkech Maroc","og_description":"Striking Yucca elephantipes in Black Marble Pot Casablanca Rabat Tanger Marakkech Maroc","og_url":"https:\/\/decomarcgifts.com\/ar\/product\/\u064a\u0648\u0643\u0627-\u0625\u0644\u064a\u0641\u0627\u0646\u062a\u064a\u0628\u0633-\u0645\u0630\u0647\u0644-\u0641\u064a-\u0625\u0646\u0627\u0621-\u0645\u0646-\u0627\u0644\u0631\u062e\u0627\u0645\/","og_site_name":"Deco &amp; Marc","article_modified_time":"2025-12-31T12:44:52+00:00","og_image":[{"width":1200,"height":1600,"url":"https:\/\/decomarcgifts.com\/wp-content\/uploads\/2025\/12\/WhatsApp-Image-2025-12-30-at-19.48.17-2.jpeg","type":"image\/jpeg"}],"twitter_card":"summary_large_image","twitter_misc":{"\u0648\u0642\u062a \u0627\u0644\u0642\u0631\u0627\u0621\u0629 \u0627\u0644\u0645\u064f\u0642\u062f\u0651\u0631":"\u062f\u0642\u064a\u0642\u0629 \u0648\u0627\u062d\u062f\u0629"},"schema":{"@context":"https:\/\/schema.org","@graph":[{"@type":"WebPage","@id":"https:\/\/decomarcgifts.com\/produit\/striking-yucca-elephantipes-in-black-marble-pot\/","url":"https:\/\/decomarcgifts.com\/produit\/striking-yucca-elephantipes-in-black-marble-pot\/","name":"\u064a\u0648\u0643\u0627 \u0625\u0644\u064a\u0641\u0627\u0646\u062a\u064a\u0628\u0633 \u0645\u0630\u0647\u0644 \u0641\u064a \u0648\u0639\u0627\u0621 \u0645\u0646 \u0627\u0644\u0631\u062e\u0627\u0645 \u0627\u0644\u0623\u0633\u0648\u062f \u0627\u0644\u062f\u0627\u0631 \u0627\u0644\u0628\u064a\u0636\u0627\u0621 \u0627\u0644\u0631\u0628\u0627\u0637 \u0637\u0646\u062c\u0629 \u0645\u0631\u0627\u0643\u0634 \u0627\u0644\u0645\u063a\u0631\u0628","isPartOf":{"@id":"https:\/\/decomarcgifts.com\/#website"},"primaryImageOfPage":{"@id":"https:\/\/decomarcgifts.com\/produit\/striking-yucca-elephantipes-in-black-marble-pot\/#primaryimage"},"image":{"@id":"https:\/\/decomarcgifts.com\/produit\/striking-yucca-elephantipes-in-black-marble-pot\/#primaryimage"},"thumbnailUrl":"https:\/\/decomarcgifts.com\/wp-content\/uploads\/2025\/12\/WhatsApp-Image-2025-12-30-at-19.48.17-2.jpeg","datePublished":"2025-12-31T12:42:20+00:00","dateModified":"2025-12-31T12:44:52+00:00","description":"\u064a\u0648\u0643\u0627 \u0625\u0644\u064a\u0641\u0627\u0646\u062a\u064a\u0628\u0633 \u0645\u0630\u0647\u0644 \u0641\u064a \u0648\u0639\u0627\u0621 \u0645\u0646 \u0627\u0644\u0631\u062e\u0627\u0645 \u0627\u0644\u0623\u0633\u0648\u062f \u0627\u0644\u062f\u0627\u0631 \u0627\u0644\u0628\u064a\u0636\u0627\u0621 \u0627\u0644\u0631\u0628\u0627\u0637 \u0637\u0646\u062c\u0629 \u0645\u0631\u0627\u0643\u0634 \u0627\u0644\u0645\u063a\u0631\u0628","breadcrumb":{"@id":"https:\/\/decomarcgifts.com\/produit\/striking-yucca-elephantipes-in-black-marble-pot\/#breadcrumb"},"inLanguage":"ar","potentialAction":[{"@type":"ReadAction","target":["https:\/\/decomarcgifts.com\/produit\/striking-yucca-elephantipes-in-black-marble-pot\/"]}]},{"@type":"ImageObject","inLanguage":"ar","@id":"https:\/\/decomarcgifts.com\/produit\/striking-yucca-elephantipes-in-black-marble-pot\/#primaryimage","url":"https:\/\/decomarcgifts.com\/wp-content\/uploads\/2025\/12\/WhatsApp-Image-2025-12-30-at-19.48.17-2.jpeg","contentUrl":"https:\/\/decomarcgifts.com\/wp-content\/uploads\/2025\/12\/WhatsApp-Image-2025-12-30-at-19.48.17-2.jpeg","width":1200,"height":1600},{"@type":"BreadcrumbList","@id":"https:\/\/decomarcgifts.com\/produit\/striking-yucca-elephantipes-in-black-marble-pot\/#breadcrumb","itemListElement":[{"@type":"ListItem","position":1,"name":"Accueil","item":"https:\/\/decomarcgifts.com\/"},{"@type":"ListItem","position":2,"name":"Catalogue","item":"https:\/\/decomarcgifts.com\/catalogue\/"},{"@type":"ListItem","position":3,"name":"Striking Yucca elephantipes in Black Marble Pot"}]},{"@type":"WebSite","@id":"https:\/\/decomarcgifts.com\/#website","url":"https:\/\/decomarcgifts.com\/","name":"\u062f\u064a\u0643\u0648 \u0648\u0645\u0627\u0631\u0643","description":"\u0623\u0646\u0627\u0642\u0629 \u0623\u0643\u062b\u0631 \u0645\u0646 \u0645\u062b\u0627\u0644\u064a\u0629","potentialAction":[{"@type":"SearchAction","target":{"@type":"EntryPoint","urlTemplate":"https:\/\/decomarcgifts.com\/?s={search_term_string}"},"query-input":{"@type":"PropertyValueSpecification","valueRequired":true,"valueName":"search_term_string"}}],"inLanguage":"ar"}]}},"_links":{"self":[{"href":"https:\/\/decomarcgifts.com\/ar\/wp-json\/wp\/v2\/product\/11621","targetHints":{"allow":["GET"]}}],"collection":[{"href":"https:\/\/decomarcgifts.com\/ar\/wp-json\/wp\/v2\/product"}],"about":[{"href":"https:\/\/decomarcgifts.com\/ar\/wp-json\/wp\/v2\/types\/product"}],"wp:featuredmedia":[{"embeddable":true,"href":"https:\/\/decomarcgifts.com\/ar\/wp-json\/wp\/v2\/media\/11622"}],"wp:attachment":[{"href":"https:\/\/decomarcgifts.com\/ar\/wp-json\/wp\/v2\/media?parent=11621"}],"wp:term":[{"taxonomy":"product_brand","embeddable":true,"href":"https:\/\/decomarcgifts.com\/ar\/wp-json\/wp\/v2\/product_brand?post=11621"},{"taxonomy":"product_cat","embeddable":true,"href":"https:\/\/decomarcgifts.com\/ar\/wp-json\/wp\/v2\/product_cat?post=11621"},{"taxonomy":"product_tag","embeddable":true,"href":"https:\/\/decomarcgifts.com\/ar\/wp-json\/wp\/v2\/product_tag?post=11621"}],"curies":[{"name":"\u062f\u0628\u0644\u064a\u0648 \u0628\u064a","href":"https:\/\/api.w.org\/{rel}","templated":true}]}}