{"id":11359,"date":"2025-10-20T14:44:02","date_gmt":"2025-10-20T14:44:02","guid":{"rendered":"https:\/\/new.decomarcgifts.com\/?page_id=11359"},"modified":"2025-10-22T12:26:45","modified_gmt":"2025-10-22T12:26:45","slug":"%d9%85%d9%82%d8%aa%d8%b1%d8%ad","status":"publish","type":"page","link":"https:\/\/decomarcgifts.com\/ar\/%d9%85%d9%82%d8%aa%d8%b1%d8%ad\/","title":{"rendered":"\u0646\u0628\u0630\u0629 \u0639\u0646\u0627"},"content":{"rendered":"<div class=\"wpb-content-wrapper\"><div data-vc-full-width=\"true\" data-vc-full-width-temp=\"true\" data-vc-full-width-init=\"false\" class=\"vc_row wpb_row vc_row-fluid content-about\"><div class=\"wpb_column vc_column_container vc_col-sm-12\"><div class=\"vc_column-inner\"><div class=\"wpb_wrapper\">\n\t<div class=\"wpb_text_column wpb_content_element\" >\n\t\t<div class=\"wpb_wrapper\">\n\t\t\t<h2 class=\"mb-2 mt-4 font-display font-semimedium text-base first:mt-0\" style=\"text-align: center;\">\u0646\u0628\u0630\u0629 \u0639\u0646 \u062f\u064a\u0643\u0648 \u0648\u0645\u0627\u0631\u0643<\/h2>\n<p class=\"my-2 &#091;&amp;+p&#093;:mt-4 &#091;&amp;_strong:has(+br)&#093;:inline-block &#091;&amp;_strong:has(+br)&#093;:pb-2\" style=\"text-align: center;\">\u0646\u062d\u0646 \u0646\u062a\u062e\u0630 \u0645\u0646 \u0627\u0644\u062f\u0627\u0631 \u0627\u0644\u0628\u064a\u0636\u0627\u0621 \u0645\u0642\u0631\u0627\u064b \u0644\u0646\u0627\u060c \u0648\u0644\u0643\u0646\u0646\u0627 \u0646\u0648\u0641\u0631 \u0623\u064a\u0636\u0627\u064b\u00a0<strong>\u062a\u0648\u0635\u064a\u0644 \u0627\u0644\u0632\u0647\u0648\u0631 \u0641\u064a \u0623\u064a \u0645\u0643\u0627\u0646 \u0641\u064a \u0627\u0644\u0645\u063a\u0631\u0628<\/strong>. \u0623\u064a\u0646\u0645\u0627 \u0643\u0646\u062a\u060c \u0627\u0633\u062a\u0641\u062f \u0645\u0646 \u0625\u0628\u062f\u0627\u0639\u0627\u062a\u0646\u0627 \u0645\u0646 \u0627\u0644\u0623\u0632\u0647\u0627\u0631 \u0648\u062e\u062f\u0645\u0627\u062a\u0646\u0627 \u0639\u0627\u0644\u064a\u0629 \u0627\u0644\u062c\u0648\u062f\u0629 \u0641\u064a \u0645\u0646\u0632\u0644\u0643 \u0623\u0648 \u0644\u0623\u062d\u0628\u0627\u0626\u0643 \u0641\u064a \u062c\u0645\u064a\u0639 \u0623\u0646\u062d\u0627\u0621 \u0627\u0644\u0645\u0645\u0644\u0643\u0629.<br \/>\n\u064a\u062a\u062e\u064a\u0644 \u0641\u0631\u064a\u0642 \u0627\u0644\u0639\u0645\u0644 \u0644\u062f\u064a\u0646\u0627 \u0643\u0644 \u0628\u0627\u0642\u0629 \u0632\u0647\u0648\u0631 \u0643\u0642\u0635\u0629 \u062a\u064f\u062d\u0643\u0649 \u0648\u0645\u0634\u0627\u0639\u0631 \u062a\u064f\u0634\u0627\u0631\u0643\u0647\u0627 \u0645\u0639 \u0639\u0645\u0644\u0627\u0626\u0646\u0627 \u0645\u0646 \u0627\u0644\u0623\u0641\u0631\u0627\u062f \u0648\u0627\u0644\u0645\u062d\u062a\u0631\u0641\u064a\u0646.<\/p>\n<p class=\"my-2 &#091;&amp;+p&#093;:mt-4 &#091;&amp;_strong:has(+br)&#093;:inline-block &#091;&amp;_strong:has(+br)&#093;:pb-2\" style=\"text-align: center;\">\u0645\u0646\u0630 \u0625\u0646\u0634\u0627\u0626\u0646\u0627\u060c \u0627\u0644\u062a\u0632\u0645\u0646\u0627 \u0628\u062a\u0639\u0632\u064a\u0632 \u0627\u0644\u062e\u0628\u0631\u0629 \u0627\u0644\u0645\u063a\u0631\u0628\u064a\u0629 \u0641\u064a \u0645\u062c\u0627\u0644 \u0627\u0644\u0623\u0632\u0647\u0627\u0631 \u0648\u062a\u0642\u062f\u064a\u0645 \u0625\u0628\u062f\u0627\u0639\u0627\u062a \u0634\u062e\u0635\u064a\u0629 \u062a\u062a\u0646\u0627\u0633\u0628 \u0645\u0639 \u0643\u0644 \u0645\u0648\u0633\u0645 \u0648\u0643\u0644 \u0637\u0631\u0627\u0632.<br \/>\n\u0646\u062d\u0646 \u0646\u0636\u0639 \u062e\u0628\u0631\u062a\u0646\u0627 \u0641\u064a \u062e\u062f\u0645\u062a\u0643: \u062a\u0646\u0633\u064a\u0642\u0627\u062a \u0627\u0644\u0632\u0647\u0648\u0631 \u0644\u0644\u0645\u0646\u0627\u0633\u0628\u0627\u062a \u0648\u0627\u0644\u0627\u0634\u062a\u0631\u0627\u0643\u0627\u062a \u0627\u0644\u0623\u0633\u0628\u0648\u0639\u064a\u0629 \u0648\u0627\u0644\u062a\u0631\u0643\u064a\u0628\u0627\u062a \u0627\u0644\u0645\u064f\u0639\u062f\u0651\u0629 \u062d\u0633\u0628 \u0627\u0644\u0645\u0642\u0627\u0633 \u0648\u062a\u0632\u064a\u064a\u0646 \u0627\u0644\u0645\u0633\u0627\u062d\u0627\u062a \u0648\u0647\u062f\u0627\u064a\u0627 \u0627\u0644\u0632\u0647\u0648\u0631.<\/p>\n<p class=\"my-2 &#091;&amp;+p&#093;:mt-4 &#091;&amp;_strong:has(+br)&#093;:inline-block &#091;&amp;_strong:has(+br)&#093;:pb-2\" style=\"text-align: center;\"><strong>\u0642\u064a\u0645\u0646\u0627<\/strong><\/p>\n<ul class=\"marker:text-quiet list-disc\" style=\"text-align: center;\">\n<li class=\"py-0 my-0 prose-p:pt-0 prose-p:mb-2 prose-p:my-0 &#091;&amp;&gt;p&#093;:pt-0 &#091;&amp;&gt;p&#093;:mb-2 &#091;&amp;&gt;p&#093;:my-0\">\n<p class=\"my-2 &#091;&amp;+p&#093;:mt-4 &#091;&amp;_strong:has(+br)&#093;:inline-block &#091;&amp;_strong:has(+br)&#093;:pb-2\">\u0627\u0644\u0625\u0628\u062f\u0627\u0639 \u0648\u0627\u0644\u0639\u0627\u0637\u0641\u0629: \u0643\u0644 \u062a\u0631\u062a\u064a\u0628 \u0645\u0635\u0645\u0645 \u0644\u0625\u062b\u0627\u0631\u0629 \u0627\u0644\u062f\u0647\u0634\u0629 \u0648\u0627\u0644\u0625\u0628\u0647\u0627\u0631.<\/p>\n<\/li>\n<li class=\"py-0 my-0 prose-p:pt-0 prose-p:mb-2 prose-p:my-0 &#091;&amp;&gt;p&#093;:pt-0 &#091;&amp;&gt;p&#093;:mb-2 &#091;&amp;&gt;p&#093;:my-0\">\n<p class=\"my-2 &#091;&amp;+p&#093;:mt-4 &#091;&amp;_strong:has(+br)&#093;:inline-block &#091;&amp;_strong:has(+br)&#093;:pb-2\">\u0627\u0644\u062c\u0648\u062f\u0629 \u0648\u0627\u0644\u0646\u0636\u0627\u0631\u0629: \u0646\u062e\u062a\u0627\u0631 \u0628\u0639\u0646\u0627\u064a\u0629 \u0643\u0644 \u0632\u0647\u0631\u0629 \u0645\u0646 \u0634\u0628\u0643\u0629 \u0645\u0632\u0627\u0631\u0639\u064a\u0646\u0627 \u0627\u0644\u0645\u062d\u0644\u064a\u064a\u0646 \u0648\u0627\u0644\u062f\u0648\u0644\u064a\u064a\u0646.<\/p>\n<\/li>\n<li class=\"py-0 my-0 prose-p:pt-0 prose-p:mb-2 prose-p:my-0 &#091;&amp;&gt;p&#093;:pt-0 &#091;&amp;&gt;p&#093;:mb-2 &#091;&amp;&gt;p&#093;:my-0\">\n<p class=\"my-2 &#091;&amp;+p&#093;:mt-4 &#091;&amp;_strong:has(+br)&#093;:inline-block &#091;&amp;_strong:has(+br)&#093;:pb-2\">\u0627\u0644\u0642\u0631\u0628 \u0648\u0627\u0644\u062e\u062f\u0645\u0629: \u062a\u0648\u0635\u064a\u0644 \u0645\u0636\u0645\u0648\u0646 \u0641\u064a \u0627\u0644\u062f\u0627\u0631 \u0627\u0644\u0628\u064a\u0636\u0627\u0621 \u0648\u0627\u0644\u0631\u0628\u0627\u0637 \u0648\u0627\u0644\u0645\u0646\u0627\u0637\u0642 \u0627\u0644\u0645\u062d\u064a\u0637\u0629 \u0628\u0647\u0627\u060c \u0648\u0645\u0634\u0648\u0631\u0629 \u0634\u062e\u0635\u064a\u0629 \u0648\u0645\u062a\u0627\u0628\u0639\u0629 \u0645\u0635\u0645\u0645\u0629 \u062e\u0635\u064a\u0635\u0627\u064b.<\/p>\n<\/li>\n<\/ul>\n<p class=\"my-2 &#091;&amp;+p&#093;:mt-4 &#091;&amp;_strong:has(+br)&#093;:inline-block &#091;&amp;_strong:has(+br)&#093;:pb-2\" style=\"text-align: center;\">\u062f\u064a\u0643\u0648 \u0648\u0645\u0627\u0631\u0643 \u0647\u064a \u0628\u0627\u0642\u0627\u062a \u062a\u062d\u0643\u064a \u0642\u0635\u062a\u0643 \u0648\u062a\u0632\u064a\u0646 \u062d\u064a\u0627\u062a\u0643 \u0627\u0644\u064a\u0648\u0645\u064a\u0629 \u0648\u0644\u062d\u0638\u0627\u062a\u0643 \u0627\u0644\u062e\u0627\u0635\u0629.<\/p>\n<p class=\"my-2 &#091;&amp;+p&#093;:mt-4 &#091;&amp;_strong:has(+br)&#093;:inline-block &#091;&amp;_strong:has(+br)&#093;:pb-2\" style=\"text-align: center;\">\u0627\u062a\u0635\u0644 \u0628\u0646\u0627 \u062d\u062a\u0649 \u0646\u062a\u0645\u0643\u0646 \u0645\u0646 \u0627\u0644\u0639\u0645\u0644 \u0645\u0639\u0627\u064b \u0644\u0625\u0646\u0634\u0627\u0621 \u062a\u0646\u0633\u064a\u0642\u0627\u062a \u0632\u0647\u0648\u0631 \u062a\u0639\u0643\u0633 \u0634\u062e\u0635\u064a\u062a\u0643!<\/p>\n\n\t\t<\/div>\n\t<\/div>\n<div class=\"vc_row wpb_row vc_inner vc_row-fluid\"><div class=\"wpb_column vc_column_container vc_col-sm-4\"><div class=\"vc_column-inner\"><div class=\"wpb_wrapper\"><div class=\"wpb_single_image tbay-addon wpb_content_element vc_align_left\">\r\n\t\t\r\n\t\t<figure class=\"wpb_wrapper vc_figure\">\r\n\t\t\t<div class=\"vc_single_image-wrapper   vc_box_border_grey\"><img loading=\"lazy\" decoding=\"async\" width=\"660\" height=\"425\" src=\"https:\/\/decomarcgifts.com\/wp-content\/uploads\/2025\/10\/WhatsApp-Image-2025-10-21-at-2.44.20-PM-683x440.jpeg\" class=\"vc_single_image-img attachment-large\" alt=\"\" title=\"\u0635\u0648\u0631\u0629 \u0627\u0644\u0648\u0627\u062a\u0633\u0627\u0628 2025-10-21 \u0627\u0644\u0633\u0627\u0639\u0629 2.44.20 \u0645\u0633\u0627\u0621\u064b\" \/><\/div>\r\n\t\t<\/figure>\r\n\t<\/div><\/div><\/div><\/div><div class=\"wpb_column vc_column_container vc_col-sm-4\"><div class=\"vc_column-inner\"><div class=\"wpb_wrapper\"><div class=\"wpb_single_image tbay-addon wpb_content_element vc_align_left\">\r\n\t\t\r\n\t\t<figure class=\"wpb_wrapper vc_figure\">\r\n\t\t\t<div class=\"vc_single_image-wrapper   vc_box_border_grey\"><img loading=\"lazy\" decoding=\"async\" width=\"660\" height=\"439\" src=\"https:\/\/decomarcgifts.com\/wp-content\/uploads\/2025\/10\/WhatsApp-Image-2025-10-21-at-2.44.45-PM-1-661x440.jpeg\" class=\"vc_single_image-img attachment-large\" alt=\"\" title=\"\u0635\u0648\u0631\u0629 \u0648\u0627\u062a\u0633\u0627\u0628 2025-10-21 \u0627\u0644\u0633\u0627\u0639\u0629 2.44.45 \u0645\u0633\u0627\u0621\u064b (1)\" \/><\/div>\r\n\t\t<\/figure>\r\n\t<\/div><\/div><\/div><\/div><div class=\"wpb_column vc_column_container vc_col-sm-4\"><div class=\"vc_column-inner\"><div class=\"wpb_wrapper\"><div class=\"wpb_single_image tbay-addon wpb_content_element vc_align_left\">\r\n\t\t\r\n\t\t<figure class=\"wpb_wrapper vc_figure\">\r\n\t\t\t<div class=\"vc_single_image-wrapper   vc_box_border_grey\"><img loading=\"lazy\" decoding=\"async\" width=\"660\" height=\"439\" src=\"https:\/\/decomarcgifts.com\/wp-content\/uploads\/2025\/10\/WhatsApp-Image-2025-10-21-at-2.44.45-PM-661x440.jpeg\" class=\"vc_single_image-img attachment-large\" alt=\"\" title=\"\u0635\u0648\u0631\u0629 \u0627\u0644\u0648\u0627\u062a\u0633\u0627\u0628 2025-10-21 \u0627\u0644\u0633\u0627\u0639\u0629 2.44.45 \u0645\u0633\u0627\u0621\u064b\" \/><\/div>\r\n\t\t<\/figure>\r\n\t<\/div><\/div><\/div><\/div><\/div><\/div><\/div><\/div><\/div><div class=\"vc_row-full-width vc_clearfix\"><\/div><div class=\"vc_row wpb_row vc_row-fluid\"><div class=\"wpb_column vc_column_container vc_col-sm-12\"><div class=\"vc_column-inner\"><div class=\"wpb_wrapper\"><div class=\"tbay-addon-button btn btn-style-primary\">\r\n\r\n\r\n           <a href=\"\" title=\"\" target=\"\">  <\/a>\r\n    \r\n\r\n<\/div>\r\n<\/div><\/div><\/div><\/div>\n<\/div>","protected":false},"excerpt":{"rendered":"\u00c0 propos de D\u00e9co &amp; Marc Nous sommes bas\u00e9s \u00e0 Casablanca, mais nous assurons la\u00a0livraison de fleurs partout au Maroc. O\u00f9 que vous soyez, profitez de nos cr\u00e9ations florales et de notre service de qualit\u00e9, directement chez vous ou pour vos proches dans tout le Royaume. Notre \u00e9quipe imagine chaque bouquet comme une histoire \u00e0 &hellip; <a href=\"https:\/\/decomarcgifts.com\/ar\/%d9%85%d9%82%d8%aa%d8%b1%d8%ad\/\" class=\"more-link\">Continue reading <span class=\"screen-reader-text\">\u0646\u0628\u0630\u0629 \u0639\u0646\u0627<\/span><\/a>","protected":false},"author":1,"featured_media":0,"parent":0,"menu_order":0,"comment_status":"closed","ping_status":"closed","template":"","meta":{"_monsterinsights_skip_tracking":false,"_monsterinsights_sitenote_active":false,"_monsterinsights_sitenote_note":"","_monsterinsights_sitenote_category":0,"_joinchat":[],"footnotes":""},"class_list":["post-11359","page","type-page","status-publish","hentry"],"yoast_head":"<!-- This site is optimized with the Yoast SEO plugin v27.1.1 - https:\/\/yoast.com\/product\/yoast-seo-wordpress\/ -->\n<title>\u00c0 propos - Deco &amp; Marc<\/title>\n<meta name=\"robots\" content=\"index, follow, max-snippet:-1, max-image-preview:large, max-video-preview:-1\" \/>\n<link rel=\"canonical\" href=\"https:\/\/decomarcgifts.com\/ar\/\u0645\u0642\u062a\u0631\u062d\/\" \/>\n<meta property=\"og:locale\" content=\"ar_AR\" \/>\n<meta property=\"og:type\" content=\"article\" \/>\n<meta property=\"og:title\" content=\"\u00c0 propos - Deco &amp; Marc\" \/>\n<meta property=\"og:url\" content=\"https:\/\/decomarcgifts.com\/ar\/\u0645\u0642\u062a\u0631\u062d\/\" \/>\n<meta property=\"og:site_name\" content=\"Deco &amp; Marc\" \/>\n<meta property=\"article:modified_time\" content=\"2025-10-22T12:26:45+00:00\" \/>\n<meta name=\"twitter:card\" content=\"summary_large_image\" \/>\n<meta name=\"twitter:label1\" content=\"\u0648\u0642\u062a \u0627\u0644\u0642\u0631\u0627\u0621\u0629 \u0627\u0644\u0645\u064f\u0642\u062f\u0651\u0631\" \/>\n\t<meta name=\"twitter:data1\" content=\"\u062f\u0642\u064a\u0642\u0629 \u0648\u0627\u062d\u062f\u0629\" \/>\n<script type=\"application\/ld+json\" class=\"yoast-schema-graph\">{\"@context\":\"https:\/\/schema.org\",\"@graph\":[{\"@type\":\"WebPage\",\"@id\":\"https:\/\/decomarcgifts.com\/a-propos\/\",\"url\":\"https:\/\/decomarcgifts.com\/a-propos\/\",\"name\":\"\u00c0 propos - Deco &amp; Marc\",\"isPartOf\":{\"@id\":\"https:\/\/decomarcgifts.com\/#website\"},\"datePublished\":\"2025-10-20T14:44:02+00:00\",\"dateModified\":\"2025-10-22T12:26:45+00:00\",\"breadcrumb\":{\"@id\":\"https:\/\/decomarcgifts.com\/a-propos\/#breadcrumb\"},\"inLanguage\":\"ar\",\"potentialAction\":[{\"@type\":\"ReadAction\",\"target\":[\"https:\/\/decomarcgifts.com\/a-propos\/\"]}]},{\"@type\":\"BreadcrumbList\",\"@id\":\"https:\/\/decomarcgifts.com\/a-propos\/#breadcrumb\",\"itemListElement\":[{\"@type\":\"ListItem\",\"position\":1,\"name\":\"Accueil\",\"item\":\"https:\/\/decomarcgifts.com\/\"},{\"@type\":\"ListItem\",\"position\":2,\"name\":\"\u00c0 propos\"}]},{\"@type\":\"WebSite\",\"@id\":\"https:\/\/decomarcgifts.com\/#website\",\"url\":\"https:\/\/decomarcgifts.com\/\",\"name\":\"Deco &amp; Marc\",\"description\":\"L&#039;\u00e9l\u00e9gance au plus que parfait\",\"potentialAction\":[{\"@type\":\"SearchAction\",\"target\":{\"@type\":\"EntryPoint\",\"urlTemplate\":\"https:\/\/decomarcgifts.com\/?s={search_term_string}\"},\"query-input\":{\"@type\":\"PropertyValueSpecification\",\"valueRequired\":true,\"valueName\":\"search_term_string\"}}],\"inLanguage\":\"ar\"}]}<\/script>\n<!-- \/ Yoast SEO plugin. -->","yoast_head_json":{"title":"\u0646\u0628\u0630\u0629 \u0639\u0646\u0627 - \u062f\u064a\u0643\u0648 \u0648\u0645\u0627\u0631\u0643","robots":{"index":"index","follow":"follow","max-snippet":"max-snippet:-1","max-image-preview":"max-image-preview:large","max-video-preview":"max-video-preview:-1"},"canonical":"https:\/\/decomarcgifts.com\/ar\/\u0645\u0642\u062a\u0631\u062d\/","og_locale":"ar_AR","og_type":"article","og_title":"\u00c0 propos - Deco &amp; Marc","og_url":"https:\/\/decomarcgifts.com\/ar\/\u0645\u0642\u062a\u0631\u062d\/","og_site_name":"Deco &amp; Marc","article_modified_time":"2025-10-22T12:26:45+00:00","twitter_card":"summary_large_image","twitter_misc":{"\u0648\u0642\u062a \u0627\u0644\u0642\u0631\u0627\u0621\u0629 \u0627\u0644\u0645\u064f\u0642\u062f\u0651\u0631":"\u062f\u0642\u064a\u0642\u0629 \u0648\u0627\u062d\u062f\u0629"},"schema":{"@context":"https:\/\/schema.org","@graph":[{"@type":"WebPage","@id":"https:\/\/decomarcgifts.com\/a-propos\/","url":"https:\/\/decomarcgifts.com\/a-propos\/","name":"\u0646\u0628\u0630\u0629 \u0639\u0646\u0627 - \u062f\u064a\u0643\u0648 \u0648\u0645\u0627\u0631\u0643","isPartOf":{"@id":"https:\/\/decomarcgifts.com\/#website"},"datePublished":"2025-10-20T14:44:02+00:00","dateModified":"2025-10-22T12:26:45+00:00","breadcrumb":{"@id":"https:\/\/decomarcgifts.com\/a-propos\/#breadcrumb"},"inLanguage":"ar","potentialAction":[{"@type":"ReadAction","target":["https:\/\/decomarcgifts.com\/a-propos\/"]}]},{"@type":"BreadcrumbList","@id":"https:\/\/decomarcgifts.com\/a-propos\/#breadcrumb","itemListElement":[{"@type":"ListItem","position":1,"name":"Accueil","item":"https:\/\/decomarcgifts.com\/"},{"@type":"ListItem","position":2,"name":"\u00c0 propos"}]},{"@type":"WebSite","@id":"https:\/\/decomarcgifts.com\/#website","url":"https:\/\/decomarcgifts.com\/","name":"\u062f\u064a\u0643\u0648 \u0648\u0645\u0627\u0631\u0643","description":"\u0623\u0646\u0627\u0642\u0629 \u0623\u0643\u062b\u0631 \u0645\u0646 \u0645\u062b\u0627\u0644\u064a\u0629","potentialAction":[{"@type":"SearchAction","target":{"@type":"EntryPoint","urlTemplate":"https:\/\/decomarcgifts.com\/?s={search_term_string}"},"query-input":{"@type":"PropertyValueSpecification","valueRequired":true,"valueName":"search_term_string"}}],"inLanguage":"ar"}]}},"_links":{"self":[{"href":"https:\/\/decomarcgifts.com\/ar\/wp-json\/wp\/v2\/pages\/11359","targetHints":{"allow":["GET"]}}],"collection":[{"href":"https:\/\/decomarcgifts.com\/ar\/wp-json\/wp\/v2\/pages"}],"about":[{"href":"https:\/\/decomarcgifts.com\/ar\/wp-json\/wp\/v2\/types\/page"}],"author":[{"embeddable":true,"href":"https:\/\/decomarcgifts.com\/ar\/wp-json\/wp\/v2\/users\/1"}],"replies":[{"embeddable":true,"href":"https:\/\/decomarcgifts.com\/ar\/wp-json\/wp\/v2\/comments?post=11359"}],"version-history":[{"count":4,"href":"https:\/\/decomarcgifts.com\/ar\/wp-json\/wp\/v2\/pages\/11359\/revisions"}],"predecessor-version":[{"id":11412,"href":"https:\/\/decomarcgifts.com\/ar\/wp-json\/wp\/v2\/pages\/11359\/revisions\/11412"}],"wp:attachment":[{"href":"https:\/\/decomarcgifts.com\/ar\/wp-json\/wp\/v2\/media?parent=11359"}],"curies":[{"name":"\u062f\u0628\u0644\u064a\u0648 \u0628\u064a","href":"https:\/\/api.w.org\/{rel}","templated":true}]}}