{"id":11354,"date":"2025-10-20T14:33:38","date_gmt":"2025-10-20T14:33:38","guid":{"rendered":"https:\/\/new.decomarcgifts.com\/?page_id=11354"},"modified":"2025-10-20T15:12:37","modified_gmt":"2025-10-20T15:12:37","slug":"%d8%a7%d9%84%d8%a7%d8%aa%d8%b5%d8%a7%d9%84","status":"publish","type":"page","link":"https:\/\/decomarcgifts.com\/ar\/%d8%a7%d9%84%d8%a7%d8%aa%d8%b5%d8%a7%d9%84\/","title":{"rendered":"\u0627\u062a\u0635\u0644 \u0628\u0646\u0627"},"content":{"rendered":"<div class=\"wpb-content-wrapper\"><div data-vc-full-width=\"true\" data-vc-full-width-temp=\"true\" data-vc-full-width-init=\"false\" class=\"vc_row wpb_row vc_row-fluid content-about\"><div class=\"wpb_column vc_column_container vc_col-sm-12\"><div class=\"vc_column-inner\"><div class=\"wpb_wrapper\">\n\t<div class=\"wpb_text_column wpb_content_element\" >\n\t\t<div class=\"wpb_wrapper\">\n\t\t\t<h3 class=\"mb-2 mt-4 font-display font-semimedium text-base first:mt-0\" style=\"text-align: center;\"><strong>\u0647\u0644 \u0644\u062f\u064a\u0643 \u0633\u0624\u0627\u0644 \u0623\u0648 \u0647\u0644 \u062a\u0631\u063a\u0628 \u0641\u064a \u0627\u0644\u062d\u0635\u0648\u0644 \u0639\u0644\u0649 \u0639\u0631\u0636 \u0623\u0633\u0639\u0627\u0631 \u0645\u062e\u0635\u0635 \u0644\u0643\u061f<\/strong><\/h3>\n<h6 class=\"mb-2 mt-4 font-display font-semimedium text-base first:mt-0\" style=\"text-align: center;\">\u0627\u062a\u0635\u0644 \u0628\u0646\u0627 \u0627\u0644\u064a\u0648\u0645 \u0644\u0644\u0627\u0633\u062a\u0641\u0627\u062f\u0629 \u0645\u0646 \u062e\u0628\u0631\u0627\u062a\u0646\u0627 \u0648\u062f\u0639\u0645\u0646\u0627 \u0627\u0644\u0645\u062e\u0635\u0635 \u0644\u0643.<\/h6>\n\n\t\t<\/div>\n\t<\/div>\n<\/div><\/div><\/div><\/div><div class=\"vc_row-full-width vc_clearfix\"><\/div><div class=\"vc_row wpb_row vc_row-fluid vc_custom_1760973106902 vc_row-o-equal-height vc_row-o-content-middle vc_row-flex\"><div class=\"wpb_column vc_column_container vc_col-sm-6\"><div class=\"vc_column-inner\"><div class=\"wpb_wrapper\">\n<div class=\"wpcf7 no-js\" id=\"wpcf7-f559-o1\" lang=\"en-US\" dir=\"ltr\" data-wpcf7-id=\"559\">\n<div class=\"screen-reader-response\"><p role=\"status\" aria-live=\"polite\" aria-atomic=\"true\"><\/p> <ul><\/ul><\/div>\n<form action=\"\/ar\/wp-json\/wp\/v2\/pages\/11354#wpcf7-f559-o1\" method=\"post\" class=\"wpcf7-form init\" aria-label=\"Contact form\" novalidate=\"novalidate\" data-status=\"init\" data-trp-original-action=\"\/ar\/wp-json\/wp\/v2\/pages\/11354#wpcf7-f559-o1\">\n<fieldset class=\"hidden-fields-container\"><input type=\"hidden\" name=\"_wpcf7\" value=\"559\" \/><input type=\"hidden\" name=\"_wpcf7_version\" value=\"6.1.5\" \/><input type=\"hidden\" name=\"_wpcf7_locale\" value=\"en_US\" \/><input type=\"hidden\" name=\"_wpcf7_unit_tag\" value=\"wpcf7-f559-o1\" \/><input type=\"hidden\" name=\"_wpcf7_container_post\" value=\"0\" \/><input type=\"hidden\" name=\"_wpcf7_posted_data_hash\" value=\"\" \/>\n<\/fieldset>\n<div class=\"form-horizontal row\">\n\t<div class=\"col-md-4\">\n\t\t<p><label for=\"name\">\u0627\u0644\u0627\u0633\u0645<span class=\"required\">*<\/span> :<\/label><br \/>\n<span class=\"wpcf7-form-control-wrap\" data-name=\"text-799\"><input size=\"40\" maxlength=\"400\" class=\"wpcf7-form-control wpcf7-text wpcf7-validates-as-required required form-control\" id=\"your_name\" aria-required=\"true\" aria-invalid=\"false\" placeholder=\"\u0627\u0633\u0645\u0643 (\u0645\u0637\u0644\u0648\u0628)\" value=\"\" type=\"text\" name=\"text-799\" \/><\/span>\n\t\t<\/p>\n\t<\/div>\n\t<div class=\"col-md-4\">\n\t\t<p><label class=\"control-label\" for=\"email\">\u0627\u0644\u0628\u0631\u064a\u062f \u0627\u0644\u0625\u0644\u0643\u062a\u0631\u0648\u0646\u064a<span class=\"required\">*<\/span> :<\/label><br \/>\n<span class=\"wpcf7-form-control-wrap\" data-name=\"email-257\"><input size=\"40\" maxlength=\"400\" class=\"wpcf7-form-control wpcf7-email wpcf7-validates-as-required wpcf7-text wpcf7-validates-as-email required\" id=\"your_email\" aria-required=\"true\" aria-invalid=\"false\" placeholder=\"\u0628\u0631\u064a\u062f\u0643 \u0627\u0644\u0625\u0644\u0643\u062a\u0631\u0648\u0646\u064a (\u0645\u0637\u0644\u0648\u0628)\" value=\"\" type=\"email\" name=\"email-257\" \/><\/span>\n\t\t<\/p>\n\t<\/div>\n\t<div class=\"col-md-4\">\n\t\t<p><label for=\"name\">\u0627\u0644\u0645\u0648\u0636\u0648\u0639<span class=\"required\">*<\/span> :<\/label><br \/>\n<span class=\"wpcf7-form-control-wrap\" data-name=\"text-599\"><input size=\"40\" maxlength=\"400\" class=\"wpcf7-form-control wpcf7-text wpcf7-validates-as-required required form-subject\" id=\"your_subject\" aria-required=\"true\" aria-invalid=\"false\" placeholder=\"\u0627\u0644\u0645\u0648\u0636\u0648\u0639 (\u0645\u0637\u0644\u0648\u0628)\" value=\"\" type=\"text\" name=\"text-599\" \/><\/span>\n\t\t<\/p>\n\t<\/div>\n\t<div class=\"col-md-12\">\n\t\t<p><label class=\"control-label\" for=\"message\">\u0627\u0644\u0631\u0633\u0627\u0644\u0629<span class=\"required\">*<\/span> :<\/label><br \/>\n<span class=\"wpcf7-form-control-wrap\" data-name=\"textarea-552\"><textarea cols=\"40\" rows=\"10\" maxlength=\"2000\" class=\"wpcf7-form-control wpcf7-textarea required\" id=\"your_message\" aria-invalid=\"false\" placeholder=\"\u0631\u0633\u0627\u0644\u062a\u0643 (\u0645\u0637\u0644\u0648\u0628)\" name=\"textarea-552\"><\/textarea><\/span>\n\t\t<\/p>\n\t<\/div>\n\t<div class=\"col-md-3 col-md-offset-9\">\n\t\t<p><input class=\"wpcf7-form-control wpcf7-submit has-spinner btn btn-default\" type=\"submit\" value=\"\u0625\u0631\u0633\u0627\u0644\" \/>\n\t\t<\/p>\n\t<\/div>\n<\/div><div class=\"wpcf7-response-output\" aria-hidden=\"true\"><\/div>\n<input type=\"hidden\" name=\"trp-form-language\" value=\"ar\"\/><\/form>\n<\/div>\n<\/div><\/div><\/div><div class=\"wpb_column vc_column_container vc_col-sm-6\"><div class=\"vc_column-inner\"><div class=\"wpb_wrapper\">\n\t<div class=\"wpb_text_column wpb_content_element\" >\n\t\t<div class=\"wpb_wrapper\">\n\t\t\t<div style=\"font-family: Arial, sans-serif; font-size: 16px; color: #333; max-width: 400px; line-height: 1.5;\">\n<p style=\"text-align: left;\"><strong>\u0627\u0644\u0647\u0627\u062a\u0641 :<\/strong><a style=\"color: #d25d5d; text-decoration: none;\" href=\"tel:+212674971315\"> (+212) 674-971315<br \/>\n<\/a><\/p>\n<p style=\"text-align: left;\"><strong>\u0627\u0644\u0639\u0646\u0648\u0627\u0646:<\/strong> \u0631\u0642\u0645 51\u060c \u0627\u0644\u0633\u0648\u0642\u060c \u0628\u062f \u063a\u0627\u0646\u062f\u064a\u060c \u0627\u0644\u062f\u0627\u0631 \u0627\u0644\u0628\u064a\u0636\u0627\u0621 20000<\/p>\n<p style=\"text-align: left;\"><strong>\u0627\u0644\u0628\u0631\u064a\u062f \u0627\u0644\u0625\u0644\u0643\u062a\u0631\u0648\u0646\u064a :<\/strong><a style=\"color: #d25d5d; text-decoration: none;\" href=\"mailto:contact@decomarcgifts.com\"> contact@decomarcgifts.com<br \/>\n<\/a><\/p>\n<p style=\"text-align: left;\"><strong><a style=\"color: #d25d5d; text-decoration: none;\" href=\"https:\/\/decomarcgifts.com\/ar\/\">\u0623\u0648\u0642\u0627\u062a \u0627\u0644\u0639\u0645\u0644 :<\/a><\/strong><br \/>\n\u0627\u0644\u0627\u062b\u0646\u064a\u0646 - \u0627\u0644\u0623\u062d\u062f\u060c 09:00 \u0635\u0628\u0627\u062d\u0627\u064b - 21:00 \u0645\u0633\u0627\u0621\u064b<\/p>\n<\/div>\n<p style=\"text-align: center;\"><!-- N'oubliez pas d'inclure Font Awesome pour l'ic\u00f4ne WhatsApp --><\/p>\n\n\t\t<\/div>\n\t<\/div>\n\n\t<div class=\"wpb_text_column wpb_content_element\" >\n\t\t<div class=\"wpb_wrapper\">\n\t\t\t<p><iframe loading=\"lazy\" style=\"border: 0;\" src=\"https:\/\/www.google.com\/maps\/embed?pb=!1m14!1m8!1m3!1d13298.06406812651!2d-7.638431!3d33.565949!3m2!1i1024!2i768!4f13.1!3m3!1m2!1s0xda7d37254231833%3A0x6f7c1e3360e4f25!2sDeco%20%26%20Marc%20Ghandi!5e0!3m2!1sfr!2sma!4v1760972795550!5m2!1sfr!2sma\" width=\"400\" height=\"200\" allowfullscreen=\"allowfullscreen\"><\/iframe><\/p>\n\n\t\t<\/div>\n\t<\/div>\n<\/div><\/div><\/div><\/div>\n<\/div>","protected":false},"excerpt":{"rendered":"Vous\u00a0avez une question\u00a0ou souhaitez\u00a0un devis personnalis\u00e9\u00a0? N\u2019h\u00e9sitez\u00a0pas \u00e0 nous contacter\u00a0d\u00e8s maintenant\u00a0pour b\u00e9n\u00e9ficier\u00a0de notre expertise\u00a0et d\u2019un accompagnement sur mesure. Nom* : Email* : Sujet* : Message* : T\u00e9l\u00e9phone : (+212) 674-971315 Adresse : Num\u00e9ro 51, march\u00e9, Bd Ghandi, Casablanca 20000 Email : contact@decomarcgifts.com Horaires d'ouverture : Lundi \u2013 Dimanche, 09:00 \u2013 21:00","protected":false},"author":1,"featured_media":0,"parent":0,"menu_order":0,"comment_status":"closed","ping_status":"closed","template":"","meta":{"_monsterinsights_skip_tracking":false,"_monsterinsights_sitenote_active":false,"_monsterinsights_sitenote_note":"","_monsterinsights_sitenote_category":0,"_joinchat":[],"footnotes":""},"class_list":["post-11354","page","type-page","status-publish","hentry"],"yoast_head":"<!-- This site is optimized with the Yoast SEO plugin v27.1.1 - https:\/\/yoast.com\/product\/yoast-seo-wordpress\/ -->\n<title>Contact - Deco &amp; Marc<\/title>\n<meta name=\"robots\" content=\"index, follow, max-snippet:-1, max-image-preview:large, max-video-preview:-1\" \/>\n<link rel=\"canonical\" href=\"https:\/\/decomarcgifts.com\/ar\/\u0627\u0644\u0627\u062a\u0635\u0627\u0644\/\" \/>\n<meta property=\"og:locale\" content=\"ar_AR\" \/>\n<meta property=\"og:type\" content=\"article\" \/>\n<meta property=\"og:title\" content=\"Contact - Deco &amp; Marc\" \/>\n<meta property=\"og:url\" content=\"https:\/\/decomarcgifts.com\/ar\/\u0627\u0644\u0627\u062a\u0635\u0627\u0644\/\" \/>\n<meta property=\"og:site_name\" content=\"Deco &amp; Marc\" \/>\n<meta property=\"article:modified_time\" content=\"2025-10-20T15:12:37+00:00\" \/>\n<meta name=\"twitter:card\" content=\"summary_large_image\" \/>\n<meta name=\"twitter:label1\" content=\"\u0648\u0642\u062a \u0627\u0644\u0642\u0631\u0627\u0621\u0629 \u0627\u0644\u0645\u064f\u0642\u062f\u0651\u0631\" \/>\n\t<meta name=\"twitter:data1\" content=\"\u062f\u0642\u064a\u0642\u0629 \u0648\u0627\u062d\u062f\u0629\" \/>\n<script type=\"application\/ld+json\" class=\"yoast-schema-graph\">{\"@context\":\"https:\/\/schema.org\",\"@graph\":[{\"@type\":\"WebPage\",\"@id\":\"https:\/\/decomarcgifts.com\/contact\/\",\"url\":\"https:\/\/decomarcgifts.com\/contact\/\",\"name\":\"Contact - Deco &amp; Marc\",\"isPartOf\":{\"@id\":\"https:\/\/decomarcgifts.com\/#website\"},\"datePublished\":\"2025-10-20T14:33:38+00:00\",\"dateModified\":\"2025-10-20T15:12:37+00:00\",\"breadcrumb\":{\"@id\":\"https:\/\/decomarcgifts.com\/contact\/#breadcrumb\"},\"inLanguage\":\"ar\",\"potentialAction\":[{\"@type\":\"ReadAction\",\"target\":[\"https:\/\/decomarcgifts.com\/contact\/\"]}]},{\"@type\":\"BreadcrumbList\",\"@id\":\"https:\/\/decomarcgifts.com\/contact\/#breadcrumb\",\"itemListElement\":[{\"@type\":\"ListItem\",\"position\":1,\"name\":\"Accueil\",\"item\":\"https:\/\/decomarcgifts.com\/\"},{\"@type\":\"ListItem\",\"position\":2,\"name\":\"Contact\"}]},{\"@type\":\"WebSite\",\"@id\":\"https:\/\/decomarcgifts.com\/#website\",\"url\":\"https:\/\/decomarcgifts.com\/\",\"name\":\"Deco &amp; Marc\",\"description\":\"L&#039;\u00e9l\u00e9gance au plus que parfait\",\"potentialAction\":[{\"@type\":\"SearchAction\",\"target\":{\"@type\":\"EntryPoint\",\"urlTemplate\":\"https:\/\/decomarcgifts.com\/?s={search_term_string}\"},\"query-input\":{\"@type\":\"PropertyValueSpecification\",\"valueRequired\":true,\"valueName\":\"search_term_string\"}}],\"inLanguage\":\"ar\"}]}<\/script>\n<!-- \/ Yoast SEO plugin. -->","yoast_head_json":{"title":"\u0627\u062a\u0635\u0644 \u0628\u0646\u0627 - \u062f\u064a\u0643\u0648 \u0648\u0645\u0627\u0631\u0643","robots":{"index":"index","follow":"follow","max-snippet":"max-snippet:-1","max-image-preview":"max-image-preview:large","max-video-preview":"max-video-preview:-1"},"canonical":"https:\/\/decomarcgifts.com\/ar\/\u0627\u0644\u0627\u062a\u0635\u0627\u0644\/","og_locale":"ar_AR","og_type":"article","og_title":"Contact - Deco &amp; Marc","og_url":"https:\/\/decomarcgifts.com\/ar\/\u0627\u0644\u0627\u062a\u0635\u0627\u0644\/","og_site_name":"Deco &amp; Marc","article_modified_time":"2025-10-20T15:12:37+00:00","twitter_card":"summary_large_image","twitter_misc":{"\u0648\u0642\u062a \u0627\u0644\u0642\u0631\u0627\u0621\u0629 \u0627\u0644\u0645\u064f\u0642\u062f\u0651\u0631":"\u062f\u0642\u064a\u0642\u0629 \u0648\u0627\u062d\u062f\u0629"},"schema":{"@context":"https:\/\/schema.org","@graph":[{"@type":"WebPage","@id":"https:\/\/decomarcgifts.com\/contact\/","url":"https:\/\/decomarcgifts.com\/contact\/","name":"\u0627\u062a\u0635\u0644 \u0628\u0646\u0627 - \u062f\u064a\u0643\u0648 \u0648\u0645\u0627\u0631\u0643","isPartOf":{"@id":"https:\/\/decomarcgifts.com\/#website"},"datePublished":"2025-10-20T14:33:38+00:00","dateModified":"2025-10-20T15:12:37+00:00","breadcrumb":{"@id":"https:\/\/decomarcgifts.com\/contact\/#breadcrumb"},"inLanguage":"ar","potentialAction":[{"@type":"ReadAction","target":["https:\/\/decomarcgifts.com\/contact\/"]}]},{"@type":"BreadcrumbList","@id":"https:\/\/decomarcgifts.com\/contact\/#breadcrumb","itemListElement":[{"@type":"ListItem","position":1,"name":"Accueil","item":"https:\/\/decomarcgifts.com\/"},{"@type":"ListItem","position":2,"name":"Contact"}]},{"@type":"WebSite","@id":"https:\/\/decomarcgifts.com\/#website","url":"https:\/\/decomarcgifts.com\/","name":"\u062f\u064a\u0643\u0648 \u0648\u0645\u0627\u0631\u0643","description":"\u0623\u0646\u0627\u0642\u0629 \u0623\u0643\u062b\u0631 \u0645\u0646 \u0645\u062b\u0627\u0644\u064a\u0629","potentialAction":[{"@type":"SearchAction","target":{"@type":"EntryPoint","urlTemplate":"https:\/\/decomarcgifts.com\/?s={search_term_string}"},"query-input":{"@type":"PropertyValueSpecification","valueRequired":true,"valueName":"search_term_string"}}],"inLanguage":"ar"}]}},"_links":{"self":[{"href":"https:\/\/decomarcgifts.com\/ar\/wp-json\/wp\/v2\/pages\/11354","targetHints":{"allow":["GET"]}}],"collection":[{"href":"https:\/\/decomarcgifts.com\/ar\/wp-json\/wp\/v2\/pages"}],"about":[{"href":"https:\/\/decomarcgifts.com\/ar\/wp-json\/wp\/v2\/types\/page"}],"author":[{"embeddable":true,"href":"https:\/\/decomarcgifts.com\/ar\/wp-json\/wp\/v2\/users\/1"}],"replies":[{"embeddable":true,"href":"https:\/\/decomarcgifts.com\/ar\/wp-json\/wp\/v2\/comments?post=11354"}],"version-history":[{"count":13,"href":"https:\/\/decomarcgifts.com\/ar\/wp-json\/wp\/v2\/pages\/11354\/revisions"}],"predecessor-version":[{"id":11379,"href":"https:\/\/decomarcgifts.com\/ar\/wp-json\/wp\/v2\/pages\/11354\/revisions\/11379"}],"wp:attachment":[{"href":"https:\/\/decomarcgifts.com\/ar\/wp-json\/wp\/v2\/media?parent=11354"}],"curies":[{"name":"\u062f\u0628\u0644\u064a\u0648 \u0628\u064a","href":"https:\/\/api.w.org\/{rel}","templated":true}]}}