{"id":11339,"date":"2025-10-20T14:18:01","date_gmt":"2025-10-20T14:18:01","guid":{"rendered":"https:\/\/new.decomarcgifts.com\/?page_id=11339"},"modified":"2025-10-28T13:43:56","modified_gmt":"2025-10-28T13:43:56","slug":"%d8%a7%d9%84%d8%a7%d8%b4%d8%aa%d8%b1%d8%a7%d9%83","status":"publish","type":"page","link":"https:\/\/decomarcgifts.com\/ar\/%d8%a7%d9%84%d8%a7%d8%b4%d8%aa%d8%b1%d8%a7%d9%83\/","title":{"rendered":"\u0627\u0644\u0627\u0634\u062a\u0631\u0627\u0643"},"content":{"rendered":"<div class=\"wpb-content-wrapper\"><div data-vc-full-width=\"true\" data-vc-full-width-temp=\"true\" data-vc-full-width-init=\"false\" class=\"vc_row wpb_row vc_row-fluid content-about\"><div class=\"wpb_column vc_column_container vc_col-sm-12\"><div class=\"vc_column-inner\"><div class=\"wpb_wrapper\">\n\t<div class=\"wpb_text_column wpb_content_element\" >\n\t\t<div class=\"wpb_wrapper\">\n\t\t\t<h2 class=\"mb-2 mt-4 font-display font-semimedium text-base first:mt-0\" style=\"text-align: center;\">\u0627\u0644\u0627\u0634\u062a\u0631\u0627\u0643 \u0641\u064a \u062a\u0631\u0643\u064a\u0628\u0629 \u0627\u0644\u0623\u0632\u0647\u0627\u0631 - \u0627\u0644\u0631\u0628\u0627\u0637 \u0648\u0627\u0644\u062f\u0627\u0631 \u0627\u0644\u0628\u064a\u0636\u0627\u0621<\/h2>\n<p class=\"my-2 &#091;&amp;+p&#093;:mt-4 &#091;&amp;_strong:has(+br)&#093;:inline-block &#091;&amp;_strong:has(+br)&#093;:pb-2\" style=\"text-align: center;\">\u062f\u0644\u0651\u0644 \u0646\u0641\u0633\u0643 \u0643\u0644 \u0623\u0633\u0628\u0648\u0639 \u0628\u0628\u0627\u0642\u0629 \u0641\u0631\u064a\u062f\u0629 \u0645\u0646 \u0627\u0644\u0632\u0647\u0648\u0631 \u0627\u0644\u0646\u0636\u0631\u0629 \u0627\u0644\u062a\u064a \u064a\u062e\u062a\u0627\u0631\u0647\u0627 \u0641\u0631\u064a\u0642\u0646\u0627 \u0628\u0639\u0646\u0627\u064a\u0629 \u0648\u064a\u0648\u0635\u0644\u0647\u0627 \u0625\u0644\u0649 \u0628\u0627\u0628 \u0645\u0646\u0632\u0644\u0643 \u0645\u0646 \u0627\u0644\u0631\u0628\u0627\u0637 \u0625\u0644\u0649 \u0627\u0644\u062f\u0627\u0631 \u0627\u0644\u0628\u064a\u0636\u0627\u0621. \u0627\u0644\u062a\u0648\u0635\u064a\u0644 \u0645\u0634\u0645\u0648\u0644 \u0641\u064a \u0627\u0644\u0627\u0634\u062a\u0631\u0627\u0643\u060c \u0644\u062a\u062c\u0631\u0628\u0629 \u062e\u0627\u0644\u064a\u0629 \u0645\u0646 \u0627\u0644\u0645\u062a\u0627\u0639\u0628.<\/p>\n\n\t\t<\/div>\n\t<\/div>\n<\/div><\/div><\/div><\/div><div class=\"vc_row-full-width vc_clearfix\"><\/div><div class=\"vc_row wpb_row vc_row-fluid vc_custom_1760970318128\"><div class=\"wpb_column vc_column_container vc_col-sm-4\"><div class=\"vc_column-inner\"><div class=\"wpb_wrapper\"><div class=\"wpb_single_image tbay-addon wpb_content_element vc_align_center\">\r\n\t\t\r\n\t\t<figure class=\"wpb_wrapper vc_figure\">\r\n\t\t\t<div class=\"vc_single_image-wrapper   vc_box_border_grey\"><img loading=\"lazy\" decoding=\"async\" width=\"440\" height=\"440\" src=\"https:\/\/decomarcgifts.com\/wp-content\/uploads\/2025\/10\/2qqq-1-440x440.jpg\" class=\"vc_single_image-img attachment-large\" alt=\"\" title=\"2 \u0641 \u0642 \u0642 (1)\" \/><\/div>\r\n\t\t<\/figure>\r\n\t<\/div><section ><div id=\"vc-pricing-table-69e0ba21cfb59\" class=\"vc_general wpb-pricing-table vc_custom_1760970342178 vc_do_pricing_table\"><h3 class=\"wpb-plan-title\">\u0628\u0627\u0642\u0629 \u0632\u0647\u0648\u0631 \u0643\u0644\u0627\u0633\u064a\u0643\u064a\u0629<\/h2><p class=\"wpb-plan-description\"><\/p><div class=\"wpb-price-container\"><sup class=\"wpb-currency\">\u0648\u0632\u0627\u0631\u0629 \u0627\u0644\u0623\u0645\u0646 \u0627\u0644\u0648\u0637\u0646\u064a<\/sup><strong class=\"wpb-price\">300<\/strong><sub class=\"wpb-period\">\/ \u0644\u0643\u0644 \u062a\u0648\u0635\u064a\u0644\u0629<\/sub><\/div><div class=\"vc_btn3-container vc_btn3-center vc_do_btn\" ><a class=\"vc_general vc_btn3 vc_btn3-size-md vc_btn3-shape-rounded vc_btn3-style-classic vc_btn3-block vc_btn3-color-pink\" href=\"https:\/\/wa.link\/gqrhoo\" title=\"\">\u0627\u0644\u0637\u0644\u0628<\/a><\/div><ul class=\"wpb-plan-features\">\n<li>\u0645\u0632\u0647\u0631\u064a\u0629 \u0645\u0646\u0627\u0633\u0628\u0629 \u0643\u062e\u064a\u0627\u0631<\/li>\n<li>1 \u0623\u0648 2 \u0623\u0648 4 \u0634\u062d\u0646\u0627\u062a \u0634\u0647\u0631\u064a\u0627\u064b<\/li>\n<\/ul>\n<\/div><\/section><style>#vc-pricing-table-69e0ba21cfb59 .wpb-plan-features li::before {  content: \"\";  display: inline-block;  margin: 0 10px 0 0; width: 18px;  height: 18px;  vertical-align: middle;  background: url(\"data:image\/svg+xml,%3Csvg xmlns='http:\/\/www.w3.org\/2000\/svg' width='22px' height='22px' viewBox='0 0 22 22' version='1.1'%3E%3Cg id='Page-1' stroke='none' stroke-width='1' fill='none' fill-rule='evenodd'%3E%3Cg id='Artboard' transform='translate(-472.000000, -546.000000)' fill-rule='nonzero'%3E%3Cg id='wpb-pricing-table-element' transform='translate(445.000000, 222.000000)'%3E%3Cg id='bullet' transform='translate(27.000000, 324.000000)'%3E%3Cpath d='M22,10.9999756 C22,17.0751668 17.0751778,22 11,22 C4.92487111,22 0,17.0751668 0,10.9999756 C0,4.92488206 4.92487111,0 11,0 C17.0751778,0 22,4.92488206 22,10.9999756 Z' id='Path' fill='%23DD9933'\/%3E%3Cpolygon id='Path' fill='%23FFFFFF' transform='translate(11.011123, 9.631788) rotate(-45.000000) translate(-11.011123, -9.631788) ' points='8.39375516 6.63178844 8.39375516 10.0231025 16.2371538 10.0231255 16.2371538 12.6317884 5.78509217 12.6317133 5.78509217 6.63178844'\/%3E%3C\/g%3E%3C\/g%3E%3C\/g%3E%3C\/g%3E%3C\/svg%3E\") center no-repeat;  background-size: 18px; }<\/style><\/div><\/div><\/div><div class=\"wpb_column vc_column_container vc_col-sm-4\"><div class=\"vc_column-inner\"><div class=\"wpb_wrapper\"><div class=\"wpb_single_image tbay-addon wpb_content_element vc_align_center\">\r\n\t\t\r\n\t\t<figure class=\"wpb_wrapper vc_figure\">\r\n\t\t\t<div class=\"vc_single_image-wrapper   vc_box_border_grey\"><img loading=\"lazy\" decoding=\"async\" width=\"440\" height=\"440\" src=\"https:\/\/decomarcgifts.com\/wp-content\/uploads\/2025\/10\/gen-1-440x440.jpg\" class=\"vc_single_image-img attachment-large\" alt=\"\" title=\"\u0639\u0627\u0645 (1)\" \/><\/div>\r\n\t\t<\/figure>\r\n\t<\/div><section ><div id=\"vc-pricing-table-69e0ba21d037a\" class=\"vc_general wpb-pricing-table vc_custom_1760970352730 vc_do_pricing_table\"><h3 class=\"wpb-plan-title\">\u0628\u0627\u0642\u0629 \u0632\u0647\u0648\u0631 \u0633\u062e\u064a\u0629<\/h2><p class=\"wpb-plan-description\">\u0644\u0643\u0644 \u062a\u0648\u0635\u064a\u0644\u0629<\/p><div class=\"wpb-price-container\"><sup class=\"wpb-currency\">\u0648\u0632\u0627\u0631\u0629 \u0627\u0644\u0623\u0645\u0646 \u0627\u0644\u0648\u0637\u0646\u064a<\/sup><strong class=\"wpb-price\">450<\/strong><sub class=\"wpb-period\">\/ \u0644\u0643\u0644 \u062a\u0648\u0635\u064a\u0644\u0629<\/sub><\/div><div class=\"vc_btn3-container vc_btn3-center vc_do_btn\" ><a class=\"vc_general vc_btn3 vc_btn3-size-md vc_btn3-shape-rounded vc_btn3-style-classic vc_btn3-block vc_btn3-color-pink\" href=\"https:\/\/wa.link\/gqrhoo\" title=\"\">\u0627\u0644\u0637\u0644\u0628<\/a><\/div><ul class=\"wpb-plan-features\">\n<li>\u0645\u0632\u0647\u0631\u064a\u0629 \u0645\u0646\u0627\u0633\u0628\u0629 \u0643\u062e\u064a\u0627\u0631<\/li>\n<li>1 \u0623\u0648 2 \u0623\u0648 4 \u0634\u062d\u0646\u0627\u062a \u0634\u0647\u0631\u064a\u0627\u064b<\/li>\n<\/ul>\n<\/div><\/section><style>#vc-pricing-table-69e0ba21d037a .wpb-plan-features li::before {  content: \"\";  display: inline-block;  margin: 0 10px 0 0; width: 18px;  height: 18px;  vertical-align: middle;  background: url(\"data:image\/svg+xml,%3Csvg xmlns='http:\/\/www.w3.org\/2000\/svg' width='22px' height='22px' viewBox='0 0 22 22' version='1.1'%3E%3Cg id='Page-1' stroke='none' stroke-width='1' fill='none' fill-rule='evenodd'%3E%3Cg id='Artboard' transform='translate(-472.000000, -546.000000)' fill-rule='nonzero'%3E%3Cg id='wpb-pricing-table-element' transform='translate(445.000000, 222.000000)'%3E%3Cg id='bullet' transform='translate(27.000000, 324.000000)'%3E%3Cpath d='M22,10.9999756 C22,17.0751668 17.0751778,22 11,22 C4.92487111,22 0,17.0751668 0,10.9999756 C0,4.92488206 4.92487111,0 11,0 C17.0751778,0 22,4.92488206 22,10.9999756 Z' id='Path' fill='%23DD9933'\/%3E%3Cpolygon id='Path' fill='%23FFFFFF' transform='translate(11.011123, 9.631788) rotate(-45.000000) translate(-11.011123, -9.631788) ' points='8.39375516 6.63178844 8.39375516 10.0231025 16.2371538 10.0231255 16.2371538 12.6317884 5.78509217 12.6317133 5.78509217 6.63178844'\/%3E%3C\/g%3E%3C\/g%3E%3C\/g%3E%3C\/g%3E%3C\/svg%3E\") center no-repeat;  background-size: 18px; }<\/style><\/div><\/div><\/div><div class=\"wpb_column vc_column_container vc_col-sm-4\"><div class=\"vc_column-inner\"><div class=\"wpb_wrapper\"><div class=\"wpb_single_image tbay-addon wpb_content_element vc_align_center\">\r\n\t\t\r\n\t\t<figure class=\"wpb_wrapper vc_figure\">\r\n\t\t\t<div class=\"vc_single_image-wrapper   vc_box_border_grey\"><img loading=\"lazy\" decoding=\"async\" width=\"440\" height=\"440\" src=\"https:\/\/decomarcgifts.com\/wp-content\/uploads\/2025\/10\/exce-1-440x440.jpg\" class=\"vc_single_image-img attachment-large\" alt=\"\" title=\"\u0625\u0643\u0633\u0633 (1)\" \/><\/div>\r\n\t\t<\/figure>\r\n\t<\/div><section ><div id=\"vc-pricing-table-69e0ba21d0bb8\" class=\"vc_general wpb-pricing-table vc_custom_1760970362181 vc_do_pricing_table\"><h3 class=\"wpb-plan-title\">\u0628\u0627\u0642\u0629 \u0632\u0647\u0648\u0631 \u0627\u0633\u062a\u062b\u0646\u0627\u0626\u064a\u0629<\/h2><p class=\"wpb-plan-description\"><\/p><div class=\"wpb-price-container\"><sup class=\"wpb-currency\">\u0648\u0632\u0627\u0631\u0629 \u0627\u0644\u0623\u0645\u0646 \u0627\u0644\u0648\u0637\u0646\u064a<\/sup><strong class=\"wpb-price\">600<\/strong><sub class=\"wpb-period\">\/ \u0644\u0643\u0644 \u062a\u0648\u0635\u064a\u0644\u0629<\/sub><\/div><div class=\"vc_btn3-container vc_btn3-center vc_do_btn\" ><a class=\"vc_general vc_btn3 vc_btn3-size-md vc_btn3-shape-rounded vc_btn3-style-classic vc_btn3-block vc_btn3-color-pink\" href=\"https:\/\/wa.link\/gqrhoo\" title=\"\">\u0627\u0644\u0637\u0644\u0628<\/a><\/div><ul class=\"wpb-plan-features\">\n<li>\u0645\u0632\u0647\u0631\u064a\u0629 \u0645\u0646\u0627\u0633\u0628\u0629 \u0643\u062e\u064a\u0627\u0631<\/li>\n<li>1 \u0623\u0648 2 \u0623\u0648 4 \u0634\u062d\u0646\u0627\u062a \u0634\u0647\u0631\u064a\u0627\u064b<\/li>\n<\/ul>\n<\/div><\/section><style>#vc-pricing-table-69e0ba21d0bb8 .wpb-plan-features li::before {  content: \"\";  display: inline-block;  margin: 0 10px 0 0; width: 18px;  height: 18px;  vertical-align: middle;  background: url(\"data:image\/svg+xml,%3Csvg xmlns='http:\/\/www.w3.org\/2000\/svg' width='22px' height='22px' viewBox='0 0 22 22' version='1.1'%3E%3Cg id='Page-1' stroke='none' stroke-width='1' fill='none' fill-rule='evenodd'%3E%3Cg id='Artboard' transform='translate(-472.000000, -546.000000)' fill-rule='nonzero'%3E%3Cg id='wpb-pricing-table-element' transform='translate(445.000000, 222.000000)'%3E%3Cg id='bullet' transform='translate(27.000000, 324.000000)'%3E%3Cpath d='M22,10.9999756 C22,17.0751668 17.0751778,22 11,22 C4.92487111,22 0,17.0751668 0,10.9999756 C0,4.92488206 4.92487111,0 11,0 C17.0751778,0 22,4.92488206 22,10.9999756 Z' id='Path' fill='%23DD9933'\/%3E%3Cpolygon id='Path' fill='%23FFFFFF' transform='translate(11.011123, 9.631788) rotate(-45.000000) translate(-11.011123, -9.631788) ' points='8.39375516 6.63178844 8.39375516 10.0231025 16.2371538 10.0231255 16.2371538 12.6317884 5.78509217 12.6317133 5.78509217 6.63178844'\/%3E%3C\/g%3E%3C\/g%3E%3C\/g%3E%3C\/g%3E%3C\/svg%3E\") center no-repeat;  background-size: 18px; }<\/style><\/div><\/div><\/div><\/div>\n<\/div>","protected":false},"excerpt":{"rendered":"Abonnement Compositions Florales \u2013 Rabat &amp; Casablanca Offrez-vous chaque semaine un bouquet unique de fleurs fra\u00eeches, soigneusement s\u00e9lectionn\u00e9es par notre \u00e9quipe et livr\u00e9 \u00e0 votre porte, de Rabat \u00e0 Casablanca. La livraison est incluse dans l\u2019abonnement, pour une exp\u00e9rience sans souci. Bouquet classiqueDHS300\/par livraisonCommander Vase appropri\u00e9 en option 1,2 ou 4 livraisons par mois Bouquet &hellip; <a href=\"https:\/\/decomarcgifts.com\/ar\/%d8%a7%d9%84%d8%a7%d8%b4%d8%aa%d8%b1%d8%a7%d9%83\/\" class=\"more-link\">Continue reading <span class=\"screen-reader-text\">\u0627\u0644\u0627\u0634\u062a\u0631\u0627\u0643<\/span><\/a>","protected":false},"author":1,"featured_media":0,"parent":0,"menu_order":0,"comment_status":"closed","ping_status":"closed","template":"","meta":{"_monsterinsights_skip_tracking":false,"_monsterinsights_sitenote_active":false,"_monsterinsights_sitenote_note":"","_monsterinsights_sitenote_category":0,"_joinchat":[],"footnotes":""},"class_list":["post-11339","page","type-page","status-publish","hentry"],"yoast_head":"<!-- This site is optimized with the Yoast SEO plugin v27.1.1 - https:\/\/yoast.com\/product\/yoast-seo-wordpress\/ -->\n<title>Abonnement Compositions Florales \u2013 Rabat &amp; Casablanca - Deco &amp; Marc<\/title>\n<meta name=\"description\" content=\"L&#039;abonnement aux compositions florales \u00e0 Rabat et Casablanca vous permet de recevoir r\u00e9guli\u00e8rement des bouquets uniques et de saison, livr\u00e9s directement chez vous ou \u00e0 vos proches.\" \/>\n<meta name=\"robots\" content=\"index, follow, max-snippet:-1, max-image-preview:large, max-video-preview:-1\" \/>\n<link rel=\"canonical\" href=\"https:\/\/decomarcgifts.com\/ar\/\u0627\u0644\u0627\u0634\u062a\u0631\u0627\u0643\/\" \/>\n<meta property=\"og:locale\" content=\"ar_AR\" \/>\n<meta property=\"og:type\" content=\"article\" \/>\n<meta property=\"og:title\" content=\"Abonnement Compositions Florales \u2013 Rabat &amp; Casablanca - Deco &amp; Marc\" \/>\n<meta property=\"og:description\" content=\"L&#039;abonnement aux compositions florales \u00e0 Rabat et Casablanca vous permet de recevoir r\u00e9guli\u00e8rement des bouquets uniques et de saison, livr\u00e9s directement chez vous ou \u00e0 vos proches.\" \/>\n<meta property=\"og:url\" content=\"https:\/\/decomarcgifts.com\/ar\/\u0627\u0644\u0627\u0634\u062a\u0631\u0627\u0643\/\" \/>\n<meta property=\"og:site_name\" content=\"Deco &amp; Marc\" \/>\n<meta property=\"article:modified_time\" content=\"2025-10-28T13:43:56+00:00\" \/>\n<meta name=\"twitter:card\" content=\"summary_large_image\" \/>\n<meta name=\"twitter:label1\" content=\"\u0648\u0642\u062a \u0627\u0644\u0642\u0631\u0627\u0621\u0629 \u0627\u0644\u0645\u064f\u0642\u062f\u0651\u0631\" \/>\n\t<meta name=\"twitter:data1\" content=\"\u062f\u0642\u064a\u0642\u062a\u0627\u0646\" \/>\n<script type=\"application\/ld+json\" class=\"yoast-schema-graph\">{\"@context\":\"https:\/\/schema.org\",\"@graph\":[{\"@type\":\"WebPage\",\"@id\":\"https:\/\/decomarcgifts.com\/abonnement\/\",\"url\":\"https:\/\/decomarcgifts.com\/abonnement\/\",\"name\":\"Abonnement Compositions Florales \u2013 Rabat & Casablanca - Deco &amp; Marc\",\"isPartOf\":{\"@id\":\"https:\/\/decomarcgifts.com\/#website\"},\"datePublished\":\"2025-10-20T14:18:01+00:00\",\"dateModified\":\"2025-10-28T13:43:56+00:00\",\"description\":\"L'abonnement aux compositions florales \u00e0 Rabat et Casablanca vous permet de recevoir r\u00e9guli\u00e8rement des bouquets uniques et de saison, livr\u00e9s directement chez vous ou \u00e0 vos proches.\",\"breadcrumb\":{\"@id\":\"https:\/\/decomarcgifts.com\/abonnement\/#breadcrumb\"},\"inLanguage\":\"ar\",\"potentialAction\":[{\"@type\":\"ReadAction\",\"target\":[\"https:\/\/decomarcgifts.com\/abonnement\/\"]}]},{\"@type\":\"BreadcrumbList\",\"@id\":\"https:\/\/decomarcgifts.com\/abonnement\/#breadcrumb\",\"itemListElement\":[{\"@type\":\"ListItem\",\"position\":1,\"name\":\"Accueil\",\"item\":\"https:\/\/decomarcgifts.com\/\"},{\"@type\":\"ListItem\",\"position\":2,\"name\":\"Abonnement\"}]},{\"@type\":\"WebSite\",\"@id\":\"https:\/\/decomarcgifts.com\/#website\",\"url\":\"https:\/\/decomarcgifts.com\/\",\"name\":\"Deco &amp; Marc\",\"description\":\"L&#039;\u00e9l\u00e9gance au plus que parfait\",\"potentialAction\":[{\"@type\":\"SearchAction\",\"target\":{\"@type\":\"EntryPoint\",\"urlTemplate\":\"https:\/\/decomarcgifts.com\/?s={search_term_string}\"},\"query-input\":{\"@type\":\"PropertyValueSpecification\",\"valueRequired\":true,\"valueName\":\"search_term_string\"}}],\"inLanguage\":\"ar\"}]}<\/script>\n<!-- \/ Yoast SEO plugin. -->","yoast_head_json":{"title":"\u0627\u0644\u0627\u0634\u062a\u0631\u0627\u0643 \u0641\u064a \u062a\u0631\u0643\u064a\u0628\u0629 \u0627\u0644\u0623\u0632\u0647\u0627\u0631 - \u0627\u0644\u0631\u0628\u0627\u0637 \u0648\u0627\u0644\u062f\u0627\u0631 \u0627\u0644\u0628\u064a\u0636\u0627\u0621 - \u062f\u064a\u0643\u0648 \u0648\u0645\u0627\u0631\u0643","description":"\u0645\u0646 \u062e\u0644\u0627\u0644 \u0627\u0644\u0627\u0634\u062a\u0631\u0627\u0643 \u0641\u064a \u0628\u0627\u0642\u0627\u062a \u0627\u0644\u0632\u0647\u0648\u0631 \u0641\u064a \u0627\u0644\u0631\u0628\u0627\u0637 \u0648\u0627\u0644\u062f\u0627\u0631 \u0627\u0644\u0628\u064a\u0636\u0627\u0621\u060c \u0633\u062a\u062d\u0635\u0644 \u0628\u0627\u0646\u062a\u0638\u0627\u0645 \u0639\u0644\u0649 \u0628\u0627\u0642\u0627\u062a \u0632\u0647\u0648\u0631 \u0645\u0648\u0633\u0645\u064a\u0629 \u0641\u0631\u064a\u062f\u0629 \u0645\u0646 \u0646\u0648\u0639\u0647\u0627 \u064a\u062a\u0645 \u062a\u0648\u0635\u064a\u0644\u0647\u0627 \u0645\u0628\u0627\u0634\u0631\u0629\u064b \u0625\u0644\u0649 \u0645\u0646\u0632\u0644\u0643 \u0623\u0648 \u0625\u0644\u0649 \u0623\u062d\u0628\u0627\u0626\u0643.","robots":{"index":"index","follow":"follow","max-snippet":"max-snippet:-1","max-image-preview":"max-image-preview:large","max-video-preview":"max-video-preview:-1"},"canonical":"https:\/\/decomarcgifts.com\/ar\/\u0627\u0644\u0627\u0634\u062a\u0631\u0627\u0643\/","og_locale":"ar_AR","og_type":"article","og_title":"Abonnement Compositions Florales \u2013 Rabat & Casablanca - Deco &amp; Marc","og_description":"L'abonnement aux compositions florales \u00e0 Rabat et Casablanca vous permet de recevoir r\u00e9guli\u00e8rement des bouquets uniques et de saison, livr\u00e9s directement chez vous ou \u00e0 vos proches.","og_url":"https:\/\/decomarcgifts.com\/ar\/\u0627\u0644\u0627\u0634\u062a\u0631\u0627\u0643\/","og_site_name":"Deco &amp; Marc","article_modified_time":"2025-10-28T13:43:56+00:00","twitter_card":"summary_large_image","twitter_misc":{"\u0648\u0642\u062a \u0627\u0644\u0642\u0631\u0627\u0621\u0629 \u0627\u0644\u0645\u064f\u0642\u062f\u0651\u0631":"\u062f\u0642\u064a\u0642\u062a\u0627\u0646"},"schema":{"@context":"https:\/\/schema.org","@graph":[{"@type":"WebPage","@id":"https:\/\/decomarcgifts.com\/abonnement\/","url":"https:\/\/decomarcgifts.com\/abonnement\/","name":"\u0627\u0644\u0627\u0634\u062a\u0631\u0627\u0643 \u0641\u064a \u062a\u0631\u0643\u064a\u0628\u0629 \u0627\u0644\u0623\u0632\u0647\u0627\u0631 - \u0627\u0644\u0631\u0628\u0627\u0637 \u0648\u0627\u0644\u062f\u0627\u0631 \u0627\u0644\u0628\u064a\u0636\u0627\u0621 - \u062f\u064a\u0643\u0648 \u0648\u0645\u0627\u0631\u0643","isPartOf":{"@id":"https:\/\/decomarcgifts.com\/#website"},"datePublished":"2025-10-20T14:18:01+00:00","dateModified":"2025-10-28T13:43:56+00:00","description":"\u0645\u0646 \u062e\u0644\u0627\u0644 \u0627\u0644\u0627\u0634\u062a\u0631\u0627\u0643 \u0641\u064a \u0628\u0627\u0642\u0627\u062a \u0627\u0644\u0632\u0647\u0648\u0631 \u0641\u064a \u0627\u0644\u0631\u0628\u0627\u0637 \u0648\u0627\u0644\u062f\u0627\u0631 \u0627\u0644\u0628\u064a\u0636\u0627\u0621\u060c \u0633\u062a\u062d\u0635\u0644 \u0628\u0627\u0646\u062a\u0638\u0627\u0645 \u0639\u0644\u0649 \u0628\u0627\u0642\u0627\u062a \u0632\u0647\u0648\u0631 \u0645\u0648\u0633\u0645\u064a\u0629 \u0641\u0631\u064a\u062f\u0629 \u0645\u0646 \u0646\u0648\u0639\u0647\u0627 \u064a\u062a\u0645 \u062a\u0648\u0635\u064a\u0644\u0647\u0627 \u0645\u0628\u0627\u0634\u0631\u0629\u064b \u0625\u0644\u0649 \u0645\u0646\u0632\u0644\u0643 \u0623\u0648 \u0625\u0644\u0649 \u0623\u062d\u0628\u0627\u0626\u0643.","breadcrumb":{"@id":"https:\/\/decomarcgifts.com\/abonnement\/#breadcrumb"},"inLanguage":"ar","potentialAction":[{"@type":"ReadAction","target":["https:\/\/decomarcgifts.com\/abonnement\/"]}]},{"@type":"BreadcrumbList","@id":"https:\/\/decomarcgifts.com\/abonnement\/#breadcrumb","itemListElement":[{"@type":"ListItem","position":1,"name":"Accueil","item":"https:\/\/decomarcgifts.com\/"},{"@type":"ListItem","position":2,"name":"Abonnement"}]},{"@type":"WebSite","@id":"https:\/\/decomarcgifts.com\/#website","url":"https:\/\/decomarcgifts.com\/","name":"\u062f\u064a\u0643\u0648 \u0648\u0645\u0627\u0631\u0643","description":"\u0623\u0646\u0627\u0642\u0629 \u0623\u0643\u062b\u0631 \u0645\u0646 \u0645\u062b\u0627\u0644\u064a\u0629","potentialAction":[{"@type":"SearchAction","target":{"@type":"EntryPoint","urlTemplate":"https:\/\/decomarcgifts.com\/?s={search_term_string}"},"query-input":{"@type":"PropertyValueSpecification","valueRequired":true,"valueName":"search_term_string"}}],"inLanguage":"ar"}]}},"_links":{"self":[{"href":"https:\/\/decomarcgifts.com\/ar\/wp-json\/wp\/v2\/pages\/11339","targetHints":{"allow":["GET"]}}],"collection":[{"href":"https:\/\/decomarcgifts.com\/ar\/wp-json\/wp\/v2\/pages"}],"about":[{"href":"https:\/\/decomarcgifts.com\/ar\/wp-json\/wp\/v2\/types\/page"}],"author":[{"embeddable":true,"href":"https:\/\/decomarcgifts.com\/ar\/wp-json\/wp\/v2\/users\/1"}],"replies":[{"embeddable":true,"href":"https:\/\/decomarcgifts.com\/ar\/wp-json\/wp\/v2\/comments?post=11339"}],"version-history":[{"count":10,"href":"https:\/\/decomarcgifts.com\/ar\/wp-json\/wp\/v2\/pages\/11339\/revisions"}],"predecessor-version":[{"id":11352,"href":"https:\/\/decomarcgifts.com\/ar\/wp-json\/wp\/v2\/pages\/11339\/revisions\/11352"}],"wp:attachment":[{"href":"https:\/\/decomarcgifts.com\/ar\/wp-json\/wp\/v2\/media?parent=11339"}],"curies":[{"name":"\u062f\u0628\u0644\u064a\u0648 \u0628\u064a","href":"https:\/\/api.w.org\/{rel}","templated":true}]}}